{"id":5440,"date":"2022-06-06T10:40:20","date_gmt":"2022-06-06T14:40:20","guid":{"rendered":"http:\/\/lobster.f\/fsweb\/?page_id=5440"},"modified":"2022-06-08T13:16:27","modified_gmt":"2022-06-08T17:16:27","slug":"duplicate-extraction-fr","status":"publish","type":"page","link":"https:\/\/www.flagshipsoftware.com\/fsweb\/fr\/duplicate-extraction-fr\/","title":{"rendered":"Duplicate Extraction FR"},"content":{"rendered":"\t\t<div data-elementor-type=\"wp-page\" data-elementor-id=\"5440\" class=\"elementor elementor-5440\" data-elementor-post-type=\"page\">\n\t\t\t\t\t\t<section class=\"elementor-section elementor-top-section elementor-element elementor-element-425c422 elementor-section-full_width elementor-section-height-default elementor-section-height-default\" data-id=\"425c422\" data-element_type=\"section\" data-e-type=\"section\" data-settings=\"{&quot;shape_divider_top&quot;:&quot;opacity-fan&quot;}\">\n\t\t\t\t\t<div class=\"elementor-shape elementor-shape-top\" aria-hidden=\"true\" data-negative=\"false\">\n\t\t\t<svg xmlns=\"http:\/\/www.w3.org\/2000\/svg\" viewBox=\"0 0 283.5 19.6\" preserveAspectRatio=\"none\">\n\t<path class=\"elementor-shape-fill\" style=\"opacity:0.33\" d=\"M0 0L0 18.8 141.8 4.1 283.5 18.8 283.5 0z\"\/>\n\t<path class=\"elementor-shape-fill\" style=\"opacity:0.33\" d=\"M0 0L0 12.6 141.8 4 283.5 12.6 283.5 0z\"\/>\n\t<path class=\"elementor-shape-fill\" style=\"opacity:0.33\" d=\"M0 0L0 6.4 141.8 4 283.5 6.4 283.5 0z\"\/>\n\t<path class=\"elementor-shape-fill\" d=\"M0 0L0 1.2 141.8 4 283.5 1.2 283.5 0z\"\/>\n<\/svg>\t\t<\/div>\n\t\t\t\t\t<div class=\"elementor-container elementor-column-gap-default\">\n\t\t\t\t\t<div class=\"elementor-column elementor-col-100 elementor-top-column elementor-element elementor-element-e110f40\" data-id=\"e110f40\" data-element_type=\"column\" data-e-type=\"column\">\n\t\t\t<div class=\"elementor-widget-wrap elementor-element-populated\">\n\t\t\t\t\t\t<div class=\"elementor-element elementor-element-927c838 elementor-widget elementor-widget-spacer\" data-id=\"927c838\" data-element_type=\"widget\" data-e-type=\"widget\" data-widget_type=\"spacer.default\">\n\t\t\t\t<div class=\"elementor-widget-container\">\n\t\t\t\t\t\t\t<div class=\"elementor-spacer\">\n\t\t\t<div class=\"elementor-spacer-inner\"><\/div>\n\t\t<\/div>\n\t\t\t\t\t\t<\/div>\n\t\t\t\t<\/div>\n\t\t\t\t<div class=\"elementor-element elementor-element-36f5948 elementor-widget elementor-widget-heading\" data-id=\"36f5948\" data-element_type=\"widget\" data-e-type=\"widget\" data-widget_type=\"heading.default\">\n\t\t\t\t<div class=\"elementor-widget-container\">\n\t\t\t\t\t<h1 class=\"elementor-heading-title elementor-size-default\">Extraction prioritaire des doublons<\/h1>\t\t\t\t<\/div>\n\t\t\t\t<\/div>\n\t\t\t\t<div class=\"elementor-element elementor-element-344e7e4 elementor-widget elementor-widget-spacer\" data-id=\"344e7e4\" data-element_type=\"widget\" data-e-type=\"widget\" data-widget_type=\"spacer.default\">\n\t\t\t\t<div class=\"elementor-widget-container\">\n\t\t\t\t\t\t\t<div class=\"elementor-spacer\">\n\t\t\t<div class=\"elementor-spacer-inner\"><\/div>\n\t\t<\/div>\n\t\t\t\t\t\t<\/div>\n\t\t\t\t<\/div>\n\t\t\t\t\t<\/div>\n\t\t<\/div>\n\t\t\t\t\t<\/div>\n\t\t<\/section>\n\t\t\t\t<section class=\"elementor-section elementor-top-section elementor-element elementor-element-c435a6c elementor-section-boxed elementor-section-height-default elementor-section-height-default\" data-id=\"c435a6c\" data-element_type=\"section\" data-e-type=\"section\">\n\t\t\t\t\t\t<div class=\"elementor-container elementor-column-gap-default\">\n\t\t\t\t\t<div class=\"elementor-column elementor-col-50 elementor-top-column elementor-element elementor-element-d879dbf\" data-id=\"d879dbf\" data-element_type=\"column\" data-e-type=\"column\">\n\t\t\t<div class=\"elementor-widget-wrap elementor-element-populated\">\n\t\t\t\t\t\t<div class=\"elementor-element elementor-element-f2440bd elementor-widget elementor-widget-text-editor\" data-id=\"f2440bd\" data-element_type=\"widget\" data-e-type=\"widget\" data-widget_type=\"text-editor.default\">\n\t\t\t\t<div class=\"elementor-widget-container\">\n\t\t\t\t\t\t\t\t\t<p>L&#8217;utilitaire d&#8217;extraction des doublons vous permet d&#8217;identifier et de supprimer de mani\u00e8re s\u00e9lective les enregistrements en double de votre base de donn\u00e9es. Si vous fusionnez 2 fichiers ou plus, vous pouvez identifier les enregistrements qui sont communs entre eux. Ceci est utile pour supprimer les listes de suppression, \u00e9galement appel\u00e9es Kill Files.<\/p><p>Dans le menu Gestion des adresses, s\u00e9lectionnez \u00ab Extraction prioritaire des doublons \u00bb. Cliquez sur &#8220;Traiter&#8221; pour pr\u00e9former l&#8217;extraction.<\/p><p>Par d\u00e9faut, iAddress\u2122 v\u00e9rifie les enregistrements en double en fonction de l&#8217;adresse. Vous pouvez personnaliser votre duplication en choisissant une partie, la totalit\u00e9 ou aucune partie de l&#8217;adresse. \u00ab Ville \u00bb n&#8217;est pas s\u00e9lectionn\u00e9 par d\u00e9faut pour prendre en compte les autres noms de ville (par exemple Elk Falls, BC\/Campbell River, BC ou North York, ON\/Downsview, ON).<\/p><p>Vous pouvez \u00e9galement inclure d&#8217;autres champs pour identifier les doublons. Ceux-ci sont les suivants :<\/p><p><strong>Pr\u00e9nom<\/strong><\/p><p>Tous les enregistrements avec le m\u00eame pr\u00e9nom seront identifi\u00e9s. Le pr\u00e9nom ne sera disponible que si vous avez li\u00e9 le champ du pr\u00e9nom lors de la cr\u00e9ation de votre travail.<\/p><p><strong>Nom de famille<\/strong><\/p><p>Les enregistrements avec le m\u00eame nom de famille seront identifi\u00e9s. Le nom de famille ne sera disponible que si vous avez li\u00e9 le champ Nom de famille lors de la cr\u00e9ation de votre travail.<\/p><p><strong>Ligne de nom (1, 2, 3)<\/strong><\/p><p>Les enregistrements contenant les m\u00eames informations dans la ligne de nom appropri\u00e9e seront marqu\u00e9s comme doublons.<\/p><p><strong><span style=\"font-style: inherit; color: var( --e-global-color-text ); font-family: var( --e-global-typography-text-font-family ), Sans-serif;\">Noms partiels<\/span><\/strong><\/p><p><span style=\"font-style: inherit; font-weight: inherit; color: var( --e-global-color-text ); font-family: var( --e-global-typography-text-font-family ), Sans-serif;\">Les enregistrements sont identifi\u00e9s si les noms sont similaires. Par exemple, Commercial Bank, Commercial Bank of Canada et Commercial seraient consid\u00e9r\u00e9s comme des doublons tant que les adresses \u00e9taient les m\u00eames.<\/span><\/p><p><strong><span style=\"font-style: inherit; color: var( --e-global-color-text ); font-family: var( --e-global-typography-text-font-family ), Sans-serif;\">Ignorer les adresses rurales<\/span><\/strong><span style=\"font-style: inherit; font-weight: inherit; color: var( --e-global-color-text ); font-family: var( --e-global-typography-text-font-family ), Sans-serif;\">\u00a0<\/span><\/p><p>By selecting this option, iAddress\u2122 will not check rural addresses for duplicates.\u00a0<span style=\"font-style: inherit; font-weight: inherit; color: var( --e-global-color-text ); font-family: var( --e-global-typography-text-font-family ), Sans-serif;\">En s\u00e9lectionnant cette option, iAddress\u2122 ne v\u00e9rifiera pas les adresses rurales pour les doublons.<\/span><\/p><p><strong>Les lignes vides et non vides ne sont pas dupliqu\u00e9es<\/strong><\/p><p>Si aucune donn\u00e9e n&#8217;est contenue dans un champ, iAddress\u2122 consid\u00e9rera qu&#8217;il s&#8217;agit d&#8217;une entr\u00e9e unique et ne l&#8217;associera pas \u00e0 des entr\u00e9es non vides.<\/p><p>Les enregistrements avec tous les noms vides ne font pas partie du traitement des doublons<\/p><p>Tous les enregistrements dont tous les champs de nom sont vides sont exclus du processus lors de la v\u00e9rification des doublons.<\/p><p>Les enregistrements avec tous les noms vides ne font pas partie du traitement des doublons<\/p><p>Tous les enregistrements dont tous les champs de nom sont vides sont exclus du processus lors de la v\u00e9rification des doublons.<\/p><p><strong>Pourcentage de correspondance<\/strong><\/p><p>La valeur en pourcentage saisie dans cette zone permet \u00e0 l&#8217;utilisateur de d\u00e9terminer dans quelle mesure deux champs de nom doivent \u00eatre similaires avant qu&#8217;ils ne soient identifi\u00e9s comme doublons. Plus le pourcentage est \u00e9lev\u00e9, plus les deux champs de nom doivent correspondre exactement. Pour trouver des correspondances exactes, le pourcentage doit \u00eatre d\u00e9fini sur 100. La diminution de la valeur du pourcentage permettra des fautes d&#8217;orthographe.<\/p><p><strong>Traitement des doublons<\/strong><\/p><p>Pour v\u00e9rifier les doublons dans votre base de donn\u00e9es, s\u00e9lectionnez le bouton &#8220;Traiter&#8221; et la barre de progression s&#8217;affichera au-dessus des boutons. Tous les enregistrements identifi\u00e9s comme doublons sont signal\u00e9s\u00a0; les enregistrements communs sont ceux identifi\u00e9s dans votre liste de suppression (Kill File) qui apparaissent dans toutes les autres bases de donn\u00e9es fusionn\u00e9es dans votre travail.<\/p><p>Une fois le traitement termin\u00e9, vous pouvez choisir d&#8217;afficher vos enregistrements en double ou communs ou de les supprimer.<\/p><p><strong>Rapport en double<\/strong><\/p><p>Cliquez sur Imprimer le rapport pour produire une description d\u00e9taill\u00e9e de vos r\u00e9sultats d&#8217;extraction de doublons.<\/p><p><strong>Pour afficher les doublons<\/strong><\/p><p>La s\u00e9lection de Afficher\/Imprimer ouvre l&#8217;\u00e9cran Afficher la base de donn\u00e9es avec les doublons s\u00e9lectionn\u00e9s. \u00c0 partir de cet \u00e9cran, vous pouvez imprimer une liste d&#8217;adresses en double ou les supprimer de mani\u00e8re s\u00e9lective. Vous pouvez \u00e9galement marquer ou retirer le drapeau des enregistrements en tant que <strong>doublons.<\/strong><\/p><p><strong>Suppression des doublons<\/strong><\/p><p>Les doublons peuvent \u00eatre automatiquement supprim\u00e9s \u00e0 l&#8217;aide de Supprimer les adresses en double.<\/p><p>Noter:<\/p><p>iAddress\u2122 conservera automatiquement la premi\u00e8re occurrence des adresses et supprimera tous les doublons suppl\u00e9mentaires trouv\u00e9s.<br \/>Les informations sur les doublons peuvent \u00eatre export\u00e9es \u00e0 l&#8217;aide de l&#8217;option Champs de contr\u00f4le suppl\u00e9mentaires sur l&#8217;\u00e9cran Exporter la base de donn\u00e9es.<\/p><p><strong>Pour ex\u00e9cuter votre travail<\/strong><\/p><p>Apr\u00e8s avoir s\u00e9lectionn\u00e9 toutes vos options, cliquez sur &#8220;Traiter&#8221;.<br \/>Pour arr\u00eater ce processus en cours d&#8217;ex\u00e9cution, cliquez sur &#8220;Annuler&#8221;.<\/p><p><strong>Utiliser un fichier kill<\/strong><\/p><p>Les fichiers Kill\/Do Not Mail (listes de suppression) sont utilis\u00e9s pour supprimer des adresses de la ou des bases de donn\u00e9es principales. Si vous avez fusionn\u00e9 plus de 2 fichiers, vous devrez identifier le fichier kill. Cliquez sur le bouton &#8220;Select Kill File&#8221; et choisissez le fichier appropri\u00e9. Apr\u00e8s traitement, tous les enregistrements correspondant au fichier Kill seront marqu\u00e9s comme communs. Vous pouvez visualiser, imprimer et\/ou exporter ces enregistrements. Lorsque vous \u00eates pr\u00eat \u00e0 supprimer le fichier Kill et tous les enregistrements correspondants, cliquez sur soustraire.<\/p><p><strong>D\u00e9finition des priorit\u00e9s pour les doublons<\/strong><\/p><p>Vous pouvez d\u00e9cider lequel de vos crit\u00e8res d&#8217;identification en double est le plus important en d\u00e9finissant des priorit\u00e9s.<\/p><p><strong>D\u00e9doublonnage avant correction<\/strong><\/p><p>Si vous traitez vos doublons avant de corriger votre fichier, vous devez choisir l&#8217;option Effectuer une pr\u00e9correction. Cette option corrige et standardise vos enregistrements pour produire les meilleurs r\u00e9sultats.<\/p><p>Une fois vos crit\u00e8res et options s\u00e9lectionn\u00e9s, cliquez sur D\u00e9finir la priorit\u00e9. L&#8217;\u00e9cran suivant va apparaitre. Vous pouvez d\u00e9terminer quelles options sont les plus importantes en les d\u00e9pla\u00e7ant de haut en bas dans la liste. Si vous ne souhaitez pas utiliser une option particuli\u00e8re, vous pouvez les supprimer. Vous pouvez d\u00e9placer les \u00e9l\u00e9ments li\u00e9s \u00e0 chaque option dans la zone de droite. Vous pouvez \u00e9galement les supprimer, s&#8217;ils ne sont pas importants pour votre extraction des doublons.<\/p><p><strong>Longueur<\/strong><\/p><p>Cette option s\u00e9lectionne le doublon avec le plus grand nombre de caract\u00e8res. Par exemple, si cette option \u00e9tait s\u00e9lectionn\u00e9e pour le champ Pr\u00e9nom, JONATHON serait consid\u00e9r\u00e9 comme un doublon de priorit\u00e9 sup\u00e9rieure \u00e0 J ou JOHN. Lorsque vous supprimez vos doublons, JONATHON serait conserv\u00e9 tandis que J et JOHN seraient supprim\u00e9s.<\/p><p><strong>Commande de fichiers<\/strong><\/p><p>Si vous avez fusionn\u00e9 deux fichiers ou plus, vous pouvez d\u00e9terminer quel fichier est le plus important lors de la d\u00e9termination des doublons. Par exemple, si le troisi\u00e8me fichier que vous fusionnez dans votre travail est votre liste de clients principale, vous pouvez la s\u00e9lectionner comme priorit\u00e9. Si des doublons sont trouv\u00e9s dans votre dossier, les doublons trouv\u00e9s dans votre liste de clients principale seront consid\u00e9r\u00e9s comme une priorit\u00e9 plus \u00e9lev\u00e9e. Lorsque vous supprimez vos doublons, l&#8217;enregistrement de ce fichier sera conserv\u00e9 tandis que les autres seront supprim\u00e9s.<\/p><p><strong>Langue<\/strong><\/p><p>Cette option priorisera les doublons par langue. Si l&#8217;anglais a \u00e9t\u00e9 s\u00e9lectionn\u00e9 comme priorit\u00e9, les doublons fran\u00e7ais seront supprim\u00e9s avant les doublons anglais.<\/p><p><strong>Correct ou valide<\/strong><\/p><p>Une partie du processus de normalisation standard implique une correction\/validation. Vous pouvez utiliser ces informations pour d\u00e9finir des priorit\u00e9s avec vos doublons. En s\u00e9lectionnant cette option, lorsque des doublons sont trouv\u00e9s, les adresses valides recevront une priorit\u00e9 plus \u00e9lev\u00e9e. Lorsque vous supprimez vos doublons, un enregistrement valide sera conserv\u00e9 tandis que les autres seront supprim\u00e9s.<\/p><p><strong>Al\u00e9atoire<\/strong><\/p><p>Si deux entr\u00e9es ou plus sont des correspondances exactes, cette option en s\u00e9lectionne une au hasard parmi les autres. Cette option est toujours le &#8220;dernier recours&#8221;, c&#8217;est-\u00e0-dire que si d&#8217;autres priorit\u00e9s ont \u00e9t\u00e9 s\u00e9lectionn\u00e9es et qu&#8217;il reste encore des doublons, la s\u00e9lection al\u00e9atoire aura lieu.<\/p><p>Noter:<\/p><p>La liste d\u00e9roulante \u00e0 c\u00f4t\u00e9 de D\u00e9finir les priorit\u00e9s affiche les priorit\u00e9s que vous avez s\u00e9lectionn\u00e9es et l&#8217;ordre dans lequel elles seront appliqu\u00e9es \u00e0 votre t\u00e2che.<\/p><p><strong>Cr\u00e9ation d&#8217;enregistrements sup\u00e9rieure<\/strong><\/p><p>Cette option vous permet de cr\u00e9er un enregistrement en utilisant des parties de deux ou plusieurs enregistrements en double. Une fois que vous avez trait\u00e9 vos doublons, vous pouvez acc\u00e9der \u00e0 cette fonction en cliquant sur le bouton \u00ab\u00a0Afficher\/Imprimer\u00a0\u00bb et en s\u00e9lectionnant \u00ab\u00a0Fusionner\u00a0\u00bb dans l&#8217;\u00e9cran Afficher la base de donn\u00e9es. Vous pouvez ensuite s\u00e9lectionner des composants de chaque enregistrement en double pour cr\u00e9er une seule entr\u00e9e dans votre base de donn\u00e9es<\/p>\t\t\t\t\t\t\t\t<\/div>\n\t\t\t\t<\/div>\n\t\t\t\t\t<\/div>\n\t\t<\/div>\n\t\t\t\t<div class=\"elementor-column elementor-col-50 elementor-top-column elementor-element elementor-element-cc2ddba\" data-id=\"cc2ddba\" data-element_type=\"column\" data-e-type=\"column\">\n\t\t\t<div class=\"elementor-widget-wrap elementor-element-populated\">\n\t\t\t\t\t\t<div class=\"elementor-element elementor-element-23cbe7b elementor-widget elementor-widget-image\" data-id=\"23cbe7b\" data-element_type=\"widget\" data-e-type=\"widget\" data-widget_type=\"image.default\">\n\t\t\t\t<div class=\"elementor-widget-container\">\n\t\t\t\t\t\t\t\t\t\t\t\t\t\t\t<img fetchpriority=\"high\" decoding=\"async\" width=\"631\" height=\"391\" src=\"https:\/\/www.flagshipsoftware.com\/fsweb\/wp-content\/uploads\/2022\/06\/Priority-Duplicate-Extraction.FR_.1.png\" class=\"attachment-medium_large size-medium_large wp-image-5525\" alt=\"\" \/>\t\t\t\t\t\t\t\t\t\t\t\t\t\t\t<\/div>\n\t\t\t\t<\/div>\n\t\t\t\t<div class=\"elementor-element elementor-element-7232fec elementor-widget elementor-widget-image\" data-id=\"7232fec\" data-element_type=\"widget\" data-e-type=\"widget\" data-widget_type=\"image.default\">\n\t\t\t\t<div class=\"elementor-widget-container\">\n\t\t\t\t\t\t\t\t\t\t\t\t\t\t\t<img decoding=\"async\" width=\"1024\" height=\"550\" src=\"https:\/\/www.flagshipsoftware.com\/fsweb\/wp-content\/uploads\/2022\/06\/Priority-Duplicate-Extraction.FR_.2.png\" class=\"attachment-large size-large wp-image-5443\" alt=\"\" \/>\t\t\t\t\t\t\t\t\t\t\t\t\t\t\t<\/div>\n\t\t\t\t<\/div>\n\t\t\t\t<div class=\"elementor-element elementor-element-cb53678 elementor-widget elementor-widget-image\" data-id=\"cb53678\" data-element_type=\"widget\" data-e-type=\"widget\" data-widget_type=\"image.default\">\n\t\t\t\t<div class=\"elementor-widget-container\">\n\t\t\t\t\t\t\t\t\t\t\t\t\t\t\t<img decoding=\"async\" width=\"381\" height=\"149\" src=\"https:\/\/www.flagshipsoftware.com\/fsweb\/wp-content\/uploads\/2022\/06\/Priority-Duplicate-Extraction.FR_.3.png\" class=\"attachment-large size-large wp-image-5530\" alt=\"\" \/>\t\t\t\t\t\t\t\t\t\t\t\t\t\t\t<\/div>\n\t\t\t\t<\/div>\n\t\t\t\t<div class=\"elementor-element elementor-element-ac019f1 elementor-widget elementor-widget-image\" data-id=\"ac019f1\" data-element_type=\"widget\" data-e-type=\"widget\" data-widget_type=\"image.default\">\n\t\t\t\t<div class=\"elementor-widget-container\">\n\t\t\t\t\t\t\t\t\t\t\t\t\t\t\t<img loading=\"lazy\" decoding=\"async\" width=\"589\" height=\"337\" src=\"https:\/\/www.flagshipsoftware.com\/fsweb\/wp-content\/uploads\/2022\/06\/Priority-Duplicate-Extraction.FR_.4.png\" class=\"attachment-large size-large wp-image-5444\" alt=\"\" \/>\t\t\t\t\t\t\t\t\t\t\t\t\t\t\t<\/div>\n\t\t\t\t<\/div>\n\t\t\t\t\t<\/div>\n\t\t<\/div>\n\t\t\t\t\t<\/div>\n\t\t<\/section>\n\t\t\t\t<\/div>\n\t\t","protected":false},"excerpt":{"rendered":"<p>Extraction prioritaire des doublons L&#8217;utilitaire d&#8217;extraction des doublons vous permet d&#8217;identifier et de supprimer de mani\u00e8re s\u00e9lective les enregistrements en double de votre base de donn\u00e9es. Si vous fusionnez 2 fichiers ou plus, vous pouvez identifier les enregistrements qui sont communs entre eux. Ceci est utile pour supprimer les listes de suppression, \u00e9galement appel\u00e9es Kill [&hellip;]<\/p>\n","protected":false},"author":2,"featured_media":0,"parent":0,"menu_order":0,"comment_status":"closed","ping_status":"closed","template":"elementor_header_footer","meta":{"site-sidebar-layout":"no-sidebar","site-content-layout":"page-builder","ast-site-content-layout":"default","site-content-style":"default","site-sidebar-style":"default","ast-global-header-display":"","ast-banner-title-visibility":"","ast-main-header-display":"","ast-hfb-above-header-display":"","ast-hfb-below-header-display":"","ast-hfb-mobile-header-display":"","site-post-title":"disabled","ast-breadcrumbs-content":"","ast-featured-img":"disabled","footer-sml-layout":"","ast-disable-related-posts":"","theme-transparent-header-meta":"","adv-header-id-meta":"","stick-header-meta":"","header-above-stick-meta":"","header-main-stick-meta":"","header-below-stick-meta":"","astra-migrate-meta-layouts":"default","ast-page-background-enabled":"default","ast-page-background-meta":{"desktop":{"background-color":"","background-image":"","background-repeat":"repeat","background-position":"center center","background-size":"auto","background-attachment":"scroll","background-type":"","background-media":"","overlay-type":"","overlay-color":"","overlay-opacity":"","overlay-gradient":""},"tablet":{"background-color":"","background-image":"","background-repeat":"repeat","background-position":"center center","background-size":"auto","background-attachment":"scroll","background-type":"","background-media":"","overlay-type":"","overlay-color":"","overlay-opacity":"","overlay-gradient":""},"mobile":{"background-color":"","background-image":"","background-repeat":"repeat","background-position":"center center","background-size":"auto","background-attachment":"scroll","background-type":"","background-media":"","overlay-type":"","overlay-color":"","overlay-opacity":"","overlay-gradient":""}},"ast-content-background-meta":{"desktop":{"background-color":"var(--ast-global-color-5)","background-image":"","background-repeat":"repeat","background-position":"center center","background-size":"auto","background-attachment":"scroll","background-type":"","background-media":"","overlay-type":"","overlay-color":"","overlay-opacity":"","overlay-gradient":""},"tablet":{"background-color":"var(--ast-global-color-5)","background-image":"","background-repeat":"repeat","background-position":"center center","background-size":"auto","background-attachment":"scroll","background-type":"","background-media":"","overlay-type":"","overlay-color":"","overlay-opacity":"","overlay-gradient":""},"mobile":{"background-color":"var(--ast-global-color-5)","background-image":"","background-repeat":"repeat","background-position":"center center","background-size":"auto","background-attachment":"scroll","background-type":"","background-media":"","overlay-type":"","overlay-color":"","overlay-opacity":"","overlay-gradient":""}},"footnotes":""},"class_list":["post-5440","page","type-page","status-publish","hentry"],"_links":{"self":[{"href":"https:\/\/www.flagshipsoftware.com\/fsweb\/wp-json\/wp\/v2\/pages\/5440","targetHints":{"allow":["GET"]}}],"collection":[{"href":"https:\/\/www.flagshipsoftware.com\/fsweb\/wp-json\/wp\/v2\/pages"}],"about":[{"href":"https:\/\/www.flagshipsoftware.com\/fsweb\/wp-json\/wp\/v2\/types\/page"}],"author":[{"embeddable":true,"href":"https:\/\/www.flagshipsoftware.com\/fsweb\/wp-json\/wp\/v2\/users\/2"}],"replies":[{"embeddable":true,"href":"https:\/\/www.flagshipsoftware.com\/fsweb\/wp-json\/wp\/v2\/comments?post=5440"}],"version-history":[{"count":10,"href":"https:\/\/www.flagshipsoftware.com\/fsweb\/wp-json\/wp\/v2\/pages\/5440\/revisions"}],"predecessor-version":[{"id":5533,"href":"https:\/\/www.flagshipsoftware.com\/fsweb\/wp-json\/wp\/v2\/pages\/5440\/revisions\/5533"}],"wp:attachment":[{"href":"https:\/\/www.flagshipsoftware.com\/fsweb\/wp-json\/wp\/v2\/media?parent=5440"}],"curies":[{"name":"wp","href":"https:\/\/api.w.org\/{rel}","templated":true}]}}