{"id":5453,"date":"2022-06-06T13:00:21","date_gmt":"2022-06-06T17:00:21","guid":{"rendered":"http:\/\/lobster.f\/fsweb\/?page_id=5453"},"modified":"2022-06-06T13:09:45","modified_gmt":"2022-06-06T17:09:45","slug":"about-fr","status":"publish","type":"page","link":"https:\/\/www.flagshipsoftware.com\/fsweb\/fr\/about-fr\/","title":{"rendered":"About FR"},"content":{"rendered":"\t\t<div data-elementor-type=\"wp-page\" data-elementor-id=\"5453\" class=\"elementor elementor-5453\" data-elementor-post-type=\"page\">\n\t\t\t\t\t\t<section class=\"elementor-section elementor-top-section elementor-element elementor-element-5131a13e elementor-section-boxed elementor-section-height-default elementor-section-height-default\" data-id=\"5131a13e\" data-element_type=\"section\" data-settings=\"{&quot;background_background&quot;:&quot;classic&quot;}\">\n\t\t\t\t\t\t\t<div class=\"elementor-background-overlay\"><\/div>\n\t\t\t\t\t\t\t<div class=\"elementor-container elementor-column-gap-default\">\n\t\t\t\t\t<div class=\"elementor-column elementor-col-100 elementor-top-column elementor-element elementor-element-1053ca7a\" data-id=\"1053ca7a\" data-element_type=\"column\">\n\t\t\t<div class=\"elementor-widget-wrap elementor-element-populated\">\n\t\t\t\t\t\t<div class=\"elementor-element elementor-element-3d99e122 elementor-widget elementor-widget-heading\" data-id=\"3d99e122\" data-element_type=\"widget\" data-widget_type=\"heading.default\">\n\t\t\t\t<div class=\"elementor-widget-container\">\n\t\t\t\t\t<h1 class=\"elementor-heading-title elementor-size-default\">\u00c0 Propos de Nous<\/h1>\t\t\t\t<\/div>\n\t\t\t\t<\/div>\n\t\t\t\t\t<\/div>\n\t\t<\/div>\n\t\t\t\t\t<\/div>\n\t\t<\/section>\n\t\t\t\t<section class=\"elementor-section elementor-top-section elementor-element elementor-element-247aac8 elementor-section-boxed elementor-section-height-default elementor-section-height-default\" data-id=\"247aac8\" data-element_type=\"section\">\n\t\t\t\t\t\t<div class=\"elementor-container elementor-column-gap-default\">\n\t\t\t\t\t<div class=\"elementor-column elementor-col-100 elementor-top-column elementor-element elementor-element-c27d807\" data-id=\"c27d807\" data-element_type=\"column\">\n\t\t\t<div class=\"elementor-widget-wrap elementor-element-populated\">\n\t\t\t\t\t\t<div class=\"elementor-element elementor-element-c040186 elementor-widget elementor-widget-spacer\" data-id=\"c040186\" data-element_type=\"widget\" data-widget_type=\"spacer.default\">\n\t\t\t\t<div class=\"elementor-widget-container\">\n\t\t\t\t\t\t\t<div class=\"elementor-spacer\">\n\t\t\t<div class=\"elementor-spacer-inner\"><\/div>\n\t\t<\/div>\n\t\t\t\t\t\t<\/div>\n\t\t\t\t<\/div>\n\t\t\t\t<div class=\"elementor-element elementor-element-7a118dc elementor-widget elementor-widget-heading\" data-id=\"7a118dc\" data-element_type=\"widget\" data-widget_type=\"heading.default\">\n\t\t\t\t<div class=\"elementor-widget-container\">\n\t\t\t\t\t<h1 class=\"elementor-heading-title elementor-size-xl\">Flagship Software Ltd.<\/h1>\t\t\t\t<\/div>\n\t\t\t\t<\/div>\n\t\t\t\t\t<\/div>\n\t\t<\/div>\n\t\t\t\t\t<\/div>\n\t\t<\/section>\n\t\t\t\t<section class=\"elementor-section elementor-top-section elementor-element elementor-element-35356e9 elementor-section-boxed elementor-section-height-default elementor-section-height-default\" data-id=\"35356e9\" data-element_type=\"section\">\n\t\t\t\t\t\t<div class=\"elementor-container elementor-column-gap-default\">\n\t\t\t\t\t<div class=\"elementor-column elementor-col-100 elementor-top-column elementor-element elementor-element-12828af\" data-id=\"12828af\" data-element_type=\"column\">\n\t\t\t<div class=\"elementor-widget-wrap elementor-element-populated\">\n\t\t\t\t\t\t<div class=\"elementor-element elementor-element-db27f6e elementor-widget elementor-widget-text-editor\" data-id=\"db27f6e\" data-element_type=\"widget\" data-widget_type=\"text-editor.default\">\n\t\t\t\t<div class=\"elementor-widget-container\">\n\t\t\t\t\t\t\t\t\t<p>Nous fournissons des solutions logicielles de qualit\u00e9, des services de programmation personnalis\u00e9s, un support r\u00e9seau et syst\u00e8me depuis 1992. Nous avons fourni le d\u00e9veloppement de logiciels personnalis\u00e9s dans le monde entier et nos produits logiciels sont vendus en Am\u00e9rique du Nord et en Europe.<\/p><p>Notre premier produit, iAddress\u2122, a \u00e9t\u00e9 lanc\u00e9 en 2000 et d\u00e9velopp\u00e9 comme un produit de haute qualit\u00e9, complet et convivial, con\u00e7u sp\u00e9cifiquement pour les besoins de l&#8217;industrie du courrier. Alors que le march\u00e9 continuait d&#8217;exiger une correction plus rapide, plus intuitive et solidement fiable, quel que soit le format d&#8217;entr\u00e9e ou la qualit\u00e9 des bases de donn\u00e9es, nous avons continu\u00e9 d&#8217;am\u00e9liorer et d&#8217;affiner notre expertise pour devenir le chef de file du march\u00e9 des logiciels de gestion d&#8217;adresses au Canada et fournir une solution int\u00e9gr\u00e9e Canada-\u00c9tats-Unis. produit.<\/p><p>En plus de ces produits, notre division de conseil a \u00e9t\u00e9 impliqu\u00e9e dans le d\u00e9veloppement de syst\u00e8mes d&#8217;entreprise, y compris l&#8217;automatisation CRM, les syst\u00e8mes bas\u00e9s sur le Web, l&#8217;int\u00e9gration \u00e0 grande \u00e9chelle et les probl\u00e8mes d&#8217;internationalisation. Les responsabilit\u00e9s du personnel de consultation comprennent la mise en \u0153uvre de solutions de planification des stocks, des projets d&#8217;entreposage de donn\u00e9es et des solutions logicielles personnalis\u00e9es pour de nombreuses entreprises canadiennes et internationales.<\/p><p>Flagship Software Ltd. peut fournir des solutions commerciales compl\u00e8tes, y compris l&#8217;int\u00e9gration de logiciels, la mise en \u0153uvre, la documentation, la formation et l&#8217;\u00e9ducation th\u00e9matique. La formation aux syst\u00e8mes et le support client de qualit\u00e9 sont l&#8217;un de nos domaines d&#8217;expertise, aidant les clients \u00e0 g\u00e9rer plus efficacement leurs propres syst\u00e8mes.<\/p><p>L&#8217;exp\u00e9rience et l&#8217;expertise de Flagship Software Ltd. signifient un service de qualit\u00e9 pour nos clients. Nous combinons une large base de programmation, de mat\u00e9riel, de logiciels et de connaissances en r\u00e9seau avec du mat\u00e9riel de haute qualit\u00e9, un service sup\u00e9rieur et une exp\u00e9rience de formation afin que nous puissions r\u00e9pondre aux besoins de nos clients de mani\u00e8re rapide, efficace et rentable.<\/p>\t\t\t\t\t\t\t\t<\/div>\n\t\t\t\t<\/div>\n\t\t\t\t\t<\/div>\n\t\t<\/div>\n\t\t\t\t\t<\/div>\n\t\t<\/section>\n\t\t\t\t<\/div>\n\t\t","protected":false},"excerpt":{"rendered":"<p>\u00c0 Propos de Nous Flagship Software Ltd. Nous fournissons des solutions logicielles de qualit\u00e9, des services de programmation personnalis\u00e9s, un support r\u00e9seau et syst\u00e8me depuis 1992. Nous avons fourni le d\u00e9veloppement de logiciels personnalis\u00e9s dans le monde entier et nos produits logiciels sont vendus en Am\u00e9rique du Nord et en Europe. Notre premier produit, iAddress\u2122, [&hellip;]<\/p>\n","protected":false},"author":2,"featured_media":0,"parent":0,"menu_order":0,"comment_status":"closed","ping_status":"closed","template":"elementor_header_footer","meta":{"site-sidebar-layout":"no-sidebar","site-content-layout":"page-builder","ast-site-content-layout":"default","site-content-style":"default","site-sidebar-style":"default","ast-global-header-display":"","ast-banner-title-visibility":"","ast-main-header-display":"","ast-hfb-above-header-display":"","ast-hfb-below-header-display":"","ast-hfb-mobile-header-display":"","site-post-title":"disabled","ast-breadcrumbs-content":"","ast-featured-img":"disabled","footer-sml-layout":"","ast-disable-related-posts":"","theme-transparent-header-meta":"","adv-header-id-meta":"","stick-header-meta":"","header-above-stick-meta":"","header-main-stick-meta":"","header-below-stick-meta":"","astra-migrate-meta-layouts":"default","ast-page-background-enabled":"default","ast-page-background-meta":{"desktop":{"background-color":"","background-image":"","background-repeat":"repeat","background-position":"center center","background-size":"auto","background-attachment":"scroll","background-type":"","background-media":"","overlay-type":"","overlay-color":"","overlay-opacity":"","overlay-gradient":""},"tablet":{"background-color":"","background-image":"","background-repeat":"repeat","background-position":"center center","background-size":"auto","background-attachment":"scroll","background-type":"","background-media":"","overlay-type":"","overlay-color":"","overlay-opacity":"","overlay-gradient":""},"mobile":{"background-color":"","background-image":"","background-repeat":"repeat","background-position":"center center","background-size":"auto","background-attachment":"scroll","background-type":"","background-media":"","overlay-type":"","overlay-color":"","overlay-opacity":"","overlay-gradient":""}},"ast-content-background-meta":{"desktop":{"background-color":"var(--ast-global-color-5)","background-image":"","background-repeat":"repeat","background-position":"center center","background-size":"auto","background-attachment":"scroll","background-type":"","background-media":"","overlay-type":"","overlay-color":"","overlay-opacity":"","overlay-gradient":""},"tablet":{"background-color":"var(--ast-global-color-5)","background-image":"","background-repeat":"repeat","background-position":"center center","background-size":"auto","background-attachment":"scroll","background-type":"","background-media":"","overlay-type":"","overlay-color":"","overlay-opacity":"","overlay-gradient":""},"mobile":{"background-color":"var(--ast-global-color-5)","background-image":"","background-repeat":"repeat","background-position":"center center","background-size":"auto","background-attachment":"scroll","background-type":"","background-media":"","overlay-type":"","overlay-color":"","overlay-opacity":"","overlay-gradient":""}},"footnotes":""},"class_list":["post-5453","page","type-page","status-publish","hentry"],"_links":{"self":[{"href":"https:\/\/www.flagshipsoftware.com\/fsweb\/wp-json\/wp\/v2\/pages\/5453","targetHints":{"allow":["GET"]}}],"collection":[{"href":"https:\/\/www.flagshipsoftware.com\/fsweb\/wp-json\/wp\/v2\/pages"}],"about":[{"href":"https:\/\/www.flagshipsoftware.com\/fsweb\/wp-json\/wp\/v2\/types\/page"}],"author":[{"embeddable":true,"href":"https:\/\/www.flagshipsoftware.com\/fsweb\/wp-json\/wp\/v2\/users\/2"}],"replies":[{"embeddable":true,"href":"https:\/\/www.flagshipsoftware.com\/fsweb\/wp-json\/wp\/v2\/comments?post=5453"}],"version-history":[{"count":4,"href":"https:\/\/www.flagshipsoftware.com\/fsweb\/wp-json\/wp\/v2\/pages\/5453\/revisions"}],"predecessor-version":[{"id":5457,"href":"https:\/\/www.flagshipsoftware.com\/fsweb\/wp-json\/wp\/v2\/pages\/5453\/revisions\/5457"}],"wp:attachment":[{"href":"https:\/\/www.flagshipsoftware.com\/fsweb\/wp-json\/wp\/v2\/media?parent=5453"}],"curies":[{"name":"wp","href":"https:\/\/api.w.org\/{rel}","templated":true}]}}