{"id":5466,"date":"2022-06-06T13:40:21","date_gmt":"2022-06-06T17:40:21","guid":{"rendered":"http:\/\/lobster.f\/fsweb\/?page_id=5466"},"modified":"2022-06-06T13:41:27","modified_gmt":"2022-06-06T17:41:27","slug":"accessibility-fr","status":"publish","type":"page","link":"https:\/\/www.flagshipsoftware.com\/fsweb\/fr\/accessibility-fr\/","title":{"rendered":"Accessibility FR"},"content":{"rendered":"\t\t<div data-elementor-type=\"wp-page\" data-elementor-id=\"5466\" class=\"elementor elementor-5466\" data-elementor-post-type=\"page\">\n\t\t\t\t\t\t<section class=\"elementor-section elementor-top-section elementor-element elementor-element-73567fcf elementor-section-boxed elementor-section-height-default elementor-section-height-default\" data-id=\"73567fcf\" data-element_type=\"section\" data-e-type=\"section\" data-settings=\"{&quot;background_background&quot;:&quot;classic&quot;}\">\n\t\t\t\t\t\t\t<div class=\"elementor-background-overlay\"><\/div>\n\t\t\t\t\t\t\t<div class=\"elementor-container elementor-column-gap-default\">\n\t\t\t\t\t<div class=\"elementor-column elementor-col-100 elementor-top-column elementor-element elementor-element-7054dec3\" data-id=\"7054dec3\" data-element_type=\"column\" data-e-type=\"column\">\n\t\t\t<div class=\"elementor-widget-wrap elementor-element-populated\">\n\t\t\t\t\t\t<div class=\"elementor-element elementor-element-222fc8fb elementor-widget elementor-widget-heading\" data-id=\"222fc8fb\" data-element_type=\"widget\" data-e-type=\"widget\" data-widget_type=\"heading.default\">\n\t\t\t\t<div class=\"elementor-widget-container\">\n\t\t\t\t\t<h1 class=\"elementor-heading-title elementor-size-default\">Accessibilit\u00e9<\/h1>\t\t\t\t<\/div>\n\t\t\t\t<\/div>\n\t\t\t\t\t<\/div>\n\t\t<\/div>\n\t\t\t\t\t<\/div>\n\t\t<\/section>\n\t\t\t\t<section class=\"elementor-section elementor-top-section elementor-element elementor-element-ac51589 elementor-section-boxed elementor-section-height-default elementor-section-height-default\" data-id=\"ac51589\" data-element_type=\"section\" data-e-type=\"section\">\n\t\t\t\t\t\t<div class=\"elementor-container elementor-column-gap-default\">\n\t\t\t\t\t<div class=\"elementor-column elementor-col-100 elementor-top-column elementor-element elementor-element-bfa6142\" data-id=\"bfa6142\" data-element_type=\"column\" data-e-type=\"column\">\n\t\t\t<div class=\"elementor-widget-wrap elementor-element-populated\">\n\t\t\t\t\t\t<div class=\"elementor-element elementor-element-db2201b elementor-widget elementor-widget-spacer\" data-id=\"db2201b\" data-element_type=\"widget\" data-e-type=\"widget\" data-widget_type=\"spacer.default\">\n\t\t\t\t<div class=\"elementor-widget-container\">\n\t\t\t\t\t\t\t<div class=\"elementor-spacer\">\n\t\t\t<div class=\"elementor-spacer-inner\"><\/div>\n\t\t<\/div>\n\t\t\t\t\t\t<\/div>\n\t\t\t\t<\/div>\n\t\t\t\t<div class=\"elementor-element elementor-element-8bfcf6a elementor-widget elementor-widget-text-editor\" data-id=\"8bfcf6a\" data-element_type=\"widget\" data-e-type=\"widget\" data-widget_type=\"text-editor.default\">\n\t\t\t\t<div class=\"elementor-widget-container\">\n\t\t\t\t\t\t\t\t\t<p>Flagship Software Ltd. s&#8217;engage \u00e0 garantir l&#8217;accessibilit\u00e9 num\u00e9rique \u00e0 tous les utilisateurs, quelle que soit leur capacit\u00e9. Nous am\u00e9liorons continuellement l&#8217;exp\u00e9rience utilisateur pour tous et appliquons des normes d&#8217;accessibilit\u00e9 appropri\u00e9es.<\/p><p>Nous avons lu et examin\u00e9 les directives pour l&#8217;accessibilit\u00e9 des contenus Web (WCAG 2.0, niveau AA), publi\u00e9es par le World Wide Web Consortium (W3C). Ces lignes directrices expliquent comment rendre le contenu Web plus accessible aux personnes handicap\u00e9es. Nous mettrons en \u0153uvre toutes les mesures n\u00e9cessaires pour que notre site Web soit accessible \u00e0 toutes les personnes.<\/p><p>Nous effectuons r\u00e9guli\u00e8rement des tests pour nous assurer que notre site Web fonctionne correctement et est convivial pour toutes les personnes. Les tests d&#8217;accessibilit\u00e9 sur nos pages incluent le test d&#8217;une structure d&#8217;en-t\u00eate correcte dans toutes les pages, d&#8217;un contraste de couleur suffisant sur l&#8217;ensemble du site et des options de prise en charge du lecteur d&#8217;\u00e9cran. Nous sommes conscients de certaines zones du site Web o\u00f9 nous pourrions am\u00e9liorer l&#8217;accessibilit\u00e9 et nous travaillons sur des am\u00e9liorations.<\/p><p>Nous recherchons continuellement des ressources qui fourniront \u00e0 l&#8217;ensemble de notre site le m\u00eame niveau d&#8217;accessibilit\u00e9 Web global. Nous testerons nos pages avec le lecteur d&#8217;\u00e9cran NVDA sur les ordinateurs de bureau Windows et avec le lecteur d&#8217;\u00e9cran VoiceOver sur les appareils mobiles iOS.<\/p><p>\u200b-Flagship Software Ltd.<\/p>\t\t\t\t\t\t\t\t<\/div>\n\t\t\t\t<\/div>\n\t\t\t\t\t<\/div>\n\t\t<\/div>\n\t\t\t\t\t<\/div>\n\t\t<\/section>\n\t\t\t\t<\/div>\n\t\t","protected":false},"excerpt":{"rendered":"<p>Accessibilit\u00e9 Flagship Software Ltd. s&#8217;engage \u00e0 garantir l&#8217;accessibilit\u00e9 num\u00e9rique \u00e0 tous les utilisateurs, quelle que soit leur capacit\u00e9. Nous am\u00e9liorons continuellement l&#8217;exp\u00e9rience utilisateur pour tous et appliquons des normes d&#8217;accessibilit\u00e9 appropri\u00e9es. Nous avons lu et examin\u00e9 les directives pour l&#8217;accessibilit\u00e9 des contenus Web (WCAG 2.0, niveau AA), publi\u00e9es par le World Wide Web Consortium (W3C). [&hellip;]<\/p>\n","protected":false},"author":2,"featured_media":0,"parent":0,"menu_order":0,"comment_status":"closed","ping_status":"closed","template":"","meta":{"site-sidebar-layout":"no-sidebar","site-content-layout":"page-builder","ast-site-content-layout":"default","site-content-style":"default","site-sidebar-style":"default","ast-global-header-display":"","ast-banner-title-visibility":"","ast-main-header-display":"","ast-hfb-above-header-display":"","ast-hfb-below-header-display":"","ast-hfb-mobile-header-display":"","site-post-title":"disabled","ast-breadcrumbs-content":"","ast-featured-img":"disabled","footer-sml-layout":"","ast-disable-related-posts":"","theme-transparent-header-meta":"default","adv-header-id-meta":"","stick-header-meta":"","header-above-stick-meta":"","header-main-stick-meta":"","header-below-stick-meta":"","astra-migrate-meta-layouts":"default","ast-page-background-enabled":"default","ast-page-background-meta":{"desktop":{"background-color":"","background-image":"","background-repeat":"repeat","background-position":"center center","background-size":"auto","background-attachment":"scroll","background-type":"","background-media":"","overlay-type":"","overlay-color":"","overlay-opacity":"","overlay-gradient":""},"tablet":{"background-color":"","background-image":"","background-repeat":"repeat","background-position":"center center","background-size":"auto","background-attachment":"scroll","background-type":"","background-media":"","overlay-type":"","overlay-color":"","overlay-opacity":"","overlay-gradient":""},"mobile":{"background-color":"","background-image":"","background-repeat":"repeat","background-position":"center center","background-size":"auto","background-attachment":"scroll","background-type":"","background-media":"","overlay-type":"","overlay-color":"","overlay-opacity":"","overlay-gradient":""}},"ast-content-background-meta":{"desktop":{"background-color":"var(--ast-global-color-5)","background-image":"","background-repeat":"repeat","background-position":"center center","background-size":"auto","background-attachment":"scroll","background-type":"","background-media":"","overlay-type":"","overlay-color":"","overlay-opacity":"","overlay-gradient":""},"tablet":{"background-color":"var(--ast-global-color-5)","background-image":"","background-repeat":"repeat","background-position":"center center","background-size":"auto","background-attachment":"scroll","background-type":"","background-media":"","overlay-type":"","overlay-color":"","overlay-opacity":"","overlay-gradient":""},"mobile":{"background-color":"var(--ast-global-color-5)","background-image":"","background-repeat":"repeat","background-position":"center center","background-size":"auto","background-attachment":"scroll","background-type":"","background-media":"","overlay-type":"","overlay-color":"","overlay-opacity":"","overlay-gradient":""}},"footnotes":""},"class_list":["post-5466","page","type-page","status-publish","hentry"],"_links":{"self":[{"href":"https:\/\/www.flagshipsoftware.com\/fsweb\/wp-json\/wp\/v2\/pages\/5466","targetHints":{"allow":["GET"]}}],"collection":[{"href":"https:\/\/www.flagshipsoftware.com\/fsweb\/wp-json\/wp\/v2\/pages"}],"about":[{"href":"https:\/\/www.flagshipsoftware.com\/fsweb\/wp-json\/wp\/v2\/types\/page"}],"author":[{"embeddable":true,"href":"https:\/\/www.flagshipsoftware.com\/fsweb\/wp-json\/wp\/v2\/users\/2"}],"replies":[{"embeddable":true,"href":"https:\/\/www.flagshipsoftware.com\/fsweb\/wp-json\/wp\/v2\/comments?post=5466"}],"version-history":[{"count":4,"href":"https:\/\/www.flagshipsoftware.com\/fsweb\/wp-json\/wp\/v2\/pages\/5466\/revisions"}],"predecessor-version":[{"id":5470,"href":"https:\/\/www.flagshipsoftware.com\/fsweb\/wp-json\/wp\/v2\/pages\/5466\/revisions\/5470"}],"wp:attachment":[{"href":"https:\/\/www.flagshipsoftware.com\/fsweb\/wp-json\/wp\/v2\/media?parent=5466"}],"curies":[{"name":"wp","href":"https:\/\/api.w.org\/{rel}","templated":true}]}}