{"id":5494,"date":"2022-06-07T10:31:42","date_gmt":"2022-06-07T14:31:42","guid":{"rendered":"http:\/\/lobster.f\/fsweb\/?page_id=5494"},"modified":"2022-06-07T10:33:49","modified_gmt":"2022-06-07T14:33:49","slug":"iaddressacv","status":"publish","type":"page","link":"https:\/\/www.flagshipsoftware.com\/fsweb\/fr\/iaddressacv\/","title":{"rendered":"iAddress\u2122ACV"},"content":{"rendered":"\t\t<div data-elementor-type=\"wp-page\" data-elementor-id=\"5494\" class=\"elementor elementor-5494\" data-elementor-post-type=\"page\">\n\t\t\t\t\t\t<section class=\"elementor-section elementor-top-section elementor-element elementor-element-7a60fe27 elementor-section-boxed elementor-section-height-default elementor-section-height-default\" data-id=\"7a60fe27\" data-element_type=\"section\" data-e-type=\"section\" data-settings=\"{&quot;background_background&quot;:&quot;classic&quot;}\">\n\t\t\t\t\t\t\t<div class=\"elementor-background-overlay\"><\/div>\n\t\t\t\t\t\t\t<div class=\"elementor-container elementor-column-gap-default\">\n\t\t\t\t\t<div class=\"elementor-column elementor-col-100 elementor-top-column elementor-element elementor-element-5ee9ad07\" data-id=\"5ee9ad07\" data-element_type=\"column\" data-e-type=\"column\">\n\t\t\t<div class=\"elementor-widget-wrap elementor-element-populated\">\n\t\t\t\t\t\t<div class=\"elementor-element elementor-element-c3525b7 elementor-widget elementor-widget-heading\" data-id=\"c3525b7\" data-element_type=\"widget\" data-e-type=\"widget\" data-widget_type=\"heading.default\">\n\t\t\t\t<div class=\"elementor-widget-container\">\n\t\t\t\t\t<h1 class=\"elementor-heading-title elementor-size-default\">iAddress\u2122ACV<\/h1>\t\t\t\t<\/div>\n\t\t\t\t<\/div>\n\t\t\t\t\t<\/div>\n\t\t<\/div>\n\t\t\t\t\t<\/div>\n\t\t<\/section>\n\t\t\t\t<section class=\"elementor-section elementor-top-section elementor-element elementor-element-26e41421 elementor-section-boxed elementor-section-height-default elementor-section-height-default\" data-id=\"26e41421\" data-element_type=\"section\" data-e-type=\"section\">\n\t\t\t\t\t\t<div class=\"elementor-container elementor-column-gap-default\">\n\t\t\t\t\t<div class=\"elementor-column elementor-col-100 elementor-top-column elementor-element elementor-element-70179c2b\" data-id=\"70179c2b\" data-element_type=\"column\" data-e-type=\"column\">\n\t\t\t<div class=\"elementor-widget-wrap elementor-element-populated\">\n\t\t\t\t\t\t<div class=\"elementor-element elementor-element-99049e1 elementor-widget elementor-widget-spacer\" data-id=\"99049e1\" data-element_type=\"widget\" data-e-type=\"widget\" data-widget_type=\"spacer.default\">\n\t\t\t\t<div class=\"elementor-widget-container\">\n\t\t\t\t\t\t\t<div class=\"elementor-spacer\">\n\t\t\t<div class=\"elementor-spacer-inner\"><\/div>\n\t\t<\/div>\n\t\t\t\t\t\t<\/div>\n\t\t\t\t<\/div>\n\t\t\t\t<div class=\"elementor-element elementor-element-4fe2c38c elementor-widget elementor-widget-text-editor\" data-id=\"4fe2c38c\" data-element_type=\"widget\" data-e-type=\"widget\" data-widget_type=\"text-editor.default\">\n\t\t\t\t<div class=\"elementor-widget-container\">\n\t\t\t\t\t\t\t\t\t<p><strong>iAddress\u2122 ACV<\/strong><\/p><p>iAddress\u2122 est une solution autonome compl\u00e8te, facile \u00e0 utiliser, qui permet la correction\/validation d&#8217;adresses avec acc\u00e8s \u00e0 des modules compl\u00e9mentaires. Le logiciel comprend des utilitaires int\u00e9gr\u00e9s pour l&#8217;identification et la suppression des doublons, la suppression des enregistrements, le ciblage et la recherche d&#8217;adresses individuelles. Il est disponible pour le Canada et les \u00c9tats-Unis et peut \u00eatre enti\u00e8rement automatis\u00e9 pour un traitement mains libres.<\/p><p><strong>iAddress\u2122 ACV pour le Canada<\/strong><\/p><p>Reconnu SERP \u2122 \/ PERL \u2122, iAddress \u2122 ACV pour le Canada fournit la d\u00e9claration d&#8217;exactitude (SOA) requise pour les tarifs du courrier m\u00e9canisable. Inclut l&#8217;acc\u00e8s au module de g\u00e9ocodage ainsi qu&#8217;\u00e0 Move-Update pour le traitement des d\u00e9m\u00e9nagements d&#8217;adresse, la suppression des messages \u00e0 ne pas envoyer et la suppression am\u00e9lior\u00e9e des personnes d\u00e9c\u00e9d\u00e9es (des frais suppl\u00e9mentaires s&#8217;appliquent).<\/p><p><strong>Les options suppl\u00e9mentaires incluent:<\/strong><\/p><p>AdresseMinerPRO<br \/>Utilitaire de code-barres 2D<br \/>Utilitaire d&#8217;\u00e9tiquettes m\u00e9canisables<\/p><p><strong>iAddress\u2122 ACV pour les \u00c9tats-Unis<\/strong><\/p><p>Certifi\u00e9 CASS\u00ae, iAddress\u2122 ACV inclut la validation du point de livraison USPS (DPV\u00ae) et produit le formulaire CASS\u00ae 3553. Inclut l&#8217;acc\u00e8s \u00e0 Move-Update pour le traitement NCOALink\u2122 des d\u00e9m\u00e9nagements d&#8217;adresse (des frais suppl\u00e9mentaires s&#8217;appliquent).<\/p>\t\t\t\t\t\t\t\t<\/div>\n\t\t\t\t<\/div>\n\t\t\t\t\t<\/div>\n\t\t<\/div>\n\t\t\t\t\t<\/div>\n\t\t<\/section>\n\t\t\t\t<\/div>\n\t\t","protected":false},"excerpt":{"rendered":"<p>iAddress\u2122ACV iAddress\u2122 ACV iAddress\u2122 est une solution autonome compl\u00e8te, facile \u00e0 utiliser, qui permet la correction\/validation d&#8217;adresses avec acc\u00e8s \u00e0 des modules compl\u00e9mentaires. Le logiciel comprend des utilitaires int\u00e9gr\u00e9s pour l&#8217;identification et la suppression des doublons, la suppression des enregistrements, le ciblage et la recherche d&#8217;adresses individuelles. Il est disponible pour le Canada et les [&hellip;]<\/p>\n","protected":false},"author":2,"featured_media":0,"parent":0,"menu_order":0,"comment_status":"closed","ping_status":"closed","template":"elementor_header_footer","meta":{"site-sidebar-layout":"no-sidebar","site-content-layout":"page-builder","ast-site-content-layout":"default","site-content-style":"default","site-sidebar-style":"default","ast-global-header-display":"","ast-banner-title-visibility":"","ast-main-header-display":"","ast-hfb-above-header-display":"","ast-hfb-below-header-display":"","ast-hfb-mobile-header-display":"","site-post-title":"disabled","ast-breadcrumbs-content":"","ast-featured-img":"disabled","footer-sml-layout":"","ast-disable-related-posts":"","theme-transparent-header-meta":"","adv-header-id-meta":"","stick-header-meta":"","header-above-stick-meta":"","header-main-stick-meta":"","header-below-stick-meta":"","astra-migrate-meta-layouts":"default","ast-page-background-enabled":"default","ast-page-background-meta":{"desktop":{"background-color":"","background-image":"","background-repeat":"repeat","background-position":"center center","background-size":"auto","background-attachment":"scroll","background-type":"","background-media":"","overlay-type":"","overlay-color":"","overlay-opacity":"","overlay-gradient":""},"tablet":{"background-color":"","background-image":"","background-repeat":"repeat","background-position":"center center","background-size":"auto","background-attachment":"scroll","background-type":"","background-media":"","overlay-type":"","overlay-color":"","overlay-opacity":"","overlay-gradient":""},"mobile":{"background-color":"","background-image":"","background-repeat":"repeat","background-position":"center center","background-size":"auto","background-attachment":"scroll","background-type":"","background-media":"","overlay-type":"","overlay-color":"","overlay-opacity":"","overlay-gradient":""}},"ast-content-background-meta":{"desktop":{"background-color":"var(--ast-global-color-5)","background-image":"","background-repeat":"repeat","background-position":"center center","background-size":"auto","background-attachment":"scroll","background-type":"","background-media":"","overlay-type":"","overlay-color":"","overlay-opacity":"","overlay-gradient":""},"tablet":{"background-color":"var(--ast-global-color-5)","background-image":"","background-repeat":"repeat","background-position":"center center","background-size":"auto","background-attachment":"scroll","background-type":"","background-media":"","overlay-type":"","overlay-color":"","overlay-opacity":"","overlay-gradient":""},"mobile":{"background-color":"var(--ast-global-color-5)","background-image":"","background-repeat":"repeat","background-position":"center center","background-size":"auto","background-attachment":"scroll","background-type":"","background-media":"","overlay-type":"","overlay-color":"","overlay-opacity":"","overlay-gradient":""}},"footnotes":""},"class_list":["post-5494","page","type-page","status-publish","hentry"],"_links":{"self":[{"href":"https:\/\/www.flagshipsoftware.com\/fsweb\/wp-json\/wp\/v2\/pages\/5494","targetHints":{"allow":["GET"]}}],"collection":[{"href":"https:\/\/www.flagshipsoftware.com\/fsweb\/wp-json\/wp\/v2\/pages"}],"about":[{"href":"https:\/\/www.flagshipsoftware.com\/fsweb\/wp-json\/wp\/v2\/types\/page"}],"author":[{"embeddable":true,"href":"https:\/\/www.flagshipsoftware.com\/fsweb\/wp-json\/wp\/v2\/users\/2"}],"replies":[{"embeddable":true,"href":"https:\/\/www.flagshipsoftware.com\/fsweb\/wp-json\/wp\/v2\/comments?post=5494"}],"version-history":[{"count":4,"href":"https:\/\/www.flagshipsoftware.com\/fsweb\/wp-json\/wp\/v2\/pages\/5494\/revisions"}],"predecessor-version":[{"id":5498,"href":"https:\/\/www.flagshipsoftware.com\/fsweb\/wp-json\/wp\/v2\/pages\/5494\/revisions\/5498"}],"wp:attachment":[{"href":"https:\/\/www.flagshipsoftware.com\/fsweb\/wp-json\/wp\/v2\/media?parent=5494"}],"curies":[{"name":"wp","href":"https:\/\/api.w.org\/{rel}","templated":true}]}}