{"id":5499,"date":"2022-06-07T10:40:38","date_gmt":"2022-06-07T14:40:38","guid":{"rendered":"http:\/\/lobster.f\/fsweb\/?page_id=5499"},"modified":"2022-06-07T10:45:56","modified_gmt":"2022-06-07T14:45:56","slug":"iaddress-dc","status":"publish","type":"page","link":"https:\/\/www.flagshipsoftware.com\/fsweb\/fr\/iaddress-dc\/","title":{"rendered":"iAddress\u2122 DC"},"content":{"rendered":"\t\t<div data-elementor-type=\"wp-page\" data-elementor-id=\"5499\" class=\"elementor elementor-5499\" data-elementor-post-type=\"page\">\n\t\t\t\t\t\t<section class=\"elementor-section elementor-top-section elementor-element elementor-element-68907de5 elementor-section-boxed elementor-section-height-default elementor-section-height-default\" data-id=\"68907de5\" data-element_type=\"section\" data-settings=\"{&quot;background_background&quot;:&quot;classic&quot;}\">\n\t\t\t\t\t\t\t<div class=\"elementor-background-overlay\"><\/div>\n\t\t\t\t\t\t\t<div class=\"elementor-container elementor-column-gap-default\">\n\t\t\t\t\t<div class=\"elementor-column elementor-col-100 elementor-top-column elementor-element elementor-element-ff4ab31\" data-id=\"ff4ab31\" data-element_type=\"column\">\n\t\t\t<div class=\"elementor-widget-wrap elementor-element-populated\">\n\t\t\t\t\t\t<div class=\"elementor-element elementor-element-24aa5bb2 elementor-widget elementor-widget-heading\" data-id=\"24aa5bb2\" data-element_type=\"widget\" data-widget_type=\"heading.default\">\n\t\t\t\t<div class=\"elementor-widget-container\">\n\t\t\t\t\t<h1 class=\"elementor-heading-title elementor-size-default\">iAddress\u2122DC<\/h1>\t\t\t\t<\/div>\n\t\t\t\t<\/div>\n\t\t\t\t\t<\/div>\n\t\t<\/div>\n\t\t\t\t\t<\/div>\n\t\t<\/section>\n\t\t\t\t<section class=\"elementor-section elementor-top-section elementor-element elementor-element-343480e5 elementor-section-boxed elementor-section-height-default elementor-section-height-default\" data-id=\"343480e5\" data-element_type=\"section\">\n\t\t\t\t\t\t<div class=\"elementor-container elementor-column-gap-default\">\n\t\t\t\t\t<div class=\"elementor-column elementor-col-100 elementor-top-column elementor-element elementor-element-e34b66e\" data-id=\"e34b66e\" data-element_type=\"column\">\n\t\t\t<div class=\"elementor-widget-wrap elementor-element-populated\">\n\t\t\t\t\t\t<div class=\"elementor-element elementor-element-50bee49 elementor-widget elementor-widget-spacer\" data-id=\"50bee49\" data-element_type=\"widget\" data-widget_type=\"spacer.default\">\n\t\t\t\t<div class=\"elementor-widget-container\">\n\t\t\t\t\t\t\t<div class=\"elementor-spacer\">\n\t\t\t<div class=\"elementor-spacer-inner\"><\/div>\n\t\t<\/div>\n\t\t\t\t\t\t<\/div>\n\t\t\t\t<\/div>\n\t\t\t\t<div class=\"elementor-element elementor-element-7af63626 elementor-widget elementor-widget-text-editor\" data-id=\"7af63626\" data-element_type=\"widget\" data-widget_type=\"text-editor.default\">\n\t\t\t\t<div class=\"elementor-widget-container\">\n\t\t\t\t\t\t\t\t\t<p>Un composant de d\u00e9veloppement reconnu par SERP \/ certifi\u00e9 CASS\u2122 qui peut \u00eatre int\u00e9gr\u00e9 \u00e0 votre application interne pour fournir une correction d&#8217;adresse en temps r\u00e9el en fonction de vos normes d&#8217;adressage pr\u00e9f\u00e9r\u00e9es. Disponible sous forme d&#8217;API, il fournit tous les outils n\u00e9cessaires pour effectuer des recherches et une validation en temps r\u00e9el des adresses dans les applications. La fonction de saisie semi-automatique am\u00e9lior\u00e9e fournit un retour d&#8217;adresse plus rapide, plus efficace et plus pr\u00e9cis. Cette solution enti\u00e8rement personnalisable est disponible sur une vari\u00e9t\u00e9 de plates-formes pour les adresses canadiennes et am\u00e9ricaines en tant que solution h\u00e9berg\u00e9e localement ou bas\u00e9e sur le cloud.<\/p><p><strong>iAddress\u2122 DC PRO inclut:<\/strong><\/p><p>Licence annuelle:<\/p><ul><li>12 mois d&#8217;acc\u00e8s incluant les donn\u00e9es actuelles et toutes les mises \u00e0 jour<\/li><li>Acc\u00e8s aux services Web pour effectuer la validation\/correction et la recherche d&#8217;adresse<\/li><li>Inclut le module iComplete<\/li><li>Prend en charge REST et SOAP<\/li><li>Support technique avec mise en \u0153uvre et maintenance, au besoin<\/li><li>Acc\u00e8s au PNCA canadien<\/li><li>Acc\u00e8s au g\u00e9ocodage canadien<\/li><\/ul>\t\t\t\t\t\t\t\t<\/div>\n\t\t\t\t<\/div>\n\t\t\t\t\t<\/div>\n\t\t<\/div>\n\t\t\t\t\t<\/div>\n\t\t<\/section>\n\t\t\t\t<\/div>\n\t\t","protected":false},"excerpt":{"rendered":"<p>iAddress\u2122DC Un composant de d\u00e9veloppement reconnu par SERP \/ certifi\u00e9 CASS\u2122 qui peut \u00eatre int\u00e9gr\u00e9 \u00e0 votre application interne pour fournir une correction d&#8217;adresse en temps r\u00e9el en fonction de vos normes d&#8217;adressage pr\u00e9f\u00e9r\u00e9es. Disponible sous forme d&#8217;API, il fournit tous les outils n\u00e9cessaires pour effectuer des recherches et une validation en temps r\u00e9el des [&hellip;]<\/p>\n","protected":false},"author":2,"featured_media":0,"parent":0,"menu_order":0,"comment_status":"closed","ping_status":"closed","template":"elementor_header_footer","meta":{"site-sidebar-layout":"no-sidebar","site-content-layout":"page-builder","ast-site-content-layout":"default","site-content-style":"default","site-sidebar-style":"default","ast-global-header-display":"","ast-banner-title-visibility":"","ast-main-header-display":"","ast-hfb-above-header-display":"","ast-hfb-below-header-display":"","ast-hfb-mobile-header-display":"","site-post-title":"disabled","ast-breadcrumbs-content":"","ast-featured-img":"disabled","footer-sml-layout":"","ast-disable-related-posts":"","theme-transparent-header-meta":"default","adv-header-id-meta":"","stick-header-meta":"","header-above-stick-meta":"","header-main-stick-meta":"","header-below-stick-meta":"","astra-migrate-meta-layouts":"default","ast-page-background-enabled":"default","ast-page-background-meta":{"desktop":{"background-color":"","background-image":"","background-repeat":"repeat","background-position":"center center","background-size":"auto","background-attachment":"scroll","background-type":"","background-media":"","overlay-type":"","overlay-color":"","overlay-opacity":"","overlay-gradient":""},"tablet":{"background-color":"","background-image":"","background-repeat":"repeat","background-position":"center center","background-size":"auto","background-attachment":"scroll","background-type":"","background-media":"","overlay-type":"","overlay-color":"","overlay-opacity":"","overlay-gradient":""},"mobile":{"background-color":"","background-image":"","background-repeat":"repeat","background-position":"center center","background-size":"auto","background-attachment":"scroll","background-type":"","background-media":"","overlay-type":"","overlay-color":"","overlay-opacity":"","overlay-gradient":""}},"ast-content-background-meta":{"desktop":{"background-color":"var(--ast-global-color-5)","background-image":"","background-repeat":"repeat","background-position":"center center","background-size":"auto","background-attachment":"scroll","background-type":"","background-media":"","overlay-type":"","overlay-color":"","overlay-opacity":"","overlay-gradient":""},"tablet":{"background-color":"var(--ast-global-color-5)","background-image":"","background-repeat":"repeat","background-position":"center center","background-size":"auto","background-attachment":"scroll","background-type":"","background-media":"","overlay-type":"","overlay-color":"","overlay-opacity":"","overlay-gradient":""},"mobile":{"background-color":"var(--ast-global-color-5)","background-image":"","background-repeat":"repeat","background-position":"center center","background-size":"auto","background-attachment":"scroll","background-type":"","background-media":"","overlay-type":"","overlay-color":"","overlay-opacity":"","overlay-gradient":""}},"footnotes":""},"class_list":["post-5499","page","type-page","status-publish","hentry"],"_links":{"self":[{"href":"https:\/\/www.flagshipsoftware.com\/fsweb\/wp-json\/wp\/v2\/pages\/5499","targetHints":{"allow":["GET"]}}],"collection":[{"href":"https:\/\/www.flagshipsoftware.com\/fsweb\/wp-json\/wp\/v2\/pages"}],"about":[{"href":"https:\/\/www.flagshipsoftware.com\/fsweb\/wp-json\/wp\/v2\/types\/page"}],"author":[{"embeddable":true,"href":"https:\/\/www.flagshipsoftware.com\/fsweb\/wp-json\/wp\/v2\/users\/2"}],"replies":[{"embeddable":true,"href":"https:\/\/www.flagshipsoftware.com\/fsweb\/wp-json\/wp\/v2\/comments?post=5499"}],"version-history":[{"count":4,"href":"https:\/\/www.flagshipsoftware.com\/fsweb\/wp-json\/wp\/v2\/pages\/5499\/revisions"}],"predecessor-version":[{"id":5504,"href":"https:\/\/www.flagshipsoftware.com\/fsweb\/wp-json\/wp\/v2\/pages\/5499\/revisions\/5504"}],"wp:attachment":[{"href":"https:\/\/www.flagshipsoftware.com\/fsweb\/wp-json\/wp\/v2\/media?parent=5499"}],"curies":[{"name":"wp","href":"https:\/\/api.w.org\/{rel}","templated":true}]}}