{"id":5540,"date":"2022-06-08T13:47:16","date_gmt":"2022-06-08T17:47:16","guid":{"rendered":"http:\/\/lobster.f\/fsweb\/?page_id=5540"},"modified":"2022-06-08T13:49:34","modified_gmt":"2022-06-08T17:49:34","slug":"address-management-software-fr","status":"publish","type":"page","link":"https:\/\/www.flagshipsoftware.com\/fsweb\/fr\/services-fr\/address-management-software-fr\/","title":{"rendered":"Address Management Software FR"},"content":{"rendered":"\t\t<div data-elementor-type=\"wp-page\" data-elementor-id=\"5540\" class=\"elementor elementor-5540\" data-elementor-post-type=\"page\">\n\t\t\t\t\t\t<section class=\"elementor-section elementor-top-section elementor-element elementor-element-3410db88 elementor-section-boxed elementor-section-height-default elementor-section-height-default\" data-id=\"3410db88\" data-element_type=\"section\" data-e-type=\"section\" data-settings=\"{&quot;background_background&quot;:&quot;classic&quot;}\">\n\t\t\t\t\t\t\t<div class=\"elementor-background-overlay\"><\/div>\n\t\t\t\t\t\t\t<div class=\"elementor-container elementor-column-gap-default\">\n\t\t\t\t\t<div class=\"elementor-column elementor-col-100 elementor-top-column elementor-element elementor-element-7579507d\" data-id=\"7579507d\" data-element_type=\"column\" data-e-type=\"column\">\n\t\t\t<div class=\"elementor-widget-wrap elementor-element-populated\">\n\t\t\t\t\t\t<div class=\"elementor-element elementor-element-7f7b3534 elementor-widget elementor-widget-heading\" data-id=\"7f7b3534\" data-element_type=\"widget\" data-e-type=\"widget\" data-widget_type=\"heading.default\">\n\t\t\t\t<div class=\"elementor-widget-container\">\n\t\t\t\t\t<h1 class=\"elementor-heading-title elementor-size-default\">Logiciel de gestion d'adresses<\/h1>\t\t\t\t<\/div>\n\t\t\t\t<\/div>\n\t\t\t\t\t<\/div>\n\t\t<\/div>\n\t\t\t\t\t<\/div>\n\t\t<\/section>\n\t\t\t\t<section class=\"elementor-section elementor-top-section elementor-element elementor-element-3a9f77ad elementor-section-boxed elementor-section-height-default elementor-section-height-default\" data-id=\"3a9f77ad\" data-element_type=\"section\" data-e-type=\"section\">\n\t\t\t\t\t\t<div class=\"elementor-container elementor-column-gap-default\">\n\t\t\t\t\t<div class=\"elementor-column elementor-col-100 elementor-top-column elementor-element elementor-element-4db8038c\" data-id=\"4db8038c\" data-element_type=\"column\" data-e-type=\"column\">\n\t\t\t<div class=\"elementor-widget-wrap elementor-element-populated\">\n\t\t\t\t\t\t<div class=\"elementor-element elementor-element-eae064b elementor-widget elementor-widget-spacer\" data-id=\"eae064b\" data-element_type=\"widget\" data-e-type=\"widget\" data-widget_type=\"spacer.default\">\n\t\t\t\t<div class=\"elementor-widget-container\">\n\t\t\t\t\t\t\t<div class=\"elementor-spacer\">\n\t\t\t<div class=\"elementor-spacer-inner\"><\/div>\n\t\t<\/div>\n\t\t\t\t\t\t<\/div>\n\t\t\t\t<\/div>\n\t\t\t\t<div class=\"elementor-element elementor-element-122720e elementor-widget elementor-widget-heading\" data-id=\"122720e\" data-element_type=\"widget\" data-e-type=\"widget\" data-widget_type=\"heading.default\">\n\t\t\t\t<div class=\"elementor-widget-container\">\n\t\t\t\t\t<h3 class=\"elementor-heading-title elementor-size-default\">Logiciels et services de gestion d'adresses<\/h3>\t\t\t\t<\/div>\n\t\t\t\t<\/div>\n\t\t\t\t<div class=\"elementor-element elementor-element-7ef8f79 elementor-widget elementor-widget-text-editor\" data-id=\"7ef8f79\" data-element_type=\"widget\" data-e-type=\"widget\" data-widget_type=\"text-editor.default\">\n\t\t\t\t<div class=\"elementor-widget-container\">\n\t\t\t\t\t\t\t\t\t<p>Avec les changements rapides de l&#8217;environnement commercial d&#8217;aujourd&#8217;hui, trouver un partenaire informatique qui comprend vos besoins et peut fournir les comp\u00e9tences et les ressources requises est devenu important pour le succ\u00e8s d&#8217;une entreprise. Flagship Software Ltd. fournit des services de conseil professionnels utilisant des technologies de pointe et des strat\u00e9gies de solutions innovantes. Nous fournissons \u00e0 nos clients des solutions efficaces \u00e0 leurs d\u00e9fis commerciaux en d\u00e9terminant l&#8217;ensemble optimal d&#8217;outils et de technologies n\u00e9cessaires pour r\u00e9pondre \u00e0 leurs besoins sp\u00e9cifiques ou de projet.<\/p><p>Flagship Software Ltd. peut aider votre entreprise \u00e0 obtenir les avantages concurrentiels li\u00e9s \u00e0 l&#8217;utilisation efficace des technologies de l&#8217;information. La technologie est un \u00e9l\u00e9ment essentiel pour obtenir des produits de meilleure qualit\u00e9, un meilleur service client, des co\u00fbts r\u00e9duits, une plus grande efficacit\u00e9 et des march\u00e9s \u00e9largis.<\/p><p>Notre personnel poss\u00e8de une vaste exp\u00e9rience dans tous les aspects du d\u00e9veloppement de logiciels, y compris la conception, la gestion, le d\u00e9veloppement et la mise en \u0153uvre de\u00a0:<\/p><p>Mise en \u0153uvre de logiciels ou de syst\u00e8mes int\u00e9gr\u00e9s\u00a0;<br \/>Int\u00e9gration de syst\u00e8mes ou d&#8217;applications\u00a0; et<br \/>D\u00e9veloppement d&#8217;applications personnalis\u00e9es.<\/p><p>Flagship Software Ltd. dispose des ressources n\u00e9cessaires pour effectuer des missions de d\u00e9veloppement d&#8217;applications \u00e0 long ou \u00e0 court terme, que votre entreprise ait besoin d&#8217;un d\u00e9veloppement personnalis\u00e9 ou de modifications d&#8217;applications existantes. Nous offrons:<\/p><p>Expertise avec une vari\u00e9t\u00e9 de technologies Internet en \u00e9volution rapide;<br \/>Des consultants ayant une exp\u00e9rience av\u00e9r\u00e9e dans de nombreux m\u00e9tiers et plateformes techniques et langages applicatifs ;<br \/>Un ensemble coh\u00e9rent de consultants d\u00e9di\u00e9s au succ\u00e8s de nos clients\u00a0; et<br \/>Personnel soucieux de la qualit\u00e9 et de la satisfaction client.<\/p><p>Que vous ayez besoin de chefs de projet ou de membres d&#8217;\u00e9quipe travaillant sur site, ou que vous pr\u00e9f\u00e9riez externaliser, Flagship Software Ltd. peut fournir les professionnels qualifi\u00e9s dont votre entreprise a besoin. De plus, nous croyons que la communication par l&#8217;\u00e9valuation, la compr\u00e9hension et la documentation des attentes est un \u00e9l\u00e9ment essentiel du succ\u00e8s de tout engagement. Une communication \u00e9troite par le biais de rapports d&#8217;\u00e9tape et de r\u00e9unions, ainsi qu&#8217;un suivi constant nous permettent de d\u00e9velopper une solution compl\u00e8te pour r\u00e9pondre \u00e0 vos besoins.<\/p><p>Flagship Software Ltd. propose une large gamme de solutions informatiques con\u00e7ues pour fournir \u00e0 nos clients un point de contact unique pour leurs besoins complexes en technologie de l&#8217;information. Nous avons fait nos preuves dans le respect des d\u00e9lais et la r\u00e9alisation de projets en respectant ou en de\u00e7\u00e0 du budget. Notre personnel fait un effort suppl\u00e9mentaire pour s&#8217;assurer que nos clients r\u00e9ussissent. Nous sommes impatients de discuter des besoins en technologie de l&#8217;information de votre entreprise.<\/p>\t\t\t\t\t\t\t\t<\/div>\n\t\t\t\t<\/div>\n\t\t\t\t\t<\/div>\n\t\t<\/div>\n\t\t\t\t\t<\/div>\n\t\t<\/section>\n\t\t\t\t<\/div>\n\t\t","protected":false},"excerpt":{"rendered":"<p>Logiciel de gestion d&#8217;adresses Logiciels et services de gestion d&#8217;adresses Avec les changements rapides de l&#8217;environnement commercial d&#8217;aujourd&#8217;hui, trouver un partenaire informatique qui comprend vos besoins et peut fournir les comp\u00e9tences et les ressources requises est devenu important pour le succ\u00e8s d&#8217;une entreprise. Flagship Software Ltd. fournit des services de conseil professionnels utilisant des technologies [&hellip;]<\/p>\n","protected":false},"author":2,"featured_media":0,"parent":5534,"menu_order":0,"comment_status":"closed","ping_status":"closed","template":"elementor_header_footer","meta":{"site-sidebar-layout":"no-sidebar","site-content-layout":"page-builder","ast-site-content-layout":"default","site-content-style":"default","site-sidebar-style":"default","ast-global-header-display":"","ast-banner-title-visibility":"","ast-main-header-display":"","ast-hfb-above-header-display":"","ast-hfb-below-header-display":"","ast-hfb-mobile-header-display":"","site-post-title":"disabled","ast-breadcrumbs-content":"","ast-featured-img":"disabled","footer-sml-layout":"","ast-disable-related-posts":"","theme-transparent-header-meta":"","adv-header-id-meta":"","stick-header-meta":"","header-above-stick-meta":"","header-main-stick-meta":"","header-below-stick-meta":"","astra-migrate-meta-layouts":"default","ast-page-background-enabled":"default","ast-page-background-meta":{"desktop":{"background-color":"","background-image":"","background-repeat":"repeat","background-position":"center center","background-size":"auto","background-attachment":"scroll","background-type":"","background-media":"","overlay-type":"","overlay-color":"","overlay-opacity":"","overlay-gradient":""},"tablet":{"background-color":"","background-image":"","background-repeat":"repeat","background-position":"center center","background-size":"auto","background-attachment":"scroll","background-type":"","background-media":"","overlay-type":"","overlay-color":"","overlay-opacity":"","overlay-gradient":""},"mobile":{"background-color":"","background-image":"","background-repeat":"repeat","background-position":"center center","background-size":"auto","background-attachment":"scroll","background-type":"","background-media":"","overlay-type":"","overlay-color":"","overlay-opacity":"","overlay-gradient":""}},"ast-content-background-meta":{"desktop":{"background-color":"var(--ast-global-color-5)","background-image":"","background-repeat":"repeat","background-position":"center center","background-size":"auto","background-attachment":"scroll","background-type":"","background-media":"","overlay-type":"","overlay-color":"","overlay-opacity":"","overlay-gradient":""},"tablet":{"background-color":"var(--ast-global-color-5)","background-image":"","background-repeat":"repeat","background-position":"center center","background-size":"auto","background-attachment":"scroll","background-type":"","background-media":"","overlay-type":"","overlay-color":"","overlay-opacity":"","overlay-gradient":""},"mobile":{"background-color":"var(--ast-global-color-5)","background-image":"","background-repeat":"repeat","background-position":"center center","background-size":"auto","background-attachment":"scroll","background-type":"","background-media":"","overlay-type":"","overlay-color":"","overlay-opacity":"","overlay-gradient":""}},"footnotes":""},"class_list":["post-5540","page","type-page","status-publish","hentry"],"_links":{"self":[{"href":"https:\/\/www.flagshipsoftware.com\/fsweb\/wp-json\/wp\/v2\/pages\/5540","targetHints":{"allow":["GET"]}}],"collection":[{"href":"https:\/\/www.flagshipsoftware.com\/fsweb\/wp-json\/wp\/v2\/pages"}],"about":[{"href":"https:\/\/www.flagshipsoftware.com\/fsweb\/wp-json\/wp\/v2\/types\/page"}],"author":[{"embeddable":true,"href":"https:\/\/www.flagshipsoftware.com\/fsweb\/wp-json\/wp\/v2\/users\/2"}],"replies":[{"embeddable":true,"href":"https:\/\/www.flagshipsoftware.com\/fsweb\/wp-json\/wp\/v2\/comments?post=5540"}],"version-history":[{"count":4,"href":"https:\/\/www.flagshipsoftware.com\/fsweb\/wp-json\/wp\/v2\/pages\/5540\/revisions"}],"predecessor-version":[{"id":5544,"href":"https:\/\/www.flagshipsoftware.com\/fsweb\/wp-json\/wp\/v2\/pages\/5540\/revisions\/5544"}],"up":[{"embeddable":true,"href":"https:\/\/www.flagshipsoftware.com\/fsweb\/wp-json\/wp\/v2\/pages\/5534"}],"wp:attachment":[{"href":"https:\/\/www.flagshipsoftware.com\/fsweb\/wp-json\/wp\/v2\/media?parent=5540"}],"curies":[{"name":"wp","href":"https:\/\/api.w.org\/{rel}","templated":true}]}}