{"id":5551,"date":"2022-06-08T13:57:35","date_gmt":"2022-06-08T17:57:35","guid":{"rendered":"http:\/\/lobster.f\/fsweb\/?page_id=5551"},"modified":"2022-06-08T14:01:41","modified_gmt":"2022-06-08T18:01:41","slug":"custom-application-development-fr","status":"publish","type":"page","link":"https:\/\/www.flagshipsoftware.com\/fsweb\/fr\/services-fr\/custom-application-development-fr\/","title":{"rendered":"Custom Application Development FR"},"content":{"rendered":"\t\t<div data-elementor-type=\"wp-page\" data-elementor-id=\"5551\" class=\"elementor elementor-5551\" data-elementor-post-type=\"page\">\n\t\t\t\t\t\t<section class=\"elementor-section elementor-top-section elementor-element elementor-element-520cc3c6 elementor-section-boxed elementor-section-height-default elementor-section-height-default\" data-id=\"520cc3c6\" data-element_type=\"section\" data-e-type=\"section\" data-settings=\"{&quot;background_background&quot;:&quot;classic&quot;}\">\n\t\t\t\t\t\t\t<div class=\"elementor-background-overlay\"><\/div>\n\t\t\t\t\t\t\t<div class=\"elementor-container elementor-column-gap-default\">\n\t\t\t\t\t<div class=\"elementor-column elementor-col-100 elementor-top-column elementor-element elementor-element-4c14ad98\" data-id=\"4c14ad98\" data-element_type=\"column\" data-e-type=\"column\">\n\t\t\t<div class=\"elementor-widget-wrap elementor-element-populated\">\n\t\t\t\t\t\t<div class=\"elementor-element elementor-element-6c9eee21 elementor-widget elementor-widget-heading\" data-id=\"6c9eee21\" data-element_type=\"widget\" data-e-type=\"widget\" data-widget_type=\"heading.default\">\n\t\t\t\t<div class=\"elementor-widget-container\">\n\t\t\t\t\t<h1 class=\"elementor-heading-title elementor-size-default\">D\u00e9veloppement d'applications personnalis\u00e9es<\/h1>\t\t\t\t<\/div>\n\t\t\t\t<\/div>\n\t\t\t\t\t<\/div>\n\t\t<\/div>\n\t\t\t\t\t<\/div>\n\t\t<\/section>\n\t\t\t\t<section class=\"elementor-section elementor-top-section elementor-element elementor-element-67f6b671 elementor-section-boxed elementor-section-height-default elementor-section-height-default\" data-id=\"67f6b671\" data-element_type=\"section\" data-e-type=\"section\">\n\t\t\t\t\t\t<div class=\"elementor-container elementor-column-gap-default\">\n\t\t\t\t\t<div class=\"elementor-column elementor-col-100 elementor-top-column elementor-element elementor-element-291f8a74\" data-id=\"291f8a74\" data-element_type=\"column\" data-e-type=\"column\">\n\t\t\t<div class=\"elementor-widget-wrap elementor-element-populated\">\n\t\t\t\t\t\t<div class=\"elementor-element elementor-element-e4bb492 elementor-widget elementor-widget-spacer\" data-id=\"e4bb492\" data-element_type=\"widget\" data-e-type=\"widget\" data-widget_type=\"spacer.default\">\n\t\t\t\t<div class=\"elementor-widget-container\">\n\t\t\t\t\t\t\t<div class=\"elementor-spacer\">\n\t\t\t<div class=\"elementor-spacer-inner\"><\/div>\n\t\t<\/div>\n\t\t\t\t\t\t<\/div>\n\t\t\t\t<\/div>\n\t\t\t\t<div class=\"elementor-element elementor-element-55537887 elementor-widget elementor-widget-text-editor\" data-id=\"55537887\" data-element_type=\"widget\" data-e-type=\"widget\" data-widget_type=\"text-editor.default\">\n\t\t\t\t<div class=\"elementor-widget-container\">\n\t\t\t\t\t\t\t\t\t<p>Le d\u00e9veloppement d&#8217;applications personnalis\u00e9es est une option appropri\u00e9e lorsqu&#8217;une entreprise d\u00e9termine que sa fa\u00e7on de faire des affaires est son avantage concurrentiel ou lorsqu&#8217;il manque un maillon vital de sa technologie de l&#8217;information. L&#8217;externalisation du d\u00e9veloppement d&#8217;applications est une strat\u00e9gie cl\u00e9 pour les entreprises dont l&#8217;activit\u00e9 principale n&#8217;est pas le logiciel.<\/p><p>Avec les offres de technologie de l&#8217;information d&#8217;aujourd&#8217;hui, le d\u00e9veloppement personnalis\u00e9 n&#8217;est plus un effort pour tout coder \u00e0 partir de z\u00e9ro, mais comprend normalement l&#8217;achat de divers cadres, mod\u00e8les et composants.<\/p><p>Flagship Software Ltd. fournit des services d&#8217;\u00e9valuation, de conception et de mise en \u0153uvre de d\u00e9veloppement de logiciels personnalis\u00e9s.<\/p><p>Nous avons con\u00e7u, d\u00e9velopp\u00e9 et mis en \u0153uvre une grande vari\u00e9t\u00e9 de solutions d&#8217;application pour les entreprises de nombreux secteurs. Notre processus de d\u00e9veloppement logiciel it\u00e9ratif pour les applications plus importantes pr\u00e9voit une s\u00e9rie d&#8217;\u00e9tapes lors de la livraison du produit pour garantir que le r\u00e9sultat final r\u00e9pond aux objectifs de nos clients. Un processus d&#8217;assurance qualit\u00e9 rigoureux garantit une application stable et pr\u00eate pour la production. Nous serions heureux de discuter des besoins de votre entreprise et de vous fournir un devis pour les services.<\/p>\t\t\t\t\t\t\t\t<\/div>\n\t\t\t\t<\/div>\n\t\t\t\t\t<\/div>\n\t\t<\/div>\n\t\t\t\t\t<\/div>\n\t\t<\/section>\n\t\t\t\t<\/div>\n\t\t","protected":false},"excerpt":{"rendered":"<p>D\u00e9veloppement d&#8217;applications personnalis\u00e9es Le d\u00e9veloppement d&#8217;applications personnalis\u00e9es est une option appropri\u00e9e lorsqu&#8217;une entreprise d\u00e9termine que sa fa\u00e7on de faire des affaires est son avantage concurrentiel ou lorsqu&#8217;il manque un maillon vital de sa technologie de l&#8217;information. L&#8217;externalisation du d\u00e9veloppement d&#8217;applications est une strat\u00e9gie cl\u00e9 pour les entreprises dont l&#8217;activit\u00e9 principale n&#8217;est pas le logiciel. Avec [&hellip;]<\/p>\n","protected":false},"author":2,"featured_media":0,"parent":5534,"menu_order":0,"comment_status":"closed","ping_status":"closed","template":"elementor_header_footer","meta":{"site-sidebar-layout":"no-sidebar","site-content-layout":"page-builder","ast-site-content-layout":"default","site-content-style":"default","site-sidebar-style":"default","ast-global-header-display":"","ast-banner-title-visibility":"","ast-main-header-display":"","ast-hfb-above-header-display":"","ast-hfb-below-header-display":"","ast-hfb-mobile-header-display":"","site-post-title":"disabled","ast-breadcrumbs-content":"","ast-featured-img":"disabled","footer-sml-layout":"","ast-disable-related-posts":"","theme-transparent-header-meta":"","adv-header-id-meta":"","stick-header-meta":"","header-above-stick-meta":"","header-main-stick-meta":"","header-below-stick-meta":"","astra-migrate-meta-layouts":"default","ast-page-background-enabled":"default","ast-page-background-meta":{"desktop":{"background-color":"","background-image":"","background-repeat":"repeat","background-position":"center center","background-size":"auto","background-attachment":"scroll","background-type":"","background-media":"","overlay-type":"","overlay-color":"","overlay-opacity":"","overlay-gradient":""},"tablet":{"background-color":"","background-image":"","background-repeat":"repeat","background-position":"center center","background-size":"auto","background-attachment":"scroll","background-type":"","background-media":"","overlay-type":"","overlay-color":"","overlay-opacity":"","overlay-gradient":""},"mobile":{"background-color":"","background-image":"","background-repeat":"repeat","background-position":"center center","background-size":"auto","background-attachment":"scroll","background-type":"","background-media":"","overlay-type":"","overlay-color":"","overlay-opacity":"","overlay-gradient":""}},"ast-content-background-meta":{"desktop":{"background-color":"var(--ast-global-color-5)","background-image":"","background-repeat":"repeat","background-position":"center center","background-size":"auto","background-attachment":"scroll","background-type":"","background-media":"","overlay-type":"","overlay-color":"","overlay-opacity":"","overlay-gradient":""},"tablet":{"background-color":"var(--ast-global-color-5)","background-image":"","background-repeat":"repeat","background-position":"center center","background-size":"auto","background-attachment":"scroll","background-type":"","background-media":"","overlay-type":"","overlay-color":"","overlay-opacity":"","overlay-gradient":""},"mobile":{"background-color":"var(--ast-global-color-5)","background-image":"","background-repeat":"repeat","background-position":"center center","background-size":"auto","background-attachment":"scroll","background-type":"","background-media":"","overlay-type":"","overlay-color":"","overlay-opacity":"","overlay-gradient":""}},"footnotes":""},"class_list":["post-5551","page","type-page","status-publish","hentry"],"_links":{"self":[{"href":"https:\/\/www.flagshipsoftware.com\/fsweb\/wp-json\/wp\/v2\/pages\/5551","targetHints":{"allow":["GET"]}}],"collection":[{"href":"https:\/\/www.flagshipsoftware.com\/fsweb\/wp-json\/wp\/v2\/pages"}],"about":[{"href":"https:\/\/www.flagshipsoftware.com\/fsweb\/wp-json\/wp\/v2\/types\/page"}],"author":[{"embeddable":true,"href":"https:\/\/www.flagshipsoftware.com\/fsweb\/wp-json\/wp\/v2\/users\/2"}],"replies":[{"embeddable":true,"href":"https:\/\/www.flagshipsoftware.com\/fsweb\/wp-json\/wp\/v2\/comments?post=5551"}],"version-history":[{"count":4,"href":"https:\/\/www.flagshipsoftware.com\/fsweb\/wp-json\/wp\/v2\/pages\/5551\/revisions"}],"predecessor-version":[{"id":5555,"href":"https:\/\/www.flagshipsoftware.com\/fsweb\/wp-json\/wp\/v2\/pages\/5551\/revisions\/5555"}],"up":[{"embeddable":true,"href":"https:\/\/www.flagshipsoftware.com\/fsweb\/wp-json\/wp\/v2\/pages\/5534"}],"wp:attachment":[{"href":"https:\/\/www.flagshipsoftware.com\/fsweb\/wp-json\/wp\/v2\/media?parent=5551"}],"curies":[{"name":"wp","href":"https:\/\/api.w.org\/{rel}","templated":true}]}}