{"id":5588,"date":"2022-06-09T12:34:20","date_gmt":"2022-06-09T16:34:20","guid":{"rendered":"http:\/\/lobster.f\/fsweb\/?page_id=5588"},"modified":"2025-09-18T14:59:18","modified_gmt":"2025-09-18T18:59:18","slug":"pct-fr","status":"publish","type":"page","link":"https:\/\/www.flagshipsoftware.com\/fsweb\/fr\/pct-fr\/","title":{"rendered":"PCT FR"},"content":{"rendered":"\t\t<div data-elementor-type=\"wp-page\" data-elementor-id=\"5588\" class=\"elementor elementor-5588\" data-elementor-post-type=\"page\">\n\t\t\t\t\t\t<section class=\"elementor-section elementor-top-section elementor-element elementor-element-8c7a217 elementor-section-full_width elementor-section-height-default elementor-section-height-default\" data-id=\"8c7a217\" data-element_type=\"section\" data-e-type=\"section\" data-settings=\"{&quot;shape_divider_top&quot;:&quot;opacity-fan&quot;}\">\n\t\t\t\t\t<div class=\"elementor-shape elementor-shape-top\" aria-hidden=\"true\" data-negative=\"false\">\n\t\t\t<svg xmlns=\"http:\/\/www.w3.org\/2000\/svg\" viewBox=\"0 0 283.5 19.6\" preserveAspectRatio=\"none\">\n\t<path class=\"elementor-shape-fill\" style=\"opacity:0.33\" d=\"M0 0L0 18.8 141.8 4.1 283.5 18.8 283.5 0z\"\/>\n\t<path class=\"elementor-shape-fill\" style=\"opacity:0.33\" d=\"M0 0L0 12.6 141.8 4 283.5 12.6 283.5 0z\"\/>\n\t<path class=\"elementor-shape-fill\" style=\"opacity:0.33\" d=\"M0 0L0 6.4 141.8 4 283.5 6.4 283.5 0z\"\/>\n\t<path class=\"elementor-shape-fill\" d=\"M0 0L0 1.2 141.8 4 283.5 1.2 283.5 0z\"\/>\n<\/svg>\t\t<\/div>\n\t\t\t\t\t<div class=\"elementor-container elementor-column-gap-default\">\n\t\t\t\t\t<div class=\"elementor-column elementor-col-100 elementor-top-column elementor-element elementor-element-e08acca\" data-id=\"e08acca\" data-element_type=\"column\" data-e-type=\"column\">\n\t\t\t<div class=\"elementor-widget-wrap elementor-element-populated\">\n\t\t\t\t\t\t<div class=\"elementor-element elementor-element-95814da elementor-widget elementor-widget-spacer\" data-id=\"95814da\" data-element_type=\"widget\" data-e-type=\"widget\" data-widget_type=\"spacer.default\">\n\t\t\t\t<div class=\"elementor-widget-container\">\n\t\t\t\t\t\t\t<div class=\"elementor-spacer\">\n\t\t\t<div class=\"elementor-spacer-inner\"><\/div>\n\t\t<\/div>\n\t\t\t\t\t\t<\/div>\n\t\t\t\t<\/div>\n\t\t\t\t<div class=\"elementor-element elementor-element-ee829b9 elementor-widget elementor-widget-heading\" data-id=\"ee829b9\" data-element_type=\"widget\" data-e-type=\"widget\" data-widget_type=\"heading.default\">\n\t\t\t\t<div class=\"elementor-widget-container\">\n\t\t\t\t\t<h1 class=\"elementor-heading-title elementor-size-default\">Ciblage par Code Postal<\/h1>\t\t\t\t<\/div>\n\t\t\t\t<\/div>\n\t\t\t\t<div class=\"elementor-element elementor-element-e5da84f elementor-widget elementor-widget-spacer\" data-id=\"e5da84f\" data-element_type=\"widget\" data-e-type=\"widget\" data-widget_type=\"spacer.default\">\n\t\t\t\t<div class=\"elementor-widget-container\">\n\t\t\t\t\t\t\t<div class=\"elementor-spacer\">\n\t\t\t<div class=\"elementor-spacer-inner\"><\/div>\n\t\t<\/div>\n\t\t\t\t\t\t<\/div>\n\t\t\t\t<\/div>\n\t\t\t\t\t<\/div>\n\t\t<\/div>\n\t\t\t\t\t<\/div>\n\t\t<\/section>\n\t\t\t\t<section class=\"elementor-section elementor-top-section elementor-element elementor-element-4a5f144 elementor-section-boxed elementor-section-height-default elementor-section-height-default\" data-id=\"4a5f144\" data-element_type=\"section\" data-e-type=\"section\">\n\t\t\t\t\t\t<div class=\"elementor-container elementor-column-gap-default\">\n\t\t\t\t\t<div class=\"elementor-column elementor-col-50 elementor-top-column elementor-element elementor-element-df1b68e\" data-id=\"df1b68e\" data-element_type=\"column\" data-e-type=\"column\">\n\t\t\t<div class=\"elementor-widget-wrap elementor-element-populated\">\n\t\t\t\t\t\t<div class=\"elementor-element elementor-element-3a38afe elementor-widget elementor-widget-text-editor\" data-id=\"3a38afe\" data-element_type=\"widget\" data-e-type=\"widget\" data-widget_type=\"text-editor.default\">\n\t\t\t\t<div class=\"elementor-widget-container\">\n\t\t\t\t\t\t\t\t\t<p><!--StartFragment --><\/p><p><strong>Cr\u00e9ation d\u2019envois PCT avec iAddress\u2122<\/strong><\/p><p>Les envois PCT comportent une adresse non personnalis\u00e9e (c\u2019est-\u00e0-dire sans nom de destinataire). Il existe deux fa\u00e7ons de cr\u00e9er ce fichier d\u2019impression :<\/p><p>\u2022 Travailler avec l\u2019\u00e9quipe de donn\u00e9es de Postes Canada. Cette option prend plus de temps, mais elle permet d\u2019acc\u00e9der \u00e0 une gamme plus compl\u00e8te de donn\u00e9es d\u00e9mographiques que celles disponibles dans iAddress\u2122.<br \/>\u2022 Cr\u00e9er le fichier en temps r\u00e9el \u00e0 l\u2019aide du module PCT d\u2019iAddress\u2122, en suivant les instructions ci-dessous.<\/p><p><strong>1. <span style=\"text-decoration: underline;\">Importation de vos codes postaux cibles<\/span><\/strong><\/p><p>S\u00e9lectionnez Fichier &gt; Cr\u00e9er un travail et choisissez votre base de donn\u00e9es d\u2019entr\u00e9e. Vous pouvez choisir :<br \/>\u2022 Une liste de codes postaux<br \/>\u2022 Une liste d\u2019adresses<\/p><p>Si vous importez une liste de codes postaux, vous devez cocher la case \u00ab Liste de codes postaux \u00bb sur l\u2019\u00e9cran de s\u00e9lection des adresses.<\/p><p><!--EndFragment --><\/p><p><!--StartFragment --><\/p><p>2. <span style=\"text-decoration: underline;\"><strong>Utilisation d\u2019une liste de suppression ou de test (optionnel)<\/strong><\/span><\/p><p>Pour ajouter ces listes, s\u00e9lectionnez <strong>Fichier &gt; Fusionner dans le travail<\/strong> pour chaque liste. Veuillez noter que ces listes doivent contenir des adresses compl\u00e8tes.<\/p><p>Ex\u00e9cutez <strong>Gestion des adresses &gt; Correction\/Validation<\/strong> pour activer ces fichiers dans le module PCT.<\/p><p><strong>3.<span style=\"text-decoration: underline;\"> Cr\u00e9ation d\u2019une liste PCT<\/span><\/strong><\/p><p>S\u00e9lectionnez <strong>Gestion des adresses &gt; Ciblage par code postal<\/strong>.<\/p><p>Si vous avez inclus une liste de suppression et\/ou de test, identifiez le fichier appropri\u00e9 dans les onglets <strong>Liste CP<\/strong>, <strong>Liste de test<\/strong> et <strong>Liste de suppression<\/strong>. Dans chaque onglet, cliquez sur <strong>S\u00e9lectionner par fichier fusionn\u00e9<\/strong> et choisissez le nom de fichier correspondant.<\/p><p><!--EndFragment --><\/p><p><!--StartFragment --><\/p><p>Cliquez sur l\u2019onglet Filtres et s\u00e9lectionnez les informations suivantes :<\/p><p>\u2022 <strong>OBLIGATOIRE :<\/strong> Le client pour lequel l\u2019envoi PCT est produit. Ce menu d\u00e9roulant inclura toutes les entr\u00e9es de votre base de donn\u00e9es clients iAddress\u2122.<br \/>\u2022 <strong>OPTIONNEL :<\/strong> Les inclusions ou exclusions que vous souhaitez appliquer \u00e0 la liste PCT finale.<br \/>\u2022 <strong>OPTIONNEL :<\/strong> Le nombre maximal d\u2019articles (appel\u00e9s codes-barres) dans l\u2019envoi.<\/p><p>Click <strong>Mailing Estimate<\/strong>. A report will be produced with the following information.<\/p><ul><li>Job name, date, and time<\/li><li>Total number of pieces created<\/li><li>Total mailing price<\/li><li>Statistics on the PCT job<\/li><\/ul><p>You can make changes to the job by revising your <strong>Filters<\/strong> criteria and clicking <strong>Mailing Estimate<\/strong> again.<\/p><p><strong>4. <span style=\"text-decoration: underline;\">Creating a PCT Mailing<\/span><\/strong><\/p><p>Once you are satisfied with your PCT job, select an option to continue.<\/p><ol><li>Converting your results to a print file:<\/li><\/ol><p>If you wish to create a Machineable or Special Handling or want to create labels for your PCT mailing, click <strong>Convert to Mailing List<\/strong>. This will return you to the Select Address screen with the PCT addresses as the input file. You will be warned that the PCT data will overwrite your original input data. Select <strong>Yes<\/strong> to continue.<\/p><p>Continue to <strong>Presort &gt; Sort<\/strong> and select the appropriate Postal Code Targeting option.<\/p><ol start=\"2\"><li>Converting your results to a print file:<\/li><\/ol><p>If you only want a print file of your PCT results, click <strong>Create Mailing<\/strong>. A summary report will be produced along with a file of PCT addresses.<\/p><p><strong>5. <span style=\"text-decoration: underline;\">Designing and Printing your PCT Mailpiece<\/span><\/strong><\/p><p>Your PCT mailpiece must conform to Canada Post\u2019s design specifications for PCT mail including the appropriate indicia. The following links are current at the date of posting.<\/p><p><strong>Smartmail Marketing Customer Guides:<\/strong><\/p><p><a href=\"https:\/\/www.canadapost-postescanada.ca\/cpc\/doc\/en\/support\/customer-guide\/smartmail-marketing.pdf\">https:\/\/www.canadapost-postescanada.ca\/cpc\/doc\/en\/support\/customer-guide\/smartmail-marketing.pdf<\/a>.<\/p><p><a href=\"https:\/\/www.canadapost-postescanada.ca\/scp\/doc\/fr\/soutien\/guide-client\/guide-de-solutions-marketing-intelliposte.pdf\">https:\/\/www.canadapost-postescanada.ca\/scp\/doc\/fr\/soutien\/guide-client\/guide-de-solutions-marketing-intelliposte.pdf<\/a><\/p><p><strong>Canada Post Postal Indicia Tool:<\/strong><\/p><p><a href=\"https:\/\/www.canadapost-postescanada.ca\/cpc\/en\/tools\/postal-indicia.page\">https:\/\/www.canadapost-postescanada.ca\/cpc\/en\/tools\/postal-indicia.page<\/a><\/p><p><a href=\"https:\/\/www.canadapost-postescanada.ca\/scp\/fr\/outils\/vignettes-postales.page\">https:\/\/www.canadapost-postescanada.ca\/scp\/fr\/outils\/vignettes-postales.page<\/a><\/p><p><!--EndFragment --><\/p>\t\t\t\t\t\t\t\t<\/div>\n\t\t\t\t<\/div>\n\t\t\t\t\t<\/div>\n\t\t<\/div>\n\t\t\t\t<div class=\"elementor-column elementor-col-50 elementor-top-column elementor-element elementor-element-33637d4\" data-id=\"33637d4\" data-element_type=\"column\" data-e-type=\"column\">\n\t\t\t<div class=\"elementor-widget-wrap elementor-element-populated\">\n\t\t\t\t\t\t<div class=\"elementor-element elementor-element-3d54107 elementor-widget elementor-widget-image\" data-id=\"3d54107\" data-element_type=\"widget\" data-e-type=\"widget\" data-widget_type=\"image.default\">\n\t\t\t\t<div class=\"elementor-widget-container\">\n\t\t\t\t\t\t\t\t\t\t\t\t\t\t\t<img fetchpriority=\"high\" decoding=\"async\" width=\"407\" height=\"564\" src=\"https:\/\/www.flagshipsoftware.com\/fsweb\/wp-content\/uploads\/2022\/06\/Postal-Code-Targeting.FR_.2.png\" class=\"attachment-medium_large size-medium_large wp-image-5592\" alt=\"\" \/>\t\t\t\t\t\t\t\t\t\t\t\t\t\t\t<\/div>\n\t\t\t\t<\/div>\n\t\t\t\t<div class=\"elementor-element elementor-element-f3bfa80 elementor-widget elementor-widget-image\" data-id=\"f3bfa80\" data-element_type=\"widget\" data-e-type=\"widget\" data-widget_type=\"image.default\">\n\t\t\t\t<div class=\"elementor-widget-container\">\n\t\t\t\t\t\t\t\t\t\t\t\t\t\t\t<img decoding=\"async\" width=\"410\" height=\"564\" src=\"https:\/\/www.flagshipsoftware.com\/fsweb\/wp-content\/uploads\/2022\/06\/Postal-Code-Targeting.FR_.3.png\" class=\"attachment-large size-large wp-image-5593\" alt=\"\" \/>\t\t\t\t\t\t\t\t\t\t\t\t\t\t\t<\/div>\n\t\t\t\t<\/div>\n\t\t\t\t<div class=\"elementor-element elementor-element-2e21ef8 elementor-widget elementor-widget-image\" data-id=\"2e21ef8\" data-element_type=\"widget\" data-e-type=\"widget\" data-widget_type=\"image.default\">\n\t\t\t\t<div class=\"elementor-widget-container\">\n\t\t\t\t\t\t\t\t\t\t\t\t\t\t\t<img decoding=\"async\" width=\"401\" height=\"564\" src=\"https:\/\/www.flagshipsoftware.com\/fsweb\/wp-content\/uploads\/2022\/06\/Postal-Code-Targeting.FR_.4.png\" class=\"attachment-large size-large wp-image-5594\" alt=\"\" \/>\t\t\t\t\t\t\t\t\t\t\t\t\t\t\t<\/div>\n\t\t\t\t<\/div>\n\t\t\t\t<div class=\"elementor-element elementor-element-563a11b elementor-widget elementor-widget-image\" data-id=\"563a11b\" data-element_type=\"widget\" data-e-type=\"widget\" data-widget_type=\"image.default\">\n\t\t\t\t<div class=\"elementor-widget-container\">\n\t\t\t\t\t\t\t\t\t\t\t\t\t\t\t<img loading=\"lazy\" decoding=\"async\" width=\"409\" height=\"566\" src=\"https:\/\/www.flagshipsoftware.com\/fsweb\/wp-content\/uploads\/2022\/06\/Postal-Code-Targeting.FR_.5.png\" class=\"attachment-large size-large wp-image-5595\" alt=\"\" \/>\t\t\t\t\t\t\t\t\t\t\t\t\t\t\t<\/div>\n\t\t\t\t<\/div>\n\t\t\t\t\t<\/div>\n\t\t<\/div>\n\t\t\t\t\t<\/div>\n\t\t<\/section>\n\t\t\t\t<\/div>\n\t\t","protected":false},"excerpt":{"rendered":"<p>Ciblage par Code Postal Cr\u00e9ation d\u2019envois PCT avec iAddress\u2122 Les envois PCT comportent une adresse non personnalis\u00e9e (c\u2019est-\u00e0-dire sans nom de destinataire). Il existe deux fa\u00e7ons de cr\u00e9er ce fichier d\u2019impression : \u2022 Travailler avec l\u2019\u00e9quipe de donn\u00e9es de Postes Canada. Cette option prend plus de temps, mais elle permet d\u2019acc\u00e9der \u00e0 une gamme plus [&hellip;]<\/p>\n","protected":false},"author":2,"featured_media":0,"parent":0,"menu_order":0,"comment_status":"closed","ping_status":"closed","template":"","meta":{"site-sidebar-layout":"no-sidebar","site-content-layout":"page-builder","ast-site-content-layout":"default","site-content-style":"default","site-sidebar-style":"default","ast-global-header-display":"","ast-banner-title-visibility":"","ast-main-header-display":"","ast-hfb-above-header-display":"","ast-hfb-below-header-display":"","ast-hfb-mobile-header-display":"","site-post-title":"disabled","ast-breadcrumbs-content":"","ast-featured-img":"disabled","footer-sml-layout":"","ast-disable-related-posts":"","theme-transparent-header-meta":"","adv-header-id-meta":"","stick-header-meta":"","header-above-stick-meta":"","header-main-stick-meta":"","header-below-stick-meta":"","astra-migrate-meta-layouts":"default","ast-page-background-enabled":"default","ast-page-background-meta":{"desktop":{"background-color":"","background-image":"","background-repeat":"repeat","background-position":"center center","background-size":"auto","background-attachment":"scroll","background-type":"","background-media":"","overlay-type":"","overlay-color":"","overlay-opacity":"","overlay-gradient":""},"tablet":{"background-color":"","background-image":"","background-repeat":"repeat","background-position":"center center","background-size":"auto","background-attachment":"scroll","background-type":"","background-media":"","overlay-type":"","overlay-color":"","overlay-opacity":"","overlay-gradient":""},"mobile":{"background-color":"","background-image":"","background-repeat":"repeat","background-position":"center center","background-size":"auto","background-attachment":"scroll","background-type":"","background-media":"","overlay-type":"","overlay-color":"","overlay-opacity":"","overlay-gradient":""}},"ast-content-background-meta":{"desktop":{"background-color":"var(--ast-global-color-5)","background-image":"","background-repeat":"repeat","background-position":"center center","background-size":"auto","background-attachment":"scroll","background-type":"","background-media":"","overlay-type":"","overlay-color":"","overlay-opacity":"","overlay-gradient":""},"tablet":{"background-color":"var(--ast-global-color-5)","background-image":"","background-repeat":"repeat","background-position":"center center","background-size":"auto","background-attachment":"scroll","background-type":"","background-media":"","overlay-type":"","overlay-color":"","overlay-opacity":"","overlay-gradient":""},"mobile":{"background-color":"var(--ast-global-color-5)","background-image":"","background-repeat":"repeat","background-position":"center center","background-size":"auto","background-attachment":"scroll","background-type":"","background-media":"","overlay-type":"","overlay-color":"","overlay-opacity":"","overlay-gradient":""}},"footnotes":""},"class_list":["post-5588","page","type-page","status-publish","hentry"],"_links":{"self":[{"href":"https:\/\/www.flagshipsoftware.com\/fsweb\/wp-json\/wp\/v2\/pages\/5588","targetHints":{"allow":["GET"]}}],"collection":[{"href":"https:\/\/www.flagshipsoftware.com\/fsweb\/wp-json\/wp\/v2\/pages"}],"about":[{"href":"https:\/\/www.flagshipsoftware.com\/fsweb\/wp-json\/wp\/v2\/types\/page"}],"author":[{"embeddable":true,"href":"https:\/\/www.flagshipsoftware.com\/fsweb\/wp-json\/wp\/v2\/users\/2"}],"replies":[{"embeddable":true,"href":"https:\/\/www.flagshipsoftware.com\/fsweb\/wp-json\/wp\/v2\/comments?post=5588"}],"version-history":[{"count":7,"href":"https:\/\/www.flagshipsoftware.com\/fsweb\/wp-json\/wp\/v2\/pages\/5588\/revisions"}],"predecessor-version":[{"id":8076,"href":"https:\/\/www.flagshipsoftware.com\/fsweb\/wp-json\/wp\/v2\/pages\/5588\/revisions\/8076"}],"wp:attachment":[{"href":"https:\/\/www.flagshipsoftware.com\/fsweb\/wp-json\/wp\/v2\/media?parent=5588"}],"curies":[{"name":"wp","href":"https:\/\/api.w.org\/{rel}","templated":true}]}}