{"id":5599,"date":"2022-06-09T12:49:08","date_gmt":"2022-06-09T16:49:08","guid":{"rendered":"http:\/\/lobster.f\/fsweb\/?page_id=5599"},"modified":"2022-06-09T12:57:02","modified_gmt":"2022-06-09T16:57:02","slug":"field-formatting-fr","status":"publish","type":"page","link":"https:\/\/www.flagshipsoftware.com\/fsweb\/fr\/field-formatting-fr\/","title":{"rendered":"Field Formatting FR"},"content":{"rendered":"\t\t<div data-elementor-type=\"wp-page\" data-elementor-id=\"5599\" class=\"elementor elementor-5599\" data-elementor-post-type=\"page\">\n\t\t\t\t\t\t<section class=\"elementor-section elementor-top-section elementor-element elementor-element-3269170 elementor-section-full_width elementor-section-height-default elementor-section-height-default\" data-id=\"3269170\" data-element_type=\"section\" data-e-type=\"section\" data-settings=\"{&quot;shape_divider_top&quot;:&quot;opacity-fan&quot;}\">\n\t\t\t\t\t<div class=\"elementor-shape elementor-shape-top\" aria-hidden=\"true\" data-negative=\"false\">\n\t\t\t<svg xmlns=\"http:\/\/www.w3.org\/2000\/svg\" viewBox=\"0 0 283.5 19.6\" preserveAspectRatio=\"none\">\n\t<path class=\"elementor-shape-fill\" style=\"opacity:0.33\" d=\"M0 0L0 18.8 141.8 4.1 283.5 18.8 283.5 0z\"\/>\n\t<path class=\"elementor-shape-fill\" style=\"opacity:0.33\" d=\"M0 0L0 12.6 141.8 4 283.5 12.6 283.5 0z\"\/>\n\t<path class=\"elementor-shape-fill\" style=\"opacity:0.33\" d=\"M0 0L0 6.4 141.8 4 283.5 6.4 283.5 0z\"\/>\n\t<path class=\"elementor-shape-fill\" d=\"M0 0L0 1.2 141.8 4 283.5 1.2 283.5 0z\"\/>\n<\/svg>\t\t<\/div>\n\t\t\t\t\t<div class=\"elementor-container elementor-column-gap-default\">\n\t\t\t\t\t<div class=\"elementor-column elementor-col-100 elementor-top-column elementor-element elementor-element-46081f5\" data-id=\"46081f5\" data-element_type=\"column\" data-e-type=\"column\">\n\t\t\t<div class=\"elementor-widget-wrap elementor-element-populated\">\n\t\t\t\t\t\t<div class=\"elementor-element elementor-element-1dadaf7 elementor-widget elementor-widget-spacer\" data-id=\"1dadaf7\" data-element_type=\"widget\" data-e-type=\"widget\" data-widget_type=\"spacer.default\">\n\t\t\t\t<div class=\"elementor-widget-container\">\n\t\t\t\t\t\t\t<div class=\"elementor-spacer\">\n\t\t\t<div class=\"elementor-spacer-inner\"><\/div>\n\t\t<\/div>\n\t\t\t\t\t\t<\/div>\n\t\t\t\t<\/div>\n\t\t\t\t<div class=\"elementor-element elementor-element-2b6d245 elementor-widget elementor-widget-heading\" data-id=\"2b6d245\" data-element_type=\"widget\" data-e-type=\"widget\" data-widget_type=\"heading.default\">\n\t\t\t\t<div class=\"elementor-widget-container\">\n\t\t\t\t\t<h1 class=\"elementor-heading-title elementor-size-default\">Formatage des champs<\/h1>\t\t\t\t<\/div>\n\t\t\t\t<\/div>\n\t\t\t\t<div class=\"elementor-element elementor-element-090eb62 elementor-widget elementor-widget-spacer\" data-id=\"090eb62\" data-element_type=\"widget\" data-e-type=\"widget\" data-widget_type=\"spacer.default\">\n\t\t\t\t<div class=\"elementor-widget-container\">\n\t\t\t\t\t\t\t<div class=\"elementor-spacer\">\n\t\t\t<div class=\"elementor-spacer-inner\"><\/div>\n\t\t<\/div>\n\t\t\t\t\t\t<\/div>\n\t\t\t\t<\/div>\n\t\t\t\t\t<\/div>\n\t\t<\/div>\n\t\t\t\t\t<\/div>\n\t\t<\/section>\n\t\t\t\t<section class=\"elementor-section elementor-top-section elementor-element elementor-element-46d1286 elementor-section-full_width elementor-section-height-default elementor-section-height-default\" data-id=\"46d1286\" data-element_type=\"section\" data-e-type=\"section\">\n\t\t\t\t\t\t<div class=\"elementor-container elementor-column-gap-default\">\n\t\t\t\t\t<div class=\"elementor-column elementor-col-50 elementor-top-column elementor-element elementor-element-ee30e5d\" data-id=\"ee30e5d\" data-element_type=\"column\" data-e-type=\"column\">\n\t\t\t<div class=\"elementor-widget-wrap elementor-element-populated\">\n\t\t\t\t\t\t<div class=\"elementor-element elementor-element-0ab6be4 elementor-widget elementor-widget-text-editor\" data-id=\"0ab6be4\" data-element_type=\"widget\" data-e-type=\"widget\" data-widget_type=\"text-editor.default\">\n\t\t\t\t<div class=\"elementor-widget-container\">\n\t\t\t\t\t\t\t\t\t<p>Vous souhaiterez peut-\u00eatre envoyer uniquement des parties de votre travail, peut-\u00eatre sous forme d&#8217;\u00e9chantillonnage al\u00e9atoire ou \u00e0 des adresses r\u00e9pondant \u00e0 des exigences sp\u00e9cifiques. En s\u00e9lectionnant Filtrer les envois dans le menu Gestion des adresses, vous pouvez d\u00e9cider du nombre d&#8217;adresses et des adresses que vous souhaitez utiliser pour votre envoi.<\/p><p>Apr\u00e8s avoir s\u00e9lectionn\u00e9 Filtrer les envois, vous avez le choix entre plusieurs options. Vous pouvez choisir l&#8217;une des options d&#8217;onglet suivantes:<\/p><p><strong>D\u00e9mographie:<\/strong><\/p><ul><li>S\u00e9lection intelligente\u00a0:\u00a0vous permet de s\u00e9lectionner votre envoi en supprimant les \u00c9tats\/Provinces, les Villes, les Types d&#8217;adresse et\/ou les FSAOM (Canada)\/Zip CodeTM\u00a0(\u00c9tats-Unis).<\/li><li>S\u00e9lection al\u00e9atoire\u00a0:\u00a0vous permet de choisir un exemple de publipostage dans votre base de donn\u00e9es.<br \/>SQL Exclude : un filtre expert, qui vous permet de cr\u00e9er une requ\u00eate de base de donn\u00e9es pour supprimer des enregistrements de votre base de donn\u00e9es.<\/li><li>Filtre d&#8217;adresse : un filtre combin\u00e9 permettant l&#8217;exclusion en fonction des types de correction, des fichiers ou des lignes vides.<\/li><li>Caract\u00e8res suppl\u00e9mentaires : supprime les symboles et autres caract\u00e8res qui repr\u00e9sentent des commandes dans certains formats de base de donn\u00e9es. Ces symboles et caract\u00e8res peuvent avoir un impact sur l&#8217;impression des fichiers ult\u00e9rieurement.<\/li><li>Exclure personnalis\u00e9 : un filtre personnalis\u00e9 avanc\u00e9 qui vous permet de filtrer en fonction de r\u00e8gles sp\u00e9cifiques.<\/li><li>Filtre de g\u00e9ocodage (Canada uniquement)\u00a0:\u00a0si vous avez ex\u00e9cut\u00e9 le g\u00e9ocodage avec une liste de distances, vous pouvez filtrer les enregistrements en fonction de la distance.<\/li><\/ul><p><strong>D\u00e9mographie<\/strong><\/p><p>Vous pouvez acc\u00e9der aux cat\u00e9gories d\u00e9mographiques via l&#8217;onglet &#8220;Filtrer les envois&#8221; iAddress\u2122. Ici, vous avez la possibilit\u00e9 de s\u00e9lectionner des cat\u00e9gories d\u00e9mographiques et des sous-cat\u00e9gories \u00e0 filtrer et \u00e0 appliquer \u00e0 votre liste de diffusion.<\/p>\t\t\t\t\t\t\t\t<\/div>\n\t\t\t\t<\/div>\n\t\t\t\t\t<\/div>\n\t\t<\/div>\n\t\t\t\t<div class=\"elementor-column elementor-col-50 elementor-top-column elementor-element elementor-element-3333b13\" data-id=\"3333b13\" data-element_type=\"column\" data-e-type=\"column\">\n\t\t\t<div class=\"elementor-widget-wrap elementor-element-populated\">\n\t\t\t\t\t\t<div class=\"elementor-element elementor-element-27fe780 elementor-widget elementor-widget-image\" data-id=\"27fe780\" data-element_type=\"widget\" data-e-type=\"widget\" data-widget_type=\"image.default\">\n\t\t\t\t<div class=\"elementor-widget-container\">\n\t\t\t\t\t\t\t\t\t\t\t\t\t\t\t<img fetchpriority=\"high\" decoding=\"async\" width=\"631\" height=\"387\" src=\"https:\/\/www.flagshipsoftware.com\/fsweb\/wp-content\/uploads\/2022\/06\/Field-Formatting.FR_.1.png\" class=\"attachment-medium_large size-medium_large wp-image-5602\" alt=\"\" \/>\t\t\t\t\t\t\t\t\t\t\t\t\t\t\t<\/div>\n\t\t\t\t<\/div>\n\t\t\t\t<div class=\"elementor-element elementor-element-4c61d89 elementor-widget elementor-widget-image\" data-id=\"4c61d89\" data-element_type=\"widget\" data-e-type=\"widget\" data-widget_type=\"image.default\">\n\t\t\t\t<div class=\"elementor-widget-container\">\n\t\t\t\t\t\t\t\t\t\t\t\t\t\t\t<img decoding=\"async\" width=\"621\" height=\"581\" src=\"https:\/\/www.flagshipsoftware.com\/fsweb\/wp-content\/uploads\/2022\/06\/Field-Formatting.FR_.2.png\" class=\"attachment-medium_large size-medium_large wp-image-5603\" alt=\"\" \/>\t\t\t\t\t\t\t\t\t\t\t\t\t\t\t<\/div>\n\t\t\t\t<\/div>\n\t\t\t\t\t<\/div>\n\t\t<\/div>\n\t\t\t\t\t<\/div>\n\t\t<\/section>\n\t\t\t\t<\/div>\n\t\t","protected":false},"excerpt":{"rendered":"<p>Formatage des champs Vous souhaiterez peut-\u00eatre envoyer uniquement des parties de votre travail, peut-\u00eatre sous forme d&#8217;\u00e9chantillonnage al\u00e9atoire ou \u00e0 des adresses r\u00e9pondant \u00e0 des exigences sp\u00e9cifiques. En s\u00e9lectionnant Filtrer les envois dans le menu Gestion des adresses, vous pouvez d\u00e9cider du nombre d&#8217;adresses et des adresses que vous souhaitez utiliser pour votre envoi. Apr\u00e8s [&hellip;]<\/p>\n","protected":false},"author":2,"featured_media":0,"parent":0,"menu_order":0,"comment_status":"closed","ping_status":"closed","template":"elementor_header_footer","meta":{"site-sidebar-layout":"no-sidebar","site-content-layout":"page-builder","ast-site-content-layout":"default","site-content-style":"default","site-sidebar-style":"default","ast-global-header-display":"","ast-banner-title-visibility":"","ast-main-header-display":"","ast-hfb-above-header-display":"","ast-hfb-below-header-display":"","ast-hfb-mobile-header-display":"","site-post-title":"disabled","ast-breadcrumbs-content":"","ast-featured-img":"disabled","footer-sml-layout":"","ast-disable-related-posts":"","theme-transparent-header-meta":"","adv-header-id-meta":"","stick-header-meta":"","header-above-stick-meta":"","header-main-stick-meta":"","header-below-stick-meta":"","astra-migrate-meta-layouts":"default","ast-page-background-enabled":"default","ast-page-background-meta":{"desktop":{"background-color":"","background-image":"","background-repeat":"repeat","background-position":"center center","background-size":"auto","background-attachment":"scroll","background-type":"","background-media":"","overlay-type":"","overlay-color":"","overlay-opacity":"","overlay-gradient":""},"tablet":{"background-color":"","background-image":"","background-repeat":"repeat","background-position":"center center","background-size":"auto","background-attachment":"scroll","background-type":"","background-media":"","overlay-type":"","overlay-color":"","overlay-opacity":"","overlay-gradient":""},"mobile":{"background-color":"","background-image":"","background-repeat":"repeat","background-position":"center center","background-size":"auto","background-attachment":"scroll","background-type":"","background-media":"","overlay-type":"","overlay-color":"","overlay-opacity":"","overlay-gradient":""}},"ast-content-background-meta":{"desktop":{"background-color":"var(--ast-global-color-5)","background-image":"","background-repeat":"repeat","background-position":"center center","background-size":"auto","background-attachment":"scroll","background-type":"","background-media":"","overlay-type":"","overlay-color":"","overlay-opacity":"","overlay-gradient":""},"tablet":{"background-color":"var(--ast-global-color-5)","background-image":"","background-repeat":"repeat","background-position":"center center","background-size":"auto","background-attachment":"scroll","background-type":"","background-media":"","overlay-type":"","overlay-color":"","overlay-opacity":"","overlay-gradient":""},"mobile":{"background-color":"var(--ast-global-color-5)","background-image":"","background-repeat":"repeat","background-position":"center center","background-size":"auto","background-attachment":"scroll","background-type":"","background-media":"","overlay-type":"","overlay-color":"","overlay-opacity":"","overlay-gradient":""}},"footnotes":""},"class_list":["post-5599","page","type-page","status-publish","hentry"],"_links":{"self":[{"href":"https:\/\/www.flagshipsoftware.com\/fsweb\/wp-json\/wp\/v2\/pages\/5599","targetHints":{"allow":["GET"]}}],"collection":[{"href":"https:\/\/www.flagshipsoftware.com\/fsweb\/wp-json\/wp\/v2\/pages"}],"about":[{"href":"https:\/\/www.flagshipsoftware.com\/fsweb\/wp-json\/wp\/v2\/types\/page"}],"author":[{"embeddable":true,"href":"https:\/\/www.flagshipsoftware.com\/fsweb\/wp-json\/wp\/v2\/users\/2"}],"replies":[{"embeddable":true,"href":"https:\/\/www.flagshipsoftware.com\/fsweb\/wp-json\/wp\/v2\/comments?post=5599"}],"version-history":[{"count":4,"href":"https:\/\/www.flagshipsoftware.com\/fsweb\/wp-json\/wp\/v2\/pages\/5599\/revisions"}],"predecessor-version":[{"id":5606,"href":"https:\/\/www.flagshipsoftware.com\/fsweb\/wp-json\/wp\/v2\/pages\/5599\/revisions\/5606"}],"wp:attachment":[{"href":"https:\/\/www.flagshipsoftware.com\/fsweb\/wp-json\/wp\/v2\/media?parent=5599"}],"curies":[{"name":"wp","href":"https:\/\/api.w.org\/{rel}","templated":true}]}}