{"id":5675,"date":"2022-06-13T13:27:37","date_gmt":"2022-06-13T17:27:37","guid":{"rendered":"http:\/\/lobster.f\/fsweb\/?page_id=5675"},"modified":"2026-02-05T12:27:58","modified_gmt":"2026-02-05T17:27:58","slug":"fs-dms-fr","status":"publish","type":"page","link":"https:\/\/www.flagshipsoftware.com\/fsweb\/fr\/fs-dms-fr\/","title":{"rendered":"FS DMS FR"},"content":{"rendered":"\t\t<div data-elementor-type=\"wp-page\" data-elementor-id=\"5675\" class=\"elementor elementor-5675\" data-elementor-post-type=\"page\">\n\t\t\t\t\t\t<section class=\"elementor-section elementor-top-section elementor-element elementor-element-1b0a5d33 elementor-section-boxed elementor-section-height-default elementor-section-height-default\" data-id=\"1b0a5d33\" data-element_type=\"section\" data-settings=\"{&quot;background_background&quot;:&quot;classic&quot;}\">\n\t\t\t\t\t\t\t<div class=\"elementor-background-overlay\"><\/div>\n\t\t\t\t\t\t\t<div class=\"elementor-container elementor-column-gap-default\">\n\t\t\t\t\t<div class=\"elementor-column elementor-col-100 elementor-top-column elementor-element elementor-element-1f841ba\" data-id=\"1f841ba\" data-element_type=\"column\">\n\t\t\t<div class=\"elementor-widget-wrap elementor-element-populated\">\n\t\t\t\t\t\t\t<\/div>\n\t\t<\/div>\n\t\t\t\t\t<\/div>\n\t\t<\/section>\n\t\t\t\t<section class=\"elementor-section elementor-top-section elementor-element elementor-element-4d2c9e9 elementor-reverse-mobile elementor-section-boxed elementor-section-height-default elementor-section-height-default\" data-id=\"4d2c9e9\" data-element_type=\"section\">\n\t\t\t\t\t\t<div class=\"elementor-container elementor-column-gap-no\">\n\t\t\t\t\t<div class=\"elementor-column elementor-col-50 elementor-top-column elementor-element elementor-element-1148300\" data-id=\"1148300\" data-element_type=\"column\">\n\t\t\t<div class=\"elementor-widget-wrap elementor-element-populated\">\n\t\t\t\t\t\t<div class=\"elementor-element elementor-element-5070b618 elementor-widget elementor-widget-heading\" data-id=\"5070b618\" data-element_type=\"widget\" data-widget_type=\"heading.default\">\n\t\t\t\t<div class=\"elementor-widget-container\">\n\t\t\t\t\t<h2 class=\"elementor-heading-title elementor-size-default\">FS DMS<\/h2>\t\t\t\t<\/div>\n\t\t\t\t<\/div>\n\t\t\t\t<div class=\"elementor-element elementor-element-62d352e2 elementor-widget elementor-widget-text-editor\" data-id=\"62d352e2\" data-element_type=\"widget\" data-widget_type=\"text-editor.default\">\n\t\t\t\t<div class=\"elementor-widget-container\">\n\t\t\t\t\t\t\t\t\t<p data-start=\"145\" data-end=\"484\"><strong data-start=\"145\" data-end=\"155\">FS DMS<\/strong> offre une solution cl\u00e9 en main, simple et efficace, pour r\u00e9pondre \u00e0 tous vos besoins en mati\u00e8re d\u2019insertion de documents. Con\u00e7u pour les ordinateurs Windows, son interface intuitive par glisser-d\u00e9poser s\u2019int\u00e8gre facilement \u00e0 vos applications existantes, sans modification de vos syst\u00e8mes ni intervention du service informatique.<\/p><p data-start=\"486\" data-end=\"844\">FS DMS simplifie le regroupement et le tri des documents en automatisant l\u2019organisation des documents non imprim\u00e9s et en rassemblant les pages destin\u00e9es \u00e0 un m\u00eame destinataire dans une seule enveloppe, ou en les acheminant par courriel. Cette approche permet de r\u00e9duire les co\u00fbts d\u2019impression et d\u2019affranchissement tout en am\u00e9liorant la productivit\u00e9 globale.<\/p><p data-start=\"846\" data-end=\"1007\">Disponible en tant que produit autonome, FS DMS constitue une solution conviviale et rentable pour optimiser et rationaliser vos flux de traitement documentaire.<\/p>\t\t\t\t\t\t\t\t<\/div>\n\t\t\t\t<\/div>\n\t\t\t\t\t<\/div>\n\t\t<\/div>\n\t\t\t\t<div class=\"elementor-column elementor-col-50 elementor-top-column elementor-element elementor-element-7285665\" data-id=\"7285665\" data-element_type=\"column\">\n\t\t\t<div class=\"elementor-widget-wrap elementor-element-populated\">\n\t\t\t\t\t\t<div class=\"elementor-element elementor-element-697cdd6 elementor-widget elementor-widget-image\" data-id=\"697cdd6\" data-element_type=\"widget\" data-widget_type=\"image.default\">\n\t\t\t\t<div class=\"elementor-widget-container\">\n\t\t\t\t\t\t\t\t\t\t\t\t\t\t\t<img fetchpriority=\"high\" decoding=\"async\" width=\"1024\" height=\"683\" src=\"https:\/\/www.flagshipsoftware.com\/fsweb\/wp-content\/uploads\/2026\/02\/ChatGPT-Image-Feb-4-2026-01_49_33-PM-1024x683.png\" class=\"attachment-large size-large wp-image-8312\" alt=\"\" srcset=\"https:\/\/www.flagshipsoftware.com\/fsweb\/wp-content\/uploads\/2026\/02\/ChatGPT-Image-Feb-4-2026-01_49_33-PM-1024x683.png 1024w, https:\/\/www.flagshipsoftware.com\/fsweb\/wp-content\/uploads\/2026\/02\/ChatGPT-Image-Feb-4-2026-01_49_33-PM-300x200.png 300w, https:\/\/www.flagshipsoftware.com\/fsweb\/wp-content\/uploads\/2026\/02\/ChatGPT-Image-Feb-4-2026-01_49_33-PM-768x512.png 768w, https:\/\/www.flagshipsoftware.com\/fsweb\/wp-content\/uploads\/2026\/02\/ChatGPT-Image-Feb-4-2026-01_49_33-PM.png 1536w\" sizes=\"(max-width: 1024px) 100vw, 1024px\" \/>\t\t\t\t\t\t\t\t\t\t\t\t\t\t\t<\/div>\n\t\t\t\t<\/div>\n\t\t\t\t\t<\/div>\n\t\t<\/div>\n\t\t\t\t\t<\/div>\n\t\t<\/section>\n\t\t\t\t<section class=\"elementor-section elementor-top-section elementor-element elementor-element-747bf63 elementor-section-full_width elementor-section-content-middle elementor-section-height-default elementor-section-height-default\" data-id=\"747bf63\" data-element_type=\"section\">\n\t\t\t\t\t\t<div class=\"elementor-container elementor-column-gap-no\">\n\t\t\t\t\t<div class=\"elementor-column elementor-col-50 elementor-top-column elementor-element elementor-element-10e9ac61\" data-id=\"10e9ac61\" data-element_type=\"column\" data-settings=\"{&quot;background_background&quot;:&quot;classic&quot;}\">\n\t\t\t<div class=\"elementor-widget-wrap elementor-element-populated\">\n\t\t\t\t\t<div class=\"elementor-background-overlay\"><\/div>\n\t\t\t\t\t\t<div class=\"elementor-element elementor-element-1d52c344 elementor-widget elementor-widget-heading\" data-id=\"1d52c344\" data-element_type=\"widget\" data-widget_type=\"heading.default\">\n\t\t\t\t<div class=\"elementor-widget-container\">\n\t\t\t\t\t<h4 class=\"elementor-heading-title elementor-size-default\">Prenez le contr\u00f4le de l\u2019insertion de vos documents \u2014 sans modifier vos syst\u00e8mes existants.<\/h4>\t\t\t\t<\/div>\n\t\t\t\t<\/div>\n\t\t\t\t\t<\/div>\n\t\t<\/div>\n\t\t\t\t<div class=\"elementor-column elementor-col-50 elementor-top-column elementor-element elementor-element-428450ce\" data-id=\"428450ce\" data-element_type=\"column\">\n\t\t\t<div class=\"elementor-widget-wrap elementor-element-populated\">\n\t\t\t\t\t\t<div class=\"elementor-element elementor-element-5b70455b elementor-widget elementor-widget-text-editor\" data-id=\"5b70455b\" data-element_type=\"widget\" data-widget_type=\"text-editor.default\">\n\t\t\t\t<div class=\"elementor-widget-container\">\n\t\t\t\t\t\t\t\t\t<h1>Insertion intelligente. Co\u00fbts r\u00e9duits. Contr\u00f4le total.<\/h1>\t\t\t\t\t\t\t\t<\/div>\n\t\t\t\t<\/div>\n\t\t\t\t<div class=\"elementor-element elementor-element-75f0374d elementor-widget elementor-widget-text-editor\" data-id=\"75f0374d\" data-element_type=\"widget\" data-widget_type=\"text-editor.default\">\n\t\t\t\t<div class=\"elementor-widget-container\">\n\t\t\t\t\t\t\t\t\t<p data-start=\"135\" data-end=\"511\">Notre solution simplifie et automatise l\u2019insertion de documents gr\u00e2ce \u00e0 l\u2019utilisation de codes \u00e0 barres intelligents qui contr\u00f4lent les ins\u00e9reuses de documents avec une grande pr\u00e9cision. Qu\u2019il s\u2019agisse de documents \u00e0 longueur fixe ou variable, les pages sont regroup\u00e9es avec exactitude, ins\u00e9r\u00e9es de fa\u00e7on s\u00e9curis\u00e9e et livr\u00e9es conform\u00e9ment aux param\u00e8tres \u00e9tablis \u2014 \u00e0 tout coup.<\/p><p data-start=\"513\" data-end=\"974\">En \u00e9liminant l\u2019insertion manuelle, vous r\u00e9duisez les risques d\u2019erreurs, am\u00e9liorez l\u2019efficacit\u00e9 op\u00e9rationnelle et prot\u00e9gez l\u2019int\u00e9grit\u00e9 des documents. Il est possible de cibler des clients pr\u00e9cis, d\u2019inclure des encarts s\u00e9lectifs tels que des enveloppes-r\u00e9ponse d\u2019affaires ou du mat\u00e9riel promotionnel, et de rediriger automatiquement les documents vers des travaux d\u2019impression distincts selon des r\u00e8gles d\u2019affaires, comme les comptes en souffrance ou \u00e0 solde nul.<\/p><p data-start=\"976\" data-end=\"1413\">Con\u00e7u pour fonctionner de mani\u00e8re transparente avec vos fichiers PDF pr\u00e9format\u00e9s existants, le syst\u00e8me pr\u00e9serve vos processus actuels tout en vous aidant \u00e0 r\u00e9duire les co\u00fbts d\u2019impression et d\u2019affranchissement gr\u00e2ce \u00e0 l\u2019impression recto verso et \u00e0 une gestion intelligente des documents. Il prend \u00e9galement en charge les documents en format paysage et offre la flexibilit\u00e9 de livrer les documents de fa\u00e7on num\u00e9rique par courriel s\u00e9curis\u00e9.<\/p><p data-start=\"1415\" data-end=\"1546\">R\u00e9sultat : un traitement plus rapide, des co\u00fbts r\u00e9duits et des communications client plus efficaces \u2014 sans complexit\u00e9 informatique.<\/p>\t\t\t\t\t\t\t\t<\/div>\n\t\t\t\t<\/div>\n\t\t\t\t\t<\/div>\n\t\t<\/div>\n\t\t\t\t\t<\/div>\n\t\t<\/section>\n\t\t\t\t<section class=\"elementor-section elementor-top-section elementor-element elementor-element-236248a elementor-reverse-mobile elementor-section-boxed elementor-section-height-default elementor-section-height-default\" data-id=\"236248a\" data-element_type=\"section\">\n\t\t\t\t\t\t<div class=\"elementor-container elementor-column-gap-no\">\n\t\t\t\t\t<div class=\"elementor-column elementor-col-50 elementor-top-column elementor-element elementor-element-fbb0925\" data-id=\"fbb0925\" data-element_type=\"column\">\n\t\t\t<div class=\"elementor-widget-wrap elementor-element-populated\">\n\t\t\t\t\t\t<div class=\"elementor-element elementor-element-fea8434 elementor-widget elementor-widget-heading\" data-id=\"fea8434\" data-element_type=\"widget\" data-widget_type=\"heading.default\">\n\t\t\t\t<div class=\"elementor-widget-container\">\n\t\t\t\t\t<h2 class=\"elementor-heading-title elementor-size-default\">Solution de gestion intelligente des documents<\/h2>\t\t\t\t<\/div>\n\t\t\t\t<\/div>\n\t\t\t\t<div class=\"elementor-element elementor-element-a177e0c elementor-widget elementor-widget-text-editor\" data-id=\"a177e0c\" data-element_type=\"widget\" data-widget_type=\"text-editor.default\">\n\t\t\t\t<div class=\"elementor-widget-container\">\n\t\t\t\t\t\t\t\t\t<ul><li>Automatisez vos ins\u00e9reuses de documents gr\u00e2ce \u00e0 un contr\u00f4le intelligent par code\u2011barres<\/li><li>Assurez une compilation de documents pr\u00e9cise et s\u00e9curis\u00e9e \u2014 sans manipulation manuelle<\/li><li>Ciblez vos clients et personnalisez vos envois au moyen de crit\u00e8res flexibles et fond\u00e9s sur des r\u00e8gles<\/li><li>R\u00e9duisez vos co\u00fbts d\u2019impression et d\u2019affranchissement gr\u00e2ce \u00e0 l\u2019impression recto verso et \u00e0 une gestion optimis\u00e9e des documents<\/li><li>Ajoutez de l\u2019impact avec des encarts s\u00e9lectifs, tels que des enveloppes\u2011r\u00e9ponse et des pi\u00e8ces promotionnelles<\/li><li>Redirigez ais\u00e9ment les documents vers diff\u00e9rents flux d\u2019impression au besoin<\/li><li>Pr\u00e9servez votre flux de travail actuel gr\u00e2ce \u00e0 la compatibilit\u00e9 avec les PDF pr\u00e9format\u00e9s<\/li><li>Prenez en charge les documents en format paysage avec rotation de l\u2019adresse au verso<\/li><li>Transmettez les documents de fa\u00e7on num\u00e9rique par courriel s\u00e9curis\u00e9 lorsque l\u2019impression n\u2019est pas requise<\/li><\/ul>\t\t\t\t\t\t\t\t<\/div>\n\t\t\t\t<\/div>\n\t\t\t\t\t<\/div>\n\t\t<\/div>\n\t\t\t\t<div class=\"elementor-column elementor-col-50 elementor-top-column elementor-element elementor-element-9ee539f\" data-id=\"9ee539f\" data-element_type=\"column\">\n\t\t\t<div class=\"elementor-widget-wrap elementor-element-populated\">\n\t\t\t\t\t\t<div class=\"elementor-element elementor-element-162e284 elementor-widget elementor-widget-image\" data-id=\"162e284\" data-element_type=\"widget\" data-widget_type=\"image.default\">\n\t\t\t\t<div class=\"elementor-widget-container\">\n\t\t\t\t\t\t\t\t\t\t\t\t\t\t\t<img decoding=\"async\" width=\"1024\" height=\"683\" src=\"https:\/\/www.flagshipsoftware.com\/fsweb\/wp-content\/uploads\/2026\/02\/ChatGPT-Image-Feb-4-2026-01_35_12-PM-1024x683.png\" class=\"attachment-large size-large wp-image-8307\" alt=\"\" srcset=\"https:\/\/www.flagshipsoftware.com\/fsweb\/wp-content\/uploads\/2026\/02\/ChatGPT-Image-Feb-4-2026-01_35_12-PM-1024x683.png 1024w, https:\/\/www.flagshipsoftware.com\/fsweb\/wp-content\/uploads\/2026\/02\/ChatGPT-Image-Feb-4-2026-01_35_12-PM-300x200.png 300w, https:\/\/www.flagshipsoftware.com\/fsweb\/wp-content\/uploads\/2026\/02\/ChatGPT-Image-Feb-4-2026-01_35_12-PM-768x512.png 768w, https:\/\/www.flagshipsoftware.com\/fsweb\/wp-content\/uploads\/2026\/02\/ChatGPT-Image-Feb-4-2026-01_35_12-PM.png 1536w\" sizes=\"(max-width: 1024px) 100vw, 1024px\" \/>\t\t\t\t\t\t\t\t\t\t\t\t\t\t\t<\/div>\n\t\t\t\t<\/div>\n\t\t\t\t\t<\/div>\n\t\t<\/div>\n\t\t\t\t\t<\/div>\n\t\t<\/section>\n\t\t\t\t<\/div>\n\t\t","protected":false},"excerpt":{"rendered":"<p>FS DMS FS DMS offre une solution cl\u00e9 en main, simple et efficace, pour r\u00e9pondre \u00e0 tous vos besoins en mati\u00e8re d\u2019insertion de documents. Con\u00e7u pour les ordinateurs Windows, son interface intuitive par glisser-d\u00e9poser s\u2019int\u00e8gre facilement \u00e0 vos applications existantes, sans modification de vos syst\u00e8mes ni intervention du service informatique. FS DMS simplifie le regroupement [&hellip;]<\/p>\n","protected":false},"author":2,"featured_media":0,"parent":0,"menu_order":0,"comment_status":"closed","ping_status":"closed","template":"elementor_header_footer","meta":{"site-sidebar-layout":"no-sidebar","site-content-layout":"page-builder","ast-site-content-layout":"default","site-content-style":"default","site-sidebar-style":"default","ast-global-header-display":"","ast-banner-title-visibility":"","ast-main-header-display":"","ast-hfb-above-header-display":"","ast-hfb-below-header-display":"","ast-hfb-mobile-header-display":"","site-post-title":"disabled","ast-breadcrumbs-content":"","ast-featured-img":"disabled","footer-sml-layout":"","ast-disable-related-posts":"","theme-transparent-header-meta":"","adv-header-id-meta":"","stick-header-meta":"","header-above-stick-meta":"","header-main-stick-meta":"","header-below-stick-meta":"","astra-migrate-meta-layouts":"default","ast-page-background-enabled":"default","ast-page-background-meta":{"desktop":{"background-color":"","background-image":"","background-repeat":"repeat","background-position":"center center","background-size":"auto","background-attachment":"scroll","background-type":"","background-media":"","overlay-type":"","overlay-color":"","overlay-opacity":"","overlay-gradient":""},"tablet":{"background-color":"","background-image":"","background-repeat":"repeat","background-position":"center center","background-size":"auto","background-attachment":"scroll","background-type":"","background-media":"","overlay-type":"","overlay-color":"","overlay-opacity":"","overlay-gradient":""},"mobile":{"background-color":"","background-image":"","background-repeat":"repeat","background-position":"center center","background-size":"auto","background-attachment":"scroll","background-type":"","background-media":"","overlay-type":"","overlay-color":"","overlay-opacity":"","overlay-gradient":""}},"ast-content-background-meta":{"desktop":{"background-color":"var(--ast-global-color-5)","background-image":"","background-repeat":"repeat","background-position":"center center","background-size":"auto","background-attachment":"scroll","background-type":"","background-media":"","overlay-type":"","overlay-color":"","overlay-opacity":"","overlay-gradient":""},"tablet":{"background-color":"var(--ast-global-color-5)","background-image":"","background-repeat":"repeat","background-position":"center center","background-size":"auto","background-attachment":"scroll","background-type":"","background-media":"","overlay-type":"","overlay-color":"","overlay-opacity":"","overlay-gradient":""},"mobile":{"background-color":"var(--ast-global-color-5)","background-image":"","background-repeat":"repeat","background-position":"center center","background-size":"auto","background-attachment":"scroll","background-type":"","background-media":"","overlay-type":"","overlay-color":"","overlay-opacity":"","overlay-gradient":""}},"footnotes":""},"class_list":["post-5675","page","type-page","status-publish","hentry"],"_links":{"self":[{"href":"https:\/\/www.flagshipsoftware.com\/fsweb\/wp-json\/wp\/v2\/pages\/5675","targetHints":{"allow":["GET"]}}],"collection":[{"href":"https:\/\/www.flagshipsoftware.com\/fsweb\/wp-json\/wp\/v2\/pages"}],"about":[{"href":"https:\/\/www.flagshipsoftware.com\/fsweb\/wp-json\/wp\/v2\/types\/page"}],"author":[{"embeddable":true,"href":"https:\/\/www.flagshipsoftware.com\/fsweb\/wp-json\/wp\/v2\/users\/2"}],"replies":[{"embeddable":true,"href":"https:\/\/www.flagshipsoftware.com\/fsweb\/wp-json\/wp\/v2\/comments?post=5675"}],"version-history":[{"count":14,"href":"https:\/\/www.flagshipsoftware.com\/fsweb\/wp-json\/wp\/v2\/pages\/5675\/revisions"}],"predecessor-version":[{"id":8341,"href":"https:\/\/www.flagshipsoftware.com\/fsweb\/wp-json\/wp\/v2\/pages\/5675\/revisions\/8341"}],"wp:attachment":[{"href":"https:\/\/www.flagshipsoftware.com\/fsweb\/wp-json\/wp\/v2\/media?parent=5675"}],"curies":[{"name":"wp","href":"https:\/\/api.w.org\/{rel}","templated":true}]}}