{"id":5796,"date":"2022-06-22T14:31:31","date_gmt":"2022-06-22T18:31:31","guid":{"rendered":"http:\/\/lobster.f\/fsweb\/?page_id=5796"},"modified":"2022-06-22T14:32:59","modified_gmt":"2022-06-22T18:32:59","slug":"create-job-fr","status":"publish","type":"page","link":"https:\/\/www.flagshipsoftware.com\/fsweb\/fr\/create-job-fr\/","title":{"rendered":"Create Job FR"},"content":{"rendered":"\t\t<div data-elementor-type=\"wp-page\" data-elementor-id=\"5796\" class=\"elementor elementor-5796\" data-elementor-post-type=\"page\">\n\t\t\t\t\t\t<section class=\"elementor-section elementor-top-section elementor-element elementor-element-9f30fd0 elementor-section-boxed elementor-section-height-default elementor-section-height-default\" data-id=\"9f30fd0\" data-element_type=\"section\" data-settings=\"{&quot;shape_divider_top&quot;:&quot;book&quot;}\">\n\t\t\t\t\t<div class=\"elementor-shape elementor-shape-top\" aria-hidden=\"true\" data-negative=\"false\">\n\t\t\t<svg xmlns=\"http:\/\/www.w3.org\/2000\/svg\" viewBox=\"0 0 1000 100\" preserveAspectRatio=\"none\">\n\t<path class=\"elementor-shape-fill\" d=\"M194,99c186.7,0.7,305-78.3,306-97.2c1,18.9,119.3,97.9,306,97.2c114.3-0.3,194,0.3,194,0.3s0-91.7,0-100c0,0,0,0,0-0 L0,0v99.3C0,99.3,79.7,98.7,194,99z\"\/>\n<\/svg>\t\t<\/div>\n\t\t\t\t\t<div class=\"elementor-container elementor-column-gap-default\">\n\t\t\t\t\t<div class=\"elementor-column elementor-col-100 elementor-top-column elementor-element elementor-element-918b2f9\" data-id=\"918b2f9\" data-element_type=\"column\">\n\t\t\t<div class=\"elementor-widget-wrap elementor-element-populated\">\n\t\t\t\t\t\t<div class=\"elementor-element elementor-element-f47b3b2 elementor-widget elementor-widget-spacer\" data-id=\"f47b3b2\" data-element_type=\"widget\" data-widget_type=\"spacer.default\">\n\t\t\t\t<div class=\"elementor-widget-container\">\n\t\t\t\t\t\t\t<div class=\"elementor-spacer\">\n\t\t\t<div class=\"elementor-spacer-inner\"><\/div>\n\t\t<\/div>\n\t\t\t\t\t\t<\/div>\n\t\t\t\t<\/div>\n\t\t\t\t<div class=\"elementor-element elementor-element-af9e06c elementor-widget elementor-widget-heading\" data-id=\"af9e06c\" data-element_type=\"widget\" data-widget_type=\"heading.default\">\n\t\t\t\t<div class=\"elementor-widget-container\">\n\t\t\t\t\t<h1 class=\"elementor-heading-title elementor-size-default\">Cr\u00e9er une t\u00e2che<\/h1>\t\t\t\t<\/div>\n\t\t\t\t<\/div>\n\t\t\t\t<div class=\"elementor-element elementor-element-4ee6828 elementor-widget elementor-widget-spacer\" data-id=\"4ee6828\" data-element_type=\"widget\" data-widget_type=\"spacer.default\">\n\t\t\t\t<div class=\"elementor-widget-container\">\n\t\t\t\t\t\t\t<div class=\"elementor-spacer\">\n\t\t\t<div class=\"elementor-spacer-inner\"><\/div>\n\t\t<\/div>\n\t\t\t\t\t\t<\/div>\n\t\t\t\t<\/div>\n\t\t\t\t\t<\/div>\n\t\t<\/div>\n\t\t\t\t\t<\/div>\n\t\t<\/section>\n\t\t\t\t<section class=\"elementor-section elementor-top-section elementor-element elementor-element-1a2d532 elementor-section-boxed elementor-section-height-default elementor-section-height-default\" data-id=\"1a2d532\" data-element_type=\"section\">\n\t\t\t\t\t\t<div class=\"elementor-container elementor-column-gap-default\">\n\t\t\t\t\t<div class=\"elementor-column elementor-col-50 elementor-top-column elementor-element elementor-element-7349840\" data-id=\"7349840\" data-element_type=\"column\">\n\t\t\t<div class=\"elementor-widget-wrap elementor-element-populated\">\n\t\t\t\t\t\t<div class=\"elementor-element elementor-element-d63f044 elementor-widget elementor-widget-text-editor\" data-id=\"d63f044\" data-element_type=\"widget\" data-widget_type=\"text-editor.default\">\n\t\t\t\t<div class=\"elementor-widget-container\">\n\t\t\t\t\t\t\t\t\t<p>Pour d\u00e9marrer une nouvelle t\u00e2che, s\u00e9lectionnez \u00ab\u00a0Cr\u00e9er une t\u00e2che\u00a0\u00bb dans le menu Fichier.<\/p><p>S\u00e9lectionnez la base de donn\u00e9es et cliquez sur &#8220;Ouvrir&#8221; ou double-cliquez sur la base de donn\u00e9es. Une fois votre base de donn\u00e9es ouverte, un \u00e9cran appara\u00eetra pour continuer avec les \u00e9tapes suivantes.<\/p><p>Plusieurs tables dans une base de donn\u00e9es<\/p><p>Si plusieurs tables existent dans la base de donn\u00e9es, une fen\u00eatre appara\u00eetra r\u00e9pertoriant les tables et le nombre d&#8217;enregistrements dans chaque table. S\u00e9lectionnez le tableau que vous souhaitez utiliser, puis double-cliquez ou cliquez sur &#8220;Termin\u00e9&#8221;.<\/p><p>Si vous avez besoin d&#8217;importer plusieurs tableaux \u00e0 partir de la m\u00eame feuille de calcul, vous devrez r\u00e9p\u00e9ter ce processus en utilisant la fonctionnalit\u00e9 Fusionner dans le travail pour chaque tableau.<\/p><p>Fichiers texte<\/p><p>Si vous avez s\u00e9lectionn\u00e9 une base de donn\u00e9es texte, la fen\u00eatre suivante appara\u00eet :<\/p><p>Choisissez le type de fichier texte, indiquez si votre premi\u00e8re ligne est une ligne d&#8217;en-t\u00eate et si vous souhaitez charger toutes les colonnes en tant que colonnes de texte (recommand\u00e9) et cliquez sur Continuer. Si vous avez choisi un fichier de longueur fixe, un \u00e9cran appara\u00eetra vous montrant quels champs iAddress\u2122 a auto-d\u00e9tect\u00e9s. Vous pouvez apporter des modifications \u00e0 votre fichier et charger ou enregistrer des mod\u00e8les. Lorsque vous \u00eates satisfait de vos modifications, cliquez sur &#8220;Cr\u00e9er une t\u00e2che&#8221;.<\/p>\t\t\t\t\t\t\t\t<\/div>\n\t\t\t\t<\/div>\n\t\t\t\t\t<\/div>\n\t\t<\/div>\n\t\t\t\t<div class=\"elementor-column elementor-col-50 elementor-top-column elementor-element elementor-element-31dfb8b\" data-id=\"31dfb8b\" data-element_type=\"column\">\n\t\t\t<div class=\"elementor-widget-wrap elementor-element-populated\">\n\t\t\t\t\t\t<div class=\"elementor-element elementor-element-9f197b6 elementor-widget elementor-widget-image\" data-id=\"9f197b6\" data-element_type=\"widget\" data-widget_type=\"image.default\">\n\t\t\t\t<div class=\"elementor-widget-container\">\n\t\t\t\t\t\t\t\t\t\t\t\t\t\t\t<img fetchpriority=\"high\" decoding=\"async\" width=\"725\" height=\"634\" src=\"https:\/\/www.flagshipsoftware.com\/fsweb\/wp-content\/uploads\/2022\/06\/Create-Job-FR-1.png\" class=\"attachment-medium_large size-medium_large wp-image-5798\" alt=\"\" \/>\t\t\t\t\t\t\t\t\t\t\t\t\t\t\t<\/div>\n\t\t\t\t<\/div>\n\t\t\t\t<div class=\"elementor-element elementor-element-c564e17 elementor-widget elementor-widget-image\" data-id=\"c564e17\" data-element_type=\"widget\" data-widget_type=\"image.default\">\n\t\t\t\t<div class=\"elementor-widget-container\">\n\t\t\t\t\t\t\t\t\t\t\t\t\t\t\t<img decoding=\"async\" width=\"731\" height=\"634\" src=\"https:\/\/www.flagshipsoftware.com\/fsweb\/wp-content\/uploads\/2022\/06\/Create-Job-FR-2.png\" class=\"attachment-medium_large size-medium_large wp-image-5799\" alt=\"\" \/>\t\t\t\t\t\t\t\t\t\t\t\t\t\t\t<\/div>\n\t\t\t\t<\/div>\n\t\t\t\t\t<\/div>\n\t\t<\/div>\n\t\t\t\t\t<\/div>\n\t\t<\/section>\n\t\t\t\t<section class=\"elementor-section elementor-top-section elementor-element elementor-element-601ad48 elementor-section-boxed elementor-section-height-default elementor-section-height-default\" data-id=\"601ad48\" data-element_type=\"section\">\n\t\t\t\t\t\t<div class=\"elementor-container elementor-column-gap-default\">\n\t\t\t\t\t<div class=\"elementor-column elementor-col-50 elementor-top-column elementor-element elementor-element-873ea42\" data-id=\"873ea42\" data-element_type=\"column\">\n\t\t\t<div class=\"elementor-widget-wrap elementor-element-populated\">\n\t\t\t\t\t\t<div class=\"elementor-element elementor-element-4c68039 elementor-widget elementor-widget-text-editor\" data-id=\"4c68039\" data-element_type=\"widget\" data-widget_type=\"text-editor.default\">\n\t\t\t\t<div class=\"elementor-widget-container\">\n\t\t\t\t\t\t\t\t\t<p class=\"p_Garamond_std\"><strong><span class=\"f_Garamond_std\">Selecting Address Fields<\/span><\/strong><\/p><p>iAddress\u2122 will automatically attempt to match the database fields to the appropriate iAddress\u2122 fields. You can override these entries and select fields iAddress\u2122 was unable to locate.\u00a0<span class=\"f_Garamond_std\">From the drop down list under each iAddress\u2122 field, scroll and select the database field that corresponds to the information required by the program.<\/span><\/p><div class=\"image_block\"><strong><span class=\"f_Garamond_std\">For example:<\/span><\/strong><\/div><ol><li><span class=\"f_Garamond_std\">Click the down arrow below the Last Name field to bring up the drop down list<\/span><\/li><li><span class=\"f_Garamond_std\">Select the field that contains the Last Name information<\/span><\/li><li>You can assign a name to your job. If you do not assign a name, a default description for your job will be used.<\/li><li>Ensure you have filled in all required fields and any of the optional fields, then click \u201cOK\u201d.<\/li><\/ol><p class=\"p_Garamond_subheading\"><strong><span class=\"f_Garamond_subheading\">Single Field Data<\/span><\/strong><\/p><p><strong><span class=\"f_Garamond_subheading\">Canada:<\/span><\/strong><\/p><ul><li>City, Province and\u00a0<span class=\"f_Garamond_std\">Postal Code<\/span><span class=\"f_Garamond_std\">OM<\/span><span class=\"f_Garamond_subtext\">, you must check the \u201cOne Field: City Province Postal \/ ZIP\u201d box<\/span><\/li><li>City and Province, you must check the \u201cOne Field: CityProvince\u201d box\u00a0<\/li><\/ul><p><strong>\u00a0<span class=\"f_Garamond_subheading\">US<\/span><\/strong><\/p><ul><li>City, State, and\u00a0<span class=\"f_Garamond_subtext\">Zip Code<\/span><span class=\"f_Garamond_subtext\">TM<\/span><span class=\"f_Garamond_subtext\">, you must check the \u201cOne Field: City State Zip(Zip+4)\u201d box<\/span><\/li><li>City and State, you must check the \u201cOne Field: City State\u201d box<\/li><\/ul><p>\u00a0<span class=\"f_Garamond_subtext\">You will then be prompted for the field name containing this information<\/span><\/p><p class=\"p_Garamond_subheading\"><strong><span class=\"f_Garamond_subheading\">Multiple Field Components<\/span><\/strong><\/p><ul><li>If your address is split into many field components (eg. apartment, street number, street name, etc.), click the button to the right of the first address line. Select all address line components in the order you want them to appear and click Done.<\/li><\/ul><p class=\"p_Garamond_subheading\"><strong><span class=\"f_Garamond_subheading\">Language Indicator (Canada)<\/span><\/strong><\/p><ul><li>If your database has a field that indicates whether the entry is French or English and you wish to use this information in your correction, select the appropriate field from the drop-down menu. Beside each language, enter the appropriate code.<\/li><\/ul><p class=\"p_Garamond_subheading\">\u00a0<br \/><strong><span class=\"f_Garamond_subheading\">To view your data<\/span><\/strong><\/p><ul><li>If you are unsure of the data contained in the fields, use the horizontal scroll bar below the database box to scroll left and right. This scroll bar will also allow you to see what will appear in the iAddress\u2122 fields. Fill in any field, then scroll left and right.<\/li><\/ul><p class=\"p_Garamond_subheading\"><strong><span class=\"f_Garamond_subheading\">Using Templates<\/span><\/strong><\/p><ul><li>If you frequently create jobs using the same data file, you can create a template. This template stores the field information so you do not have to select your fields when creating a new job.<\/li><\/ul><p class=\"p_Garamond_subheading\"><strong><span class=\"f_Garamond_subheading\">Character Set<\/span><\/strong><\/p><ul><li>This option tells iAddress\u2122 what type of system the data originated from so that it can \u201ctranslate\u201d various computer codes. The default is Windows; some users require OEM if their data did not originate from a Windows-based system.<\/li><\/ul><p class=\"p_Garamond_subheading\"><strong><span class=\"f_Garamond_subheading\">Using Customer Information<\/span><\/strong><\/p><ul><li>If you have entered information on your customers under Company Information, you can use the drop-down here to select them. This will display their name and their associated USPS or Canada Post account number on reports.<\/li><\/ul><p class=\"p_Garamond_subheading\"><strong><span class=\"f_Garamond_subheading\">Remove Header Row<\/span><\/strong><\/p><ul><li>If you are using an Excel File and the first row contains the column headers, select this option to use the first row as column headers.<\/li><\/ul>\t\t\t\t\t\t\t\t<\/div>\n\t\t\t\t<\/div>\n\t\t\t\t\t<\/div>\n\t\t<\/div>\n\t\t\t\t<div class=\"elementor-column elementor-col-50 elementor-top-column elementor-element elementor-element-a53f248\" data-id=\"a53f248\" data-element_type=\"column\">\n\t\t\t<div class=\"elementor-widget-wrap elementor-element-populated\">\n\t\t\t\t\t\t<div class=\"elementor-element elementor-element-926be25 elementor-widget elementor-widget-image\" data-id=\"926be25\" data-element_type=\"widget\" data-widget_type=\"image.default\">\n\t\t\t\t<div class=\"elementor-widget-container\">\n\t\t\t\t\t\t\t\t\t\t\t\t\t\t\t<img decoding=\"async\" width=\"688\" height=\"607\" src=\"https:\/\/www.flagshipsoftware.com\/fsweb\/wp-content\/uploads\/2022\/06\/Create-Job-FR-3.png\" class=\"attachment-medium_large size-medium_large wp-image-5800\" alt=\"\" \/>\t\t\t\t\t\t\t\t\t\t\t\t\t\t\t<\/div>\n\t\t\t\t<\/div>\n\t\t\t\t<div class=\"elementor-element elementor-element-4cdfdae elementor-widget elementor-widget-image\" data-id=\"4cdfdae\" data-element_type=\"widget\" data-widget_type=\"image.default\">\n\t\t\t\t<div class=\"elementor-widget-container\">\n\t\t\t\t\t\t\t\t\t\t\t\t\t\t\t<img loading=\"lazy\" decoding=\"async\" width=\"1024\" height=\"786\" src=\"https:\/\/www.flagshipsoftware.com\/fsweb\/wp-content\/uploads\/2022\/06\/Create-Job-FR-4-U.png\" class=\"attachment-large size-large wp-image-5801\" alt=\"\" \/>\t\t\t\t\t\t\t\t\t\t\t\t\t\t\t<\/div>\n\t\t\t\t<\/div>\n\t\t\t\t<div class=\"elementor-element elementor-element-39ba4e4 elementor-widget elementor-widget-image\" data-id=\"39ba4e4\" data-element_type=\"widget\" data-widget_type=\"image.default\">\n\t\t\t\t<div class=\"elementor-widget-container\">\n\t\t\t\t\t\t\t\t\t\t\t\t\t\t\t<img loading=\"lazy\" decoding=\"async\" width=\"1024\" height=\"786\" src=\"https:\/\/www.flagshipsoftware.com\/fsweb\/wp-content\/uploads\/2022\/06\/Create-Job-FR-5-U.png\" class=\"attachment-large size-large wp-image-5802\" alt=\"\" \/>\t\t\t\t\t\t\t\t\t\t\t\t\t\t\t<\/div>\n\t\t\t\t<\/div>\n\t\t\t\t\t<\/div>\n\t\t<\/div>\n\t\t\t\t\t<\/div>\n\t\t<\/section>\n\t\t\t\t<\/div>\n\t\t","protected":false},"excerpt":{"rendered":"<p>Cr\u00e9er une t\u00e2che Pour d\u00e9marrer une nouvelle t\u00e2che, s\u00e9lectionnez \u00ab\u00a0Cr\u00e9er une t\u00e2che\u00a0\u00bb dans le menu Fichier. S\u00e9lectionnez la base de donn\u00e9es et cliquez sur &#8220;Ouvrir&#8221; ou double-cliquez sur la base de donn\u00e9es. Une fois votre base de donn\u00e9es ouverte, un \u00e9cran appara\u00eetra pour continuer avec les \u00e9tapes suivantes. Plusieurs tables dans une base de donn\u00e9es [&hellip;]<\/p>\n","protected":false},"author":2,"featured_media":0,"parent":0,"menu_order":0,"comment_status":"closed","ping_status":"closed","template":"","meta":{"site-sidebar-layout":"no-sidebar","site-content-layout":"page-builder","ast-site-content-layout":"default","site-content-style":"default","site-sidebar-style":"default","ast-global-header-display":"","ast-banner-title-visibility":"","ast-main-header-display":"","ast-hfb-above-header-display":"","ast-hfb-below-header-display":"","ast-hfb-mobile-header-display":"","site-post-title":"disabled","ast-breadcrumbs-content":"","ast-featured-img":"disabled","footer-sml-layout":"","ast-disable-related-posts":"","theme-transparent-header-meta":"default","adv-header-id-meta":"","stick-header-meta":"","header-above-stick-meta":"","header-main-stick-meta":"","header-below-stick-meta":"","astra-migrate-meta-layouts":"default","ast-page-background-enabled":"default","ast-page-background-meta":{"desktop":{"background-color":"","background-image":"","background-repeat":"repeat","background-position":"center center","background-size":"auto","background-attachment":"scroll","background-type":"","background-media":"","overlay-type":"","overlay-color":"","overlay-opacity":"","overlay-gradient":""},"tablet":{"background-color":"","background-image":"","background-repeat":"repeat","background-position":"center center","background-size":"auto","background-attachment":"scroll","background-type":"","background-media":"","overlay-type":"","overlay-color":"","overlay-opacity":"","overlay-gradient":""},"mobile":{"background-color":"","background-image":"","background-repeat":"repeat","background-position":"center center","background-size":"auto","background-attachment":"scroll","background-type":"","background-media":"","overlay-type":"","overlay-color":"","overlay-opacity":"","overlay-gradient":""}},"ast-content-background-meta":{"desktop":{"background-color":"var(--ast-global-color-5)","background-image":"","background-repeat":"repeat","background-position":"center center","background-size":"auto","background-attachment":"scroll","background-type":"","background-media":"","overlay-type":"","overlay-color":"","overlay-opacity":"","overlay-gradient":""},"tablet":{"background-color":"var(--ast-global-color-5)","background-image":"","background-repeat":"repeat","background-position":"center center","background-size":"auto","background-attachment":"scroll","background-type":"","background-media":"","overlay-type":"","overlay-color":"","overlay-opacity":"","overlay-gradient":""},"mobile":{"background-color":"var(--ast-global-color-5)","background-image":"","background-repeat":"repeat","background-position":"center center","background-size":"auto","background-attachment":"scroll","background-type":"","background-media":"","overlay-type":"","overlay-color":"","overlay-opacity":"","overlay-gradient":""}},"footnotes":""},"class_list":["post-5796","page","type-page","status-publish","hentry"],"_links":{"self":[{"href":"https:\/\/www.flagshipsoftware.com\/fsweb\/wp-json\/wp\/v2\/pages\/5796","targetHints":{"allow":["GET"]}}],"collection":[{"href":"https:\/\/www.flagshipsoftware.com\/fsweb\/wp-json\/wp\/v2\/pages"}],"about":[{"href":"https:\/\/www.flagshipsoftware.com\/fsweb\/wp-json\/wp\/v2\/types\/page"}],"author":[{"embeddable":true,"href":"https:\/\/www.flagshipsoftware.com\/fsweb\/wp-json\/wp\/v2\/users\/2"}],"replies":[{"embeddable":true,"href":"https:\/\/www.flagshipsoftware.com\/fsweb\/wp-json\/wp\/v2\/comments?post=5796"}],"version-history":[{"count":4,"href":"https:\/\/www.flagshipsoftware.com\/fsweb\/wp-json\/wp\/v2\/pages\/5796\/revisions"}],"predecessor-version":[{"id":5805,"href":"https:\/\/www.flagshipsoftware.com\/fsweb\/wp-json\/wp\/v2\/pages\/5796\/revisions\/5805"}],"wp:attachment":[{"href":"https:\/\/www.flagshipsoftware.com\/fsweb\/wp-json\/wp\/v2\/media?parent=5796"}],"curies":[{"name":"wp","href":"https:\/\/api.w.org\/{rel}","templated":true}]}}