{"id":5845,"date":"2022-06-23T13:26:30","date_gmt":"2022-06-23T17:26:30","guid":{"rendered":"http:\/\/lobster.f\/fsweb\/?page_id=5845"},"modified":"2022-06-23T14:42:30","modified_gmt":"2022-06-23T18:42:30","slug":"filtrer-la-diffusion","status":"publish","type":"page","link":"https:\/\/www.flagshipsoftware.com\/fsweb\/fr\/filtrer-la-diffusion\/","title":{"rendered":"Filtrer la Diffusion"},"content":{"rendered":"\t\t<div data-elementor-type=\"wp-page\" data-elementor-id=\"5845\" class=\"elementor elementor-5845\" data-elementor-post-type=\"page\">\n\t\t\t\t\t\t<section class=\"elementor-section elementor-top-section elementor-element elementor-element-8139a1a elementor-section-boxed elementor-section-height-default elementor-section-height-default\" data-id=\"8139a1a\" data-element_type=\"section\" data-e-type=\"section\" data-settings=\"{&quot;shape_divider_top&quot;:&quot;book&quot;}\">\n\t\t\t\t\t<div class=\"elementor-shape elementor-shape-top\" aria-hidden=\"true\" data-negative=\"false\">\n\t\t\t<svg xmlns=\"http:\/\/www.w3.org\/2000\/svg\" viewBox=\"0 0 1000 100\" preserveAspectRatio=\"none\">\n\t<path class=\"elementor-shape-fill\" d=\"M194,99c186.7,0.7,305-78.3,306-97.2c1,18.9,119.3,97.9,306,97.2c114.3-0.3,194,0.3,194,0.3s0-91.7,0-100c0,0,0,0,0-0 L0,0v99.3C0,99.3,79.7,98.7,194,99z\"\/>\n<\/svg>\t\t<\/div>\n\t\t\t\t\t<div class=\"elementor-container elementor-column-gap-default\">\n\t\t\t\t\t<div class=\"elementor-column elementor-col-100 elementor-top-column elementor-element elementor-element-93a1e1e\" data-id=\"93a1e1e\" data-element_type=\"column\" data-e-type=\"column\">\n\t\t\t<div class=\"elementor-widget-wrap elementor-element-populated\">\n\t\t\t\t\t\t<div class=\"elementor-element elementor-element-8ad2d3b elementor-widget elementor-widget-spacer\" data-id=\"8ad2d3b\" data-element_type=\"widget\" data-e-type=\"widget\" data-widget_type=\"spacer.default\">\n\t\t\t\t<div class=\"elementor-widget-container\">\n\t\t\t\t\t\t\t<div class=\"elementor-spacer\">\n\t\t\t<div class=\"elementor-spacer-inner\"><\/div>\n\t\t<\/div>\n\t\t\t\t\t\t<\/div>\n\t\t\t\t<\/div>\n\t\t\t\t<div class=\"elementor-element elementor-element-e7b251a elementor-widget elementor-widget-heading\" data-id=\"e7b251a\" data-element_type=\"widget\" data-e-type=\"widget\" data-widget_type=\"heading.default\">\n\t\t\t\t<div class=\"elementor-widget-container\">\n\t\t\t\t\t<h1 class=\"elementor-heading-title elementor-size-default\">Filtrer la Diffusion<\/h1>\t\t\t\t<\/div>\n\t\t\t\t<\/div>\n\t\t\t\t\t<\/div>\n\t\t<\/div>\n\t\t\t\t\t<\/div>\n\t\t<\/section>\n\t\t\t\t<section class=\"elementor-section elementor-top-section elementor-element elementor-element-dd7e539 elementor-section-boxed elementor-section-height-default elementor-section-height-default\" data-id=\"dd7e539\" data-element_type=\"section\" data-e-type=\"section\">\n\t\t\t\t\t\t<div class=\"elementor-container elementor-column-gap-default\">\n\t\t\t\t\t<div class=\"elementor-column elementor-col-50 elementor-top-column elementor-element elementor-element-e013d95\" data-id=\"e013d95\" data-element_type=\"column\" data-e-type=\"column\">\n\t\t\t<div class=\"elementor-widget-wrap elementor-element-populated\">\n\t\t\t\t\t\t<div class=\"elementor-element elementor-element-99dbe6e elementor-widget elementor-widget-text-editor\" data-id=\"99dbe6e\" data-element_type=\"widget\" data-e-type=\"widget\" data-widget_type=\"text-editor.default\">\n\t\t\t\t<div class=\"elementor-widget-container\">\n\t\t\t\t\t\t\t\t\t<ul><li><p>Vous souhaiterez peut-\u00eatre envoyer uniquement des parties de votre travail, peut-\u00eatre sous forme d&#8217;\u00e9chantillonnage al\u00e9atoire ou \u00e0 des adresses r\u00e9pondant \u00e0 des exigences sp\u00e9cifiques. En s\u00e9lectionnant Filtrer les envois dans le menu Gestion des adresses, vous pouvez d\u00e9cider du nombre d&#8217;adresses et des adresses que vous souhaitez utiliser pour votre envoi.<\/p><p>Apr\u00e8s avoir s\u00e9lectionn\u00e9 Filtrer les envois, vous avez le choix entre plusieurs options. Vous pouvez choisir l&#8217;une des options d&#8217;onglet suivantes:<\/p><p>D\u00e9mographie:<br \/>S\u00e9lection intelligente: vous permet de s\u00e9lectionner votre envoi en supprimant les \u00c9tats\/Provinces, les Villes, les Types d&#8217;adresse et\/ou les FSAOM (Canada)\/Zip CodeTM (\u00c9tats-Unis).<\/p><\/li><\/ul><p>S\u00e9lection al\u00e9atoire: vous permet de choisir un exemple de publipostage dans votre base de donn\u00e9es.<\/p><p><br \/>SQL Exclude: un filtre expert, qui vous permet de cr\u00e9er une requ\u00eate de base de donn\u00e9es pour supprimer des enregistrements de votre base de donn\u00e9es.<\/p><p><br \/>Filtre d&#8217;adresse: un filtre combin\u00e9 permettant l&#8217;exclusion en fonction des types de correction, des fichiers ou des lignes vides.<\/p><p><br \/>Caract\u00e8res suppl\u00e9mentaires: supprime les symboles et autres caract\u00e8res qui repr\u00e9sentent des commandes dans certains formats de base de donn\u00e9es. Ces symboles et caract\u00e8res peuvent avoir un impact sur l&#8217;impression des fichiers ult\u00e9rieurement.<\/p><p><br \/>Exclure personnalis\u00e9: un filtre personnalis\u00e9 avanc\u00e9 qui vous permet de filtrer en fonction de r\u00e8gles sp\u00e9cifiques.<\/p><p><br \/>Filtre de g\u00e9ocodage (Canada uniquement): si vous avez ex\u00e9cut\u00e9 le g\u00e9ocodage avec une liste de distances, vous pouvez filtrer les enregistrements en fonction de la distance.<\/p><p><strong>D\u00e9mographie<\/strong><\/p><p>Vous pouvez acc\u00e9der aux cat\u00e9gories d\u00e9mographiques via l&#8217;onglet &#8220;Filtrer les envois&#8221; iAddress\u2122. Ici, vous avez la possibilit\u00e9 de s\u00e9lectionner des cat\u00e9gories d\u00e9mographiques et des sous-cat\u00e9gories \u00e0 filtrer et \u00e0 appliquer \u00e0 votre liste de diffusion.<\/p><p>Ici, vous serez invit\u00e9 \u00e0 confirmer que vous acceptez les frais associ\u00e9s au nombre d&#8217;enregistrements d\u00e9mographiques r\u00e9pertori\u00e9s. Vous pouvez cliquer sur oui ou non.<\/p><p>Un rapport de filtre d\u00e9mographique est ensuite g\u00e9n\u00e9r\u00e9 dans lequel vous pouvez afficher toutes les cat\u00e9gories et sous-cat\u00e9gories que vous avez s\u00e9lectionn\u00e9es, ainsi que le nombre d&#8217;enregistrements achet\u00e9s et d&#8217;autres informations pertinentes.<\/p><p><strong>S\u00e9lection intelligente<\/strong><\/p><p>Exclure les adresses:<\/p><p>\u00c0 l&#8217;aide de l&#8217;onglet S\u00e9lection intelligente, vous pouvez supprimer des adresses de votre t\u00e2che en fonction des crit\u00e8res suivants\u00a0:<\/p><p>Province\/\u00c9tat<br \/>Ville<br \/>Type d&#8217;adresse (par exemple, appartements, r\u00e9sidences, etc.)<br \/>(Poste canadienne) FSAOM (trois premiers caract\u00e8res du Code postalMO), les quatre ou cinq premiers caract\u00e8res du Code postalMO ou le Code postal entierMO.<br \/>(US Mailing) Trois ou cinq chiffres du Zip CodeTM.<br \/>Faites d\u00e9filer les listes pour afficher les options de chaque crit\u00e8re. Le nombre d&#8217;enregistrements correspondant \u00e0 cette option de filtre est r\u00e9pertori\u00e9 apr\u00e8s chaque \u00e9l\u00e9ment. Pour exclure plus d&#8217;un \u00e9l\u00e9ment de chaque crit\u00e8re, s\u00e9lectionnez le premier et cliquez sur le bouton Exclure. S\u00e9lectionnez le deuxi\u00e8me \u00e9l\u00e9ment et cliquez sur le bouton Exclure. Lorsque vous \u00eates satisfait de vos choix, cliquez sur &#8220;Termin\u00e9&#8221;.<\/p><p>S\u00e9lection d&#8217;un exemple d&#8217;envoi<\/p><p>Pour pr\u00e9parer un \u00e9chantillon al\u00e9atoire \u00e0 partir de votre base de donn\u00e9es, cliquez sur l&#8217;onglet \u00ab\u00a0S\u00e9lection al\u00e9atoire\u00a0\u00bb.<\/p><p>Saisissez le nombre d&#8217;enregistrements. Apr\u00e8s avoir appuy\u00e9 sur &#8220;S\u00e9lectionner&#8221;, le nombre total d&#8217;enregistrements dans la base de donn\u00e9es est remplac\u00e9 par le nombre que vous avez s\u00e9lectionn\u00e9. Vous pouvez toujours exclure des adresses de cet exemple \u00e0 l&#8217;aide des options de s\u00e9lection intelligente et d&#8217;outil d&#8217;exclusion.<br \/>Si vous s\u00e9lectionnez l&#8217;option &#8220;Filtrer uniquement les enregistrements non corrigibles&#8221;, les enregistrements supprim\u00e9s proviendront uniquement des enregistrements non corrigibles. Si vous n&#8217;avez pas assez d&#8217;enregistrements non corrigibles alors rien ne sera filtr\u00e9 et vous en serez inform\u00e9.<\/p><p>Outil d&#8217;exclusion personnalis\u00e9<\/p><p>L&#8217;utilisation de l&#8217;outil d&#8217;exclusion personnalis\u00e9 vous permet de supprimer des adresses en fonction de crit\u00e8res tr\u00e8s sp\u00e9cifiques de n&#8217;importe quel champ de votre base de donn\u00e9es. Cliquez sur l&#8217;onglet intitul\u00e9 &#8220;Outil d&#8217;exclusion personnalis\u00e9&#8221;. S\u00e9lectionnez le champ que vous souhaitez utiliser dans le menu d\u00e9roulant Filtrer o\u00f9.<br \/>Le menu d\u00e9roulant central contient les op\u00e9rateurs de s\u00e9lection. Les champs vides peuvent \u00eatre d\u00e9tect\u00e9s en utilisant \u00ab is null \u00bb ou les champs non vides avec \u00ab is not null \u00bb. La comparaison des champs alphanum\u00e9riques peut \u00eatre effectu\u00e9e \u00e0 l&#8217;aide de l&#8217;op\u00e9rateur \u00ab comme \u00bb avec des caract\u00e8res g\u00e9n\u00e9riques. Par exemple, \u00ab *main st \u00bb s\u00e9lectionnerait tout ce qui se termine par \u00ab main st \u00bb. Pour les champs num\u00e9riques, ceux-ci incluent des op\u00e9randes tels que +, -, =, &gt;, &lt;.<br \/>Exclure SQL<\/p><p>L&#8217;outil SQL Exclude est une forme avanc\u00e9e de l&#8217;outil Custom Exclude vous permettant de cr\u00e9er vos propres clauses SQL \u00ab where \u00bb.<br \/>Les champs de gauche sont r\u00e9pertori\u00e9s comme r\u00e9f\u00e9rence mais peuvent \u00e9galement \u00eatre ins\u00e9r\u00e9s dans la zone de texte de la clause WHERE en double-cliquant sur le nom du champ.<br \/>Pour g\u00e9n\u00e9rer la clause WHERE, tapez simplement l&#8217;int\u00e9gralit\u00e9 de l&#8217;instruction dans la zone de texte de la clause WHERE. La zone de texte de la clause WHERE ne n\u00e9cessite pas que le mot &#8216; Where &#8216; commence simplement \u00e0 partir de la premi\u00e8re instruction, par exemple CITY= &#8216;Buffalo&#8217; AND STATE= &#8216;New York&#8217; pour s\u00e9lectionner tous les enregistrements correspondant \u00e0 la ville de Buffalo et \u00e0 l&#8217;\u00e9tat de New York.<br \/>Filtre d&#8217;adresse<\/p><p>L&#8217;onglet Filtre d&#8217;adresse a trois fonctions sp\u00e9cifiques.<\/p><p>S\u00e9lectionnez les enregistrements<br \/>Le premier vous permet de supprimer des enregistrements en fonction de leur statut de correction. Veuillez noter que vous devez ex\u00e9cuter une correction\/validation avant que ces options ne soient disponibles. Ces types de statut sont\u00a0:<\/p><ul><li>Incorrigible<\/li><li>Discutable<\/li><li>Corrig\u00e9e<\/li><li>Valide<\/li><li>\u00c9tranger<\/li><li>Non cod\u00e9<\/li><\/ul><p>S\u00e9lectionnez le ou les types d&#8217;adresses que vous souhaitez supprimer en cochant les cases appropri\u00e9es. Cliquez sur Exclure.<\/p><p>S\u00e9lectionner les fichiers:<\/p><p>peut sp\u00e9cifier les enregistrements que vous souhaitez supprimer par le fichier source d&#8217;origine. Pour ce faire, s\u00e9lectionnez le type d&#8217;enregistrement, puis le(s) fichier(s) dont vous souhaitez supprimer les enregistrements.<\/p><p>Lignes vides : pour supprimer les adresses qui ne contiennent pas de donn\u00e9es dans certains champs, s\u00e9lectionnez l&#8217;onglet &#8220;Lignes vides&#8221;. Cliquez sur le champ auquel vous souhaitez que cette condition s&#8217;applique et s\u00e9lectionnez &#8220;Exclure&#8221;<br \/>Caract\u00e8res suppl\u00e9mentaires<\/p><p>Si votre base de donn\u00e9es contient des symboles ou des caract\u00e8res dans les donn\u00e9es, vous pouvez les supprimer automatiquement \u00e0 l&#8217;aide de l&#8217;\u00e9cran Caract\u00e8res suppl\u00e9mentaires. S\u00e9lectionnez les caract\u00e8res que vous souhaitez supprimer ou laissez les valeurs par d\u00e9faut si vous n&#8217;\u00eates pas certain. Apr\u00e8s avoir s\u00e9lectionn\u00e9 &#8220;Remplacer&#8221;, iAddress\u2122 vous indiquera combien de caract\u00e8res suppl\u00e9mentaires ont \u00e9t\u00e9 trouv\u00e9s et remplac\u00e9s dans votre fichier.<br \/>Filtre de g\u00e9ocodage (Canada seulement)<\/p><p>Apr\u00e8s avoir ex\u00e9cut\u00e9 le g\u00e9ocodage sur votre fichier, vous pouvez utiliser l&#8217;outil de filtrage des envois cibl\u00e9s. Sur cet onglet, vous pouvez supprimer des enregistrements de votre base de donn\u00e9es en fonction des r\u00e9sultats de g\u00e9ocodage.<br \/>Vous pouvez filtrer tous les enregistrements qui sont plus proches ou plus \u00e9loign\u00e9s qu&#8217;une distance sp\u00e9cifi\u00e9e avec les zones de texte Filtrer par distance. Vous pouvez \u00e9galement filtrer par morceaux, ce qui supprimera le nombre sp\u00e9cifi\u00e9 ou les enregistrements les plus \u00e9loign\u00e9s ou les plus proches. Cocher l&#8217;option &#8220;Filtrer les adresses non g\u00e9ocod\u00e9es&#8221; supprimera tous les enregistrements qui n&#8217;ont pas \u00e9t\u00e9 g\u00e9ocod\u00e9s.<\/p><p>Important!<\/p><p>Le filtrage des enregistrements change d\u00e9finitivement votre travail. Si vous souhaitez conserver votre travail d&#8217;origine, assurez-vous d&#8217;avoir enregistr\u00e9 votre travail avant de filtrer. Enregistrez votre travail filtr\u00e9 sous un nom diff\u00e9rent.<\/p><p>Apr\u00e8s filtrage<\/p><p>Apr\u00e8s avoir filtr\u00e9 vos enregistrements, vous pouvez choisir d&#8217;afficher, de restaurer, d&#8217;effacer, d&#8217;exporter ou d&#8217;enregistrer ces enregistrements filtr\u00e9s.<\/p><p>Voir<br \/>Cliquez sur &#8220;Afficher&#8221; pour afficher les enregistrements filtr\u00e9s dans une vue de base de donn\u00e9es.<\/p><p>Restaurer<br \/>Cliquer sur le bouton \u00ab\u00a0Restaurer\u00a0\u00bb supprimera tous vos filtres et restaurera tous les enregistrements filtr\u00e9s dans le travail. Cela ne fonctionne que si vous n&#8217;avez pas effac\u00e9 les enregistrements filtr\u00e9s \u00e0 l&#8217;aide du bouton &#8220;Effacer&#8221;.<\/p><p>D\u00e9gager<br \/>Cliquer sur le bouton &#8220;Effacer&#8221; supprimera d\u00e9finitivement tous les enregistrements filtr\u00e9s du travail.<\/p><p>Exportation d&#8217;enregistrements<br \/>Si vous souhaitez exporter vos enregistrements filtr\u00e9s vers une base de donn\u00e9es distincte, s\u00e9lectionnez le bouton \u00ab\u00a0Exporter filtr\u00e9\u00a0\u00bb et choisissez un nom pour votre nouveau fichier.<\/p><p>Enregistrement des enregistrements<br \/>Si vous souhaitez que vos enregistrements filtr\u00e9s soient divis\u00e9s en une t\u00e2che iAddress\u2122 distincte, s\u00e9lectionnez le bouton \u00ab\u00a0Enregistrer filtr\u00e9\u00a0\u00bb et choisissez un nom pour votre nouvelle t\u00e2che.<\/p><p>Restauration des enregistrements<br \/>Pour restaurer les enregistrements filtr\u00e9s, cliquez sur le bouton Restaurer les enregistrements filtr\u00e9s. Les enregistrements qui ont \u00e9t\u00e9 supprim\u00e9s \u00e0 l&#8217;aide du bouton Effacer ne peuvent pas \u00eatre restaur\u00e9s.<\/p>\t\t\t\t\t\t\t\t<\/div>\n\t\t\t\t<\/div>\n\t\t\t\t\t<\/div>\n\t\t<\/div>\n\t\t\t\t<div class=\"elementor-column elementor-col-50 elementor-top-column elementor-element elementor-element-7a5caa8\" data-id=\"7a5caa8\" data-element_type=\"column\" data-e-type=\"column\">\n\t\t\t<div class=\"elementor-widget-wrap elementor-element-populated\">\n\t\t\t\t\t\t\t<\/div>\n\t\t<\/div>\n\t\t\t\t\t<\/div>\n\t\t<\/section>\n\t\t\t\t<\/div>\n\t\t","protected":false},"excerpt":{"rendered":"<p>Filtrer la Diffusion Vous souhaiterez peut-\u00eatre envoyer uniquement des parties de votre travail, peut-\u00eatre sous forme d&#8217;\u00e9chantillonnage al\u00e9atoire ou \u00e0 des adresses r\u00e9pondant \u00e0 des exigences sp\u00e9cifiques. En s\u00e9lectionnant Filtrer les envois dans le menu Gestion des adresses, vous pouvez d\u00e9cider du nombre d&#8217;adresses et des adresses que vous souhaitez utiliser pour votre envoi. Apr\u00e8s [&hellip;]<\/p>\n","protected":false},"author":2,"featured_media":0,"parent":0,"menu_order":0,"comment_status":"closed","ping_status":"closed","template":"elementor_header_footer","meta":{"site-sidebar-layout":"no-sidebar","site-content-layout":"page-builder","ast-site-content-layout":"default","site-content-style":"default","site-sidebar-style":"default","ast-global-header-display":"","ast-banner-title-visibility":"","ast-main-header-display":"","ast-hfb-above-header-display":"","ast-hfb-below-header-display":"","ast-hfb-mobile-header-display":"","site-post-title":"disabled","ast-breadcrumbs-content":"","ast-featured-img":"disabled","footer-sml-layout":"","ast-disable-related-posts":"","theme-transparent-header-meta":"","adv-header-id-meta":"","stick-header-meta":"","header-above-stick-meta":"","header-main-stick-meta":"","header-below-stick-meta":"","astra-migrate-meta-layouts":"default","ast-page-background-enabled":"default","ast-page-background-meta":{"desktop":{"background-color":"","background-image":"","background-repeat":"repeat","background-position":"center center","background-size":"auto","background-attachment":"scroll","background-type":"","background-media":"","overlay-type":"","overlay-color":"","overlay-opacity":"","overlay-gradient":""},"tablet":{"background-color":"","background-image":"","background-repeat":"repeat","background-position":"center center","background-size":"auto","background-attachment":"scroll","background-type":"","background-media":"","overlay-type":"","overlay-color":"","overlay-opacity":"","overlay-gradient":""},"mobile":{"background-color":"","background-image":"","background-repeat":"repeat","background-position":"center center","background-size":"auto","background-attachment":"scroll","background-type":"","background-media":"","overlay-type":"","overlay-color":"","overlay-opacity":"","overlay-gradient":""}},"ast-content-background-meta":{"desktop":{"background-color":"var(--ast-global-color-5)","background-image":"","background-repeat":"repeat","background-position":"center center","background-size":"auto","background-attachment":"scroll","background-type":"","background-media":"","overlay-type":"","overlay-color":"","overlay-opacity":"","overlay-gradient":""},"tablet":{"background-color":"var(--ast-global-color-5)","background-image":"","background-repeat":"repeat","background-position":"center center","background-size":"auto","background-attachment":"scroll","background-type":"","background-media":"","overlay-type":"","overlay-color":"","overlay-opacity":"","overlay-gradient":""},"mobile":{"background-color":"var(--ast-global-color-5)","background-image":"","background-repeat":"repeat","background-position":"center center","background-size":"auto","background-attachment":"scroll","background-type":"","background-media":"","overlay-type":"","overlay-color":"","overlay-opacity":"","overlay-gradient":""}},"footnotes":""},"class_list":["post-5845","page","type-page","status-publish","hentry"],"_links":{"self":[{"href":"https:\/\/www.flagshipsoftware.com\/fsweb\/wp-json\/wp\/v2\/pages\/5845","targetHints":{"allow":["GET"]}}],"collection":[{"href":"https:\/\/www.flagshipsoftware.com\/fsweb\/wp-json\/wp\/v2\/pages"}],"about":[{"href":"https:\/\/www.flagshipsoftware.com\/fsweb\/wp-json\/wp\/v2\/types\/page"}],"author":[{"embeddable":true,"href":"https:\/\/www.flagshipsoftware.com\/fsweb\/wp-json\/wp\/v2\/users\/2"}],"replies":[{"embeddable":true,"href":"https:\/\/www.flagshipsoftware.com\/fsweb\/wp-json\/wp\/v2\/comments?post=5845"}],"version-history":[{"count":4,"href":"https:\/\/www.flagshipsoftware.com\/fsweb\/wp-json\/wp\/v2\/pages\/5845\/revisions"}],"predecessor-version":[{"id":5851,"href":"https:\/\/www.flagshipsoftware.com\/fsweb\/wp-json\/wp\/v2\/pages\/5845\/revisions\/5851"}],"wp:attachment":[{"href":"https:\/\/www.flagshipsoftware.com\/fsweb\/wp-json\/wp\/v2\/media?parent=5845"}],"curies":[{"name":"wp","href":"https:\/\/api.w.org\/{rel}","templated":true}]}}