{"id":5867,"date":"2022-06-24T12:29:41","date_gmt":"2022-06-24T16:29:41","guid":{"rendered":"http:\/\/lobster.f\/fsweb\/?page_id=5867"},"modified":"2022-06-24T13:11:25","modified_gmt":"2022-06-24T17:11:25","slug":"validation-report-soa-fr","status":"publish","type":"page","link":"https:\/\/www.flagshipsoftware.com\/fsweb\/fr\/validation-report-soa-fr\/","title":{"rendered":"Validation Report SOA FR"},"content":{"rendered":"\t\t<div data-elementor-type=\"wp-page\" data-elementor-id=\"5867\" class=\"elementor elementor-5867\" data-elementor-post-type=\"page\">\n\t\t\t\t\t\t<section class=\"elementor-section elementor-top-section elementor-element elementor-element-11196cd elementor-section-full_width elementor-section-height-default elementor-section-height-default\" data-id=\"11196cd\" data-element_type=\"section\" data-settings=\"{&quot;shape_divider_top&quot;:&quot;opacity-fan&quot;}\">\n\t\t\t\t\t<div class=\"elementor-shape elementor-shape-top\" aria-hidden=\"true\" data-negative=\"false\">\n\t\t\t<svg xmlns=\"http:\/\/www.w3.org\/2000\/svg\" viewBox=\"0 0 283.5 19.6\" preserveAspectRatio=\"none\">\n\t<path class=\"elementor-shape-fill\" style=\"opacity:0.33\" d=\"M0 0L0 18.8 141.8 4.1 283.5 18.8 283.5 0z\"\/>\n\t<path class=\"elementor-shape-fill\" style=\"opacity:0.33\" d=\"M0 0L0 12.6 141.8 4 283.5 12.6 283.5 0z\"\/>\n\t<path class=\"elementor-shape-fill\" style=\"opacity:0.33\" d=\"M0 0L0 6.4 141.8 4 283.5 6.4 283.5 0z\"\/>\n\t<path class=\"elementor-shape-fill\" d=\"M0 0L0 1.2 141.8 4 283.5 1.2 283.5 0z\"\/>\n<\/svg>\t\t<\/div>\n\t\t\t\t\t<div class=\"elementor-container elementor-column-gap-default\">\n\t\t\t\t\t<div class=\"elementor-column elementor-col-100 elementor-top-column elementor-element elementor-element-9dc7599\" data-id=\"9dc7599\" data-element_type=\"column\">\n\t\t\t<div class=\"elementor-widget-wrap elementor-element-populated\">\n\t\t\t\t\t\t<div class=\"elementor-element elementor-element-aabe4bb elementor-widget elementor-widget-spacer\" data-id=\"aabe4bb\" data-element_type=\"widget\" data-widget_type=\"spacer.default\">\n\t\t\t\t<div class=\"elementor-widget-container\">\n\t\t\t\t\t\t\t<div class=\"elementor-spacer\">\n\t\t\t<div class=\"elementor-spacer-inner\"><\/div>\n\t\t<\/div>\n\t\t\t\t\t\t<\/div>\n\t\t\t\t<\/div>\n\t\t\t\t<div class=\"elementor-element elementor-element-e60baf8 elementor-widget elementor-widget-heading\" data-id=\"e60baf8\" data-element_type=\"widget\" data-widget_type=\"heading.default\">\n\t\t\t\t<div class=\"elementor-widget-container\">\n\t\t\t\t\t<h1 class=\"elementor-heading-title elementor-size-default\">Rapport de validation\/SOA<\/h1>\t\t\t\t<\/div>\n\t\t\t\t<\/div>\n\t\t\t\t<div class=\"elementor-element elementor-element-272a5f9 elementor-widget elementor-widget-spacer\" data-id=\"272a5f9\" data-element_type=\"widget\" data-widget_type=\"spacer.default\">\n\t\t\t\t<div class=\"elementor-widget-container\">\n\t\t\t\t\t\t\t<div class=\"elementor-spacer\">\n\t\t\t<div class=\"elementor-spacer-inner\"><\/div>\n\t\t<\/div>\n\t\t\t\t\t\t<\/div>\n\t\t\t\t<\/div>\n\t\t\t\t\t<\/div>\n\t\t<\/div>\n\t\t\t\t\t<\/div>\n\t\t<\/section>\n\t\t\t\t<section class=\"elementor-section elementor-top-section elementor-element elementor-element-d864a0a elementor-section-boxed elementor-section-height-default elementor-section-height-default\" data-id=\"d864a0a\" data-element_type=\"section\">\n\t\t\t\t\t\t<div class=\"elementor-container elementor-column-gap-default\">\n\t\t\t\t\t<div class=\"elementor-column elementor-col-50 elementor-top-column elementor-element elementor-element-98815bb\" data-id=\"98815bb\" data-element_type=\"column\">\n\t\t\t<div class=\"elementor-widget-wrap elementor-element-populated\">\n\t\t\t\t\t\t<div class=\"elementor-element elementor-element-397d1f8 elementor-widget elementor-widget-text-editor\" data-id=\"397d1f8\" data-element_type=\"widget\" data-widget_type=\"text-editor.default\">\n\t\t\t\t<div class=\"elementor-widget-container\">\n\t\t\t\t\t\t\t\t\t<p>Le rapport de validation fournit des informations sur l&#8217;exactitude de vos donn\u00e9es. Il r\u00e9pertorie le nombre total d&#8217;enregistrements ainsi que le nombre d&#8217;enregistrements valides, corrig\u00e9s et non corrigibles (impossibles \u00e0 corriger). Apr\u00e8s avoir corrig\u00e9 vos adresses, choisissez \u00ab\u00a0Rapport de validation\u00a0\u00bb dans le menu Gestion des adresses.<\/p><p><strong>Pr\u00e9cision de l&#8217;envoi<\/strong><\/p><p>Il est important de v\u00e9rifier le rapport de validation pour votre niveau de pr\u00e9cision. Si votre envoi compte moins de 5 000 pi\u00e8ces, vous n&#8217;avez pas besoin d&#8217;atteindre un taux de pr\u00e9cision de 95%. Cependant, si votre envoi compte plus de 5 000 pi\u00e8ces, vous devez atteindre une pr\u00e9cision d&#8217;au moins 95%.<\/p><p>Le pourcentage valide est calcul\u00e9 automatiquement. \u00c0 partir de cet \u00e9cran, vous pouvez choisir ce qui suit:<\/p><ul><li>Voir les adresses corrig\u00e9es<\/li><li>Afficher les adresses non corrigibles<\/li><li>Corrections de filtre<\/li><li>Imprimer le rapport de<\/li><li>Validation enregistrer dans un fichier<\/li><\/ul><p><strong>Afficher les adresses corrig\u00e9es<\/strong><\/p><p>La s\u00e9lection de cette option vous permet de visualiser et d&#8217;imprimer les adresses corrig\u00e9es. Cela fournit une liste pour mettre \u00e0 jour la base de donn\u00e9es d&#8217;origine. Le rapport indiquera o\u00f9 les corrections ont \u00e9t\u00e9 apport\u00e9es, ainsi que l&#8217;adresse exacte.<\/p><p><strong>Afficher les adresses non corrigibles<\/strong><\/p><p>La s\u00e9lection de cette option vous permet de visualiser et d&#8217;imprimer les adresses non corrigibles. Cela fournit une liste pour mettre \u00e0 jour la base de donn\u00e9es d&#8217;origine. Vous voudrez peut-\u00eatre conserver dans votre travail certaines adresses consid\u00e9r\u00e9es comme non corrigibles par Postes Canada, telles que les adresses internationales, et vous pouvez supprimer les adresses pour lesquelles il n&#8217;y avait pas suffisamment d&#8217;informations pour effectuer la correction. Pour supprimer toutes les adresses non corrigibles, cliquez sur &#8220;Filtrer les enregistrements par type de correction&#8221;.<\/p><p>Pour consulter les adresses individuelles non corrigibles, cliquez sur le bouton &#8220;Rechercher&#8221; sur l&#8217;\u00e9cran &#8220;Afficher la base de donn\u00e9es&#8221;. De plus amples informations sur l&#8217;\u00e9cran de recherche sont fournies dans une section ult\u00e9rieure. Si vous corrigez ces adresses dans la fen\u00eatre de recherche et enregistrez les r\u00e9sultats, votre rapport de validation sera automatiquement mis \u00e0 jour. Les instructions sur la correction manuelle de vos adresses sont pr\u00e9sent\u00e9es ci-dessous.<\/p><p><strong>Filtrer l&#8217;enregistrement<\/strong><\/p><p>Vous pouvez choisir l&#8217;enregistrement par type de correction. Pour plus d&#8217;informations, reportez-vous \u00e0 la page 49 de la section \u00ab\u00a0S\u00e9lection des enregistrements\u00a0\u00bb du manuel.<\/p><p><strong>Important!<\/strong><\/p><p>Si vous le souhaitez, vous pouvez supprimer tout ou partie des adresses non corrigibles dans votre t\u00e2che iAddress\u2122. iAddress\u2122 mettra automatiquement \u00e0 jour votre rapport de validation.<\/p><p><br \/><strong>Imprimer le rapport de validation<\/strong><\/p><p>Les rapports de validation doivent \u00eatre soumis \u00e0 Postes Canada lorsque vous exp\u00e9diez plus de 5 000 articles. Cependant, vous pouvez choisir d&#8217;imprimer le rapport de validation pour vos propres dossiers, m\u00eame si votre envoi est inf\u00e9rieur au seuil de 5 000 pi\u00e8ces.<\/p><p><strong>Rapport corrig\u00e9<\/strong><\/p><p>Ce rapport contient un r\u00e9sum\u00e9 des corrections apport\u00e9es \u00e0 vos adresses lors du traitement.<\/p><p><strong>Rapport non corrigible<\/strong><\/p><p>Ce rapport r\u00e9capitule les adresses qui n&#8217;ont pas pu \u00eatre corrig\u00e9es et les \u00e9ventuels probl\u00e8mes rencontr\u00e9s.<\/p><p><strong>Faire des corrections manuelles<\/strong><\/p><p>Pour corriger manuellement vos enregistrements non corrigibles, affichez-les d&#8217;abord dans l&#8217;\u00e9cran Afficher la base de donn\u00e9es. Vous pouvez acc\u00e9der \u00e0 cet \u00e9cran en cliquant sur Afficher les adresses non corrigibles sur l&#8217;\u00e9cran Rapport de validation ou en s\u00e9lectionnant Fichier\/Afficher la base de donn\u00e9es et en cliquant sur le bouton radio Non corrigible en haut.<\/p><p>Choisissez l&#8217;enregistrement que vous souhaitez corriger manuellement (ou le premier enregistrement de votre liste) et cliquez sur le bouton Rechercher en haut de l&#8217;\u00e9cran. L&#8217;enregistrement va maintenant \u00eatre charg\u00e9 dans l&#8217;\u00e9cran de recherche. La fonction situ\u00e9e \u00e0 droite de la case Correct vous am\u00e8nera \u00e0 Google Maps et tracera l&#8217;adresse pour vous.<\/p>\t\t\t\t\t\t\t\t<\/div>\n\t\t\t\t<\/div>\n\t\t\t\t\t<\/div>\n\t\t<\/div>\n\t\t\t\t<div class=\"elementor-column elementor-col-50 elementor-top-column elementor-element elementor-element-4243320\" data-id=\"4243320\" data-element_type=\"column\">\n\t\t\t<div class=\"elementor-widget-wrap elementor-element-populated\">\n\t\t\t\t\t\t<div class=\"elementor-element elementor-element-63eb3d6 elementor-widget elementor-widget-image\" data-id=\"63eb3d6\" data-element_type=\"widget\" data-widget_type=\"image.default\">\n\t\t\t\t<div class=\"elementor-widget-container\">\n\t\t\t\t\t\t\t\t\t\t\t\t\t\t\t<img fetchpriority=\"high\" decoding=\"async\" width=\"630\" height=\"387\" src=\"https:\/\/www.flagshipsoftware.com\/fsweb\/wp-content\/uploads\/2022\/06\/Validation-Rpt_SOA.FR_.1.png\" class=\"attachment-medium_large size-medium_large wp-image-5873\" alt=\"\" \/>\t\t\t\t\t\t\t\t\t\t\t\t\t\t\t<\/div>\n\t\t\t\t<\/div>\n\t\t\t\t<div class=\"elementor-element elementor-element-009fe10 elementor-widget elementor-widget-image\" data-id=\"009fe10\" data-element_type=\"widget\" data-widget_type=\"image.default\">\n\t\t\t\t<div class=\"elementor-widget-container\">\n\t\t\t\t\t\t\t\t\t\t\t\t\t\t\t<img decoding=\"async\" width=\"768\" height=\"425\" src=\"https:\/\/www.flagshipsoftware.com\/fsweb\/wp-content\/uploads\/2022\/06\/Validation-Rpt_SOA.FR_.2.png\" class=\"attachment-medium_large size-medium_large wp-image-5874\" alt=\"\" \/>\t\t\t\t\t\t\t\t\t\t\t\t\t\t\t<\/div>\n\t\t\t\t<\/div>\n\t\t\t\t<div class=\"elementor-element elementor-element-3b3bd5d elementor-widget elementor-widget-image\" data-id=\"3b3bd5d\" data-element_type=\"widget\" data-widget_type=\"image.default\">\n\t\t\t\t<div class=\"elementor-widget-container\">\n\t\t\t\t\t\t\t\t\t\t\t\t\t\t\t<img decoding=\"async\" width=\"768\" height=\"381\" src=\"https:\/\/www.flagshipsoftware.com\/fsweb\/wp-content\/uploads\/2022\/06\/Validation-Rpt_SOA.FR_.3.png\" class=\"attachment-medium_large size-medium_large wp-image-5875\" alt=\"\" \/>\t\t\t\t\t\t\t\t\t\t\t\t\t\t\t<\/div>\n\t\t\t\t<\/div>\n\t\t\t\t<div class=\"elementor-element elementor-element-acfa19a elementor-widget elementor-widget-image\" data-id=\"acfa19a\" data-element_type=\"widget\" data-widget_type=\"image.default\">\n\t\t\t\t<div class=\"elementor-widget-container\">\n\t\t\t\t\t\t\t\t\t\t\t\t\t\t\t<img loading=\"lazy\" decoding=\"async\" width=\"768\" height=\"382\" src=\"https:\/\/www.flagshipsoftware.com\/fsweb\/wp-content\/uploads\/2022\/06\/Validation-Rpt_SOA.FR_.4.png\" class=\"attachment-medium_large size-medium_large wp-image-5876\" alt=\"\" \/>\t\t\t\t\t\t\t\t\t\t\t\t\t\t\t<\/div>\n\t\t\t\t<\/div>\n\t\t\t\t\t<\/div>\n\t\t<\/div>\n\t\t\t\t\t<\/div>\n\t\t<\/section>\n\t\t\t\t<\/div>\n\t\t","protected":false},"excerpt":{"rendered":"<p>Rapport de validation\/SOA Le rapport de validation fournit des informations sur l&#8217;exactitude de vos donn\u00e9es. Il r\u00e9pertorie le nombre total d&#8217;enregistrements ainsi que le nombre d&#8217;enregistrements valides, corrig\u00e9s et non corrigibles (impossibles \u00e0 corriger). Apr\u00e8s avoir corrig\u00e9 vos adresses, choisissez \u00ab\u00a0Rapport de validation\u00a0\u00bb dans le menu Gestion des adresses. Pr\u00e9cision de l&#8217;envoi Il est important [&hellip;]<\/p>\n","protected":false},"author":2,"featured_media":0,"parent":0,"menu_order":0,"comment_status":"closed","ping_status":"closed","template":"elementor_header_footer","meta":{"site-sidebar-layout":"no-sidebar","site-content-layout":"page-builder","ast-site-content-layout":"default","site-content-style":"default","site-sidebar-style":"default","ast-global-header-display":"","ast-banner-title-visibility":"","ast-main-header-display":"","ast-hfb-above-header-display":"","ast-hfb-below-header-display":"","ast-hfb-mobile-header-display":"","site-post-title":"disabled","ast-breadcrumbs-content":"","ast-featured-img":"disabled","footer-sml-layout":"","ast-disable-related-posts":"","theme-transparent-header-meta":"","adv-header-id-meta":"","stick-header-meta":"","header-above-stick-meta":"","header-main-stick-meta":"","header-below-stick-meta":"","astra-migrate-meta-layouts":"default","ast-page-background-enabled":"default","ast-page-background-meta":{"desktop":{"background-color":"","background-image":"","background-repeat":"repeat","background-position":"center center","background-size":"auto","background-attachment":"scroll","background-type":"","background-media":"","overlay-type":"","overlay-color":"","overlay-opacity":"","overlay-gradient":""},"tablet":{"background-color":"","background-image":"","background-repeat":"repeat","background-position":"center center","background-size":"auto","background-attachment":"scroll","background-type":"","background-media":"","overlay-type":"","overlay-color":"","overlay-opacity":"","overlay-gradient":""},"mobile":{"background-color":"","background-image":"","background-repeat":"repeat","background-position":"center center","background-size":"auto","background-attachment":"scroll","background-type":"","background-media":"","overlay-type":"","overlay-color":"","overlay-opacity":"","overlay-gradient":""}},"ast-content-background-meta":{"desktop":{"background-color":"var(--ast-global-color-5)","background-image":"","background-repeat":"repeat","background-position":"center center","background-size":"auto","background-attachment":"scroll","background-type":"","background-media":"","overlay-type":"","overlay-color":"","overlay-opacity":"","overlay-gradient":""},"tablet":{"background-color":"var(--ast-global-color-5)","background-image":"","background-repeat":"repeat","background-position":"center center","background-size":"auto","background-attachment":"scroll","background-type":"","background-media":"","overlay-type":"","overlay-color":"","overlay-opacity":"","overlay-gradient":""},"mobile":{"background-color":"var(--ast-global-color-5)","background-image":"","background-repeat":"repeat","background-position":"center center","background-size":"auto","background-attachment":"scroll","background-type":"","background-media":"","overlay-type":"","overlay-color":"","overlay-opacity":"","overlay-gradient":""}},"footnotes":""},"class_list":["post-5867","page","type-page","status-publish","hentry"],"_links":{"self":[{"href":"https:\/\/www.flagshipsoftware.com\/fsweb\/wp-json\/wp\/v2\/pages\/5867","targetHints":{"allow":["GET"]}}],"collection":[{"href":"https:\/\/www.flagshipsoftware.com\/fsweb\/wp-json\/wp\/v2\/pages"}],"about":[{"href":"https:\/\/www.flagshipsoftware.com\/fsweb\/wp-json\/wp\/v2\/types\/page"}],"author":[{"embeddable":true,"href":"https:\/\/www.flagshipsoftware.com\/fsweb\/wp-json\/wp\/v2\/users\/2"}],"replies":[{"embeddable":true,"href":"https:\/\/www.flagshipsoftware.com\/fsweb\/wp-json\/wp\/v2\/comments?post=5867"}],"version-history":[{"count":7,"href":"https:\/\/www.flagshipsoftware.com\/fsweb\/wp-json\/wp\/v2\/pages\/5867\/revisions"}],"predecessor-version":[{"id":5879,"href":"https:\/\/www.flagshipsoftware.com\/fsweb\/wp-json\/wp\/v2\/pages\/5867\/revisions\/5879"}],"wp:attachment":[{"href":"https:\/\/www.flagshipsoftware.com\/fsweb\/wp-json\/wp\/v2\/media?parent=5867"}],"curies":[{"name":"wp","href":"https:\/\/api.w.org\/{rel}","templated":true}]}}