{"id":5880,"date":"2022-06-24T13:15:40","date_gmt":"2022-06-24T17:15:40","guid":{"rendered":"http:\/\/lobster.f\/fsweb\/?page_id=5880"},"modified":"2022-06-24T13:57:11","modified_gmt":"2022-06-24T17:57:11","slug":"correction-validation-fr","status":"publish","type":"page","link":"https:\/\/www.flagshipsoftware.com\/fsweb\/fr\/correction-validation-fr\/","title":{"rendered":"Correction\/Validation FR"},"content":{"rendered":"\t\t<div data-elementor-type=\"wp-page\" data-elementor-id=\"5880\" class=\"elementor elementor-5880\" data-elementor-post-type=\"page\">\n\t\t\t\t\t\t<section class=\"elementor-section elementor-top-section elementor-element elementor-element-3dab3b7 elementor-section-boxed elementor-section-height-default elementor-section-height-default\" data-id=\"3dab3b7\" data-element_type=\"section\" data-settings=\"{&quot;shape_divider_top&quot;:&quot;book&quot;}\">\n\t\t\t\t\t<div class=\"elementor-shape elementor-shape-top\" aria-hidden=\"true\" data-negative=\"false\">\n\t\t\t<svg xmlns=\"http:\/\/www.w3.org\/2000\/svg\" viewBox=\"0 0 1000 100\" preserveAspectRatio=\"none\">\n\t<path class=\"elementor-shape-fill\" d=\"M194,99c186.7,0.7,305-78.3,306-97.2c1,18.9,119.3,97.9,306,97.2c114.3-0.3,194,0.3,194,0.3s0-91.7,0-100c0,0,0,0,0-0 L0,0v99.3C0,99.3,79.7,98.7,194,99z\"\/>\n<\/svg>\t\t<\/div>\n\t\t\t\t\t<div class=\"elementor-container elementor-column-gap-default\">\n\t\t\t\t\t<div class=\"elementor-column elementor-col-100 elementor-top-column elementor-element elementor-element-478b1fa\" data-id=\"478b1fa\" data-element_type=\"column\">\n\t\t\t<div class=\"elementor-widget-wrap elementor-element-populated\">\n\t\t\t\t\t\t<div class=\"elementor-element elementor-element-5638a48 elementor-widget elementor-widget-spacer\" data-id=\"5638a48\" data-element_type=\"widget\" data-widget_type=\"spacer.default\">\n\t\t\t\t<div class=\"elementor-widget-container\">\n\t\t\t\t\t\t\t<div class=\"elementor-spacer\">\n\t\t\t<div class=\"elementor-spacer-inner\"><\/div>\n\t\t<\/div>\n\t\t\t\t\t\t<\/div>\n\t\t\t\t<\/div>\n\t\t\t\t<div class=\"elementor-element elementor-element-c02f751 elementor-widget elementor-widget-heading\" data-id=\"c02f751\" data-element_type=\"widget\" data-widget_type=\"heading.default\">\n\t\t\t\t<div class=\"elementor-widget-container\">\n\t\t\t\t\t<h1 class=\"elementor-heading-title elementor-size-default\">Correction et Validation<\/h1>\t\t\t\t<\/div>\n\t\t\t\t<\/div>\n\t\t\t\t\t<\/div>\n\t\t<\/div>\n\t\t\t\t\t<\/div>\n\t\t<\/section>\n\t\t\t\t<section class=\"elementor-section elementor-top-section elementor-element elementor-element-9fcb4dc elementor-section-boxed elementor-section-height-default elementor-section-height-default\" data-id=\"9fcb4dc\" data-element_type=\"section\">\n\t\t\t\t\t\t<div class=\"elementor-container elementor-column-gap-default\">\n\t\t\t\t\t<div class=\"elementor-column elementor-col-50 elementor-top-column elementor-element elementor-element-a1781af\" data-id=\"a1781af\" data-element_type=\"column\">\n\t\t\t<div class=\"elementor-widget-wrap elementor-element-populated\">\n\t\t\t\t\t\t<div class=\"elementor-element elementor-element-20bda38 elementor-widget elementor-widget-text-editor\" data-id=\"20bda38\" data-element_type=\"widget\" data-widget_type=\"text-editor.default\">\n\t\t\t\t<div class=\"elementor-widget-container\">\n\t\t\t\t\t\t\t\t\t<p>La validation d&#8217;un travail garantit que vos adresses sont reconnues par Postes Canada. Chaque adresse est compar\u00e9e et jumel\u00e9e \u00e0 la base de donn\u00e9es d&#8217;adresses de Postes Canada.<\/p><p>Vous disposez de deux options dans iAddress\u2122:<\/p><p>Correction et validation de vos donn\u00e9es<br \/>Validation uniquement de vos donn\u00e9es<br \/>Correction et Validation<br \/>S\u00e9lectionnez \u00ab Correction\/Validation \u00bb dans le menu Gestion des adresses.<\/p><p><strong>Date d&#8217;envoi<\/strong><\/p><p>iAddress\u2122 vous permet d&#8217;entrer la date \u00e0 laquelle vous enverrez votre travail. Il corrigera et validera votre travail par rapport aux donn\u00e9es CPC valides pour cette date. Si vous avez choisi une date non valide, iAddress\u2122 affichera un message d&#8217;erreur.<\/p><p><strong>Options de langue<\/strong><\/p><p>Les options suivantes sont disponibles pour la langue:<\/p><p>Automatique conserve la langue saisie \u00e0 l&#8217;origine dans la base de donn\u00e9es par enregistrement individuel. Si une adresse a \u00e9t\u00e9 saisie en partie en anglais et en partie en fran\u00e7ais, iAddress\u2122 calcule la langue utilis\u00e9e principalement dans l&#8217;enregistrement et attribue la langue en cons\u00e9quence.<\/p><p><br \/>All English convertit toutes les adresses en \u00e9quivalent anglais.<br \/>All French convertit toutes les adresses en \u00e9quivalent fran\u00e7ais.<br \/>Langue par province convertira les adresses du Qu\u00e9bec en fran\u00e7ais et toutes les autres adresses canadiennes en anglais.<br \/>L&#8217;indicateur de langue utilisera le champ d\u00e9sign\u00e9 comme champ Indicateur de langue (d\u00e9fini au moment de la cr\u00e9ation du travail) pour d\u00e9terminer la langue d&#8217;un enregistrement<\/p><p><br \/><strong>Options de formatage<\/strong><\/p><p>De plus, les options suivantes peuvent \u00eatre s\u00e9lectionn\u00e9es en cliquant sur la case devant l&#8217;option. Pour d\u00e9s\u00e9lectionner, cliquez \u00e0 nouveau.<\/p><p>M\u00e9canisable formate votre adresse pour r\u00e9pondre aux crit\u00e8res CPC pour le courrier m\u00e9canisable. Cette option force les options de formatage suivantes.<\/p><p><strong>La casse<\/strong><\/p><p>majuscule\/minuscule est d\u00e9sactiv\u00e9e (adresse toutes les majuscules). La sortie \u00e0 deux lignes est d\u00e9sactiv\u00e9e (seule une adresse \u00e0 une ligne est renvoy\u00e9e).<\/p><p>Utiliser les accents est d\u00e9sactiv\u00e9 (aucun accent n&#8217;est renvoy\u00e9).<br \/>Le style occidental est activ\u00e9 (l&#8217;adresse est format\u00e9e au style occidental pour augmenter la lisibilit\u00e9)<br \/>Raccourcir l&#8217;adresse est activ\u00e9 (les types de rue sont abr\u00e9g\u00e9s).<br \/>Majuscules\/minuscules convertit les adresses en majuscules et minuscules \u00e9quivalentes.<\/p><p><strong>***Important!<\/strong><\/p><p><strong>SAUF SI VOUS CHOISISSEZ CETTE OPTION, TOUTES LES ADRESSES SERONT IMPRIMEES EN MAJUSCULES.<\/strong><\/p><p><strong>Formatage de la ligne d&#8217;adresse<\/strong><\/p><p>Pas de pr\u00e9f\u00e9rence, le logiciel s\u00e9lectionnera le format qui lui semble appropri\u00e9.<\/p><p><br \/>Pr\u00e9f\u00e9rer 2 lignes ajuste la base de donn\u00e9es \u00e0 un format \u00e0 deux lignes l\u00e0 o\u00f9 c&#8217;est autoris\u00e9. Par exemple:<\/p><p><br \/>123, rue Main, appartement 1000<\/p><p>Oakville ON 1A2 B3C<\/p><p>devient<\/p><p>Appt 1000<\/p><p>123, rue Principale<\/p><p>Oakville ON 1A2 B3C<\/p><p>Forcer 1 ligne est disponible si vous n&#8217;avez import\u00e9 qu&#8217;une seule ligne d&#8217;adresse. Si le logiciel pr\u00e9f\u00e8re une sortie \u00e0 deux lignes, les deux lignes seront jointes en un seul champ.<\/p><p><br \/>Utiliser les accents ajoute des accents fran\u00e7ais aux adresses lorsque le fran\u00e7ais a \u00e9t\u00e9 s\u00e9lectionn\u00e9.<\/p><p><br \/>Western Style formate votre adresse pour r\u00e9pondre aux crit\u00e8res CPC pour Western Style. Il n&#8217;a pas de qualificatif pour les num\u00e9ros d&#8217;appartement ou d&#8217;unit\u00e9.<\/p><p>Par exemple:<br \/>123, rue Main, appartement 1000<\/p><p>Oakville ON 1A2 B3C<\/p><p>devient 1000-123 Main Street Oakville ON 1A2 B3C<\/p><p>Shorten Street convertit les adresses en formulaires abr\u00e9g\u00e9s approuv\u00e9s par Postes Canada.<\/p><p><br \/>Update LVR normalise les noms des r\u00e9cepteurs \u00e0 grand volume dans votre travail. Si \u00ab\u00a0Mettre \u00e0 jour LVR\u00a0\u00bb n&#8217;est pas coch\u00e9, toute information de livraison suppl\u00e9mentaire destin\u00e9e \u00e0 donner aux commis de la salle du courrier des informations de livraison plus pr\u00e9cises reste dans l&#8217;adresse au lieu d&#8217;\u00eatre supprim\u00e9e lors de la correction.<\/p><p><br \/>Update Valids remplace une adresse valide par une adresse valide format\u00e9e. Le format est d\u00e9termin\u00e9 par les options que vous avez s\u00e9lectionn\u00e9es. Par exemple:<br \/>Le 55 Trafalgar Court devient le 55 Trafalgar Crt<\/p><p>Normes SERP rurales minimales La valeur par d\u00e9faut dans iAddress\u2122 est de corriger les adresses rurales en utilisant des r\u00e8gles de validation tr\u00e8s strictes. Si la base de donn\u00e9es de Postes Canada contenait des informations sur les cases postales, ces informations \u00e9taient n\u00e9cessaires pour valider ou corriger l&#8217;adresse. Cependant, selon les exigences du SERP, une adresse rurale n&#8217;a besoin que de la ville et du code postal corrects pour \u00eatre consid\u00e9r\u00e9e comme valide.<br \/>Space in Postal CodeOM formate votre Postal CodeOM avec un espace apr\u00e8s les trois premiers caract\u00e8res : A1A 1A1. Si cette option n&#8217;est pas s\u00e9lectionn\u00e9e, le code postalMO sera format\u00e9 comme A1A1A1.<\/p><p><br \/><strong>Validation uniquement<\/strong><\/p><p>S\u00e9lectionnez &#8220;Validation&#8221; dans le menu Gestion des adresses. Vous ne s\u00e9lectionnez pas les options de langue avec Validation uniquement.<\/p><p><strong>Pour ex\u00e9cuter votre travail<\/strong><\/p><p>Apr\u00e8s avoir s\u00e9lectionn\u00e9 toutes vos options, cliquez sur &#8220;OK&#8221;.<br \/>Pour annuler votre t\u00e2che en cours d&#8217;ex\u00e9cution, cliquez sur &#8220;Annuler&#8221;.<\/p><p><strong>Pour annuler la correction<\/strong><\/p><p>Pour annuler la correction, s\u00e9lectionnez &#8220;UnCorrect&#8221; dans le menu de gestion des adresses<\/p>\t\t\t\t\t\t\t\t<\/div>\n\t\t\t\t<\/div>\n\t\t\t\t\t<\/div>\n\t\t<\/div>\n\t\t\t\t<div class=\"elementor-column elementor-col-50 elementor-top-column elementor-element elementor-element-fb85a98\" data-id=\"fb85a98\" data-element_type=\"column\">\n\t\t\t<div class=\"elementor-widget-wrap elementor-element-populated\">\n\t\t\t\t\t\t<div class=\"elementor-element elementor-element-25abc76 elementor-widget elementor-widget-image\" data-id=\"25abc76\" data-element_type=\"widget\" data-widget_type=\"image.default\">\n\t\t\t\t<div class=\"elementor-widget-container\">\n\t\t\t\t\t\t\t\t\t\t\t\t\t\t\t<img fetchpriority=\"high\" decoding=\"async\" width=\"626\" height=\"391\" src=\"https:\/\/www.flagshipsoftware.com\/fsweb\/wp-content\/uploads\/2022\/06\/Correction_Validation.1.FR_.png\" class=\"attachment-large size-large wp-image-5907\" alt=\"\" \/>\t\t\t\t\t\t\t\t\t\t\t\t\t\t\t<\/div>\n\t\t\t\t<\/div>\n\t\t\t\t<div class=\"elementor-element elementor-element-ae15c19 elementor-widget elementor-widget-image\" data-id=\"ae15c19\" data-element_type=\"widget\" data-widget_type=\"image.default\">\n\t\t\t\t<div class=\"elementor-widget-container\">\n\t\t\t\t\t\t\t\t\t\t\t\t\t\t\t<img decoding=\"async\" width=\"685\" height=\"541\" src=\"https:\/\/www.flagshipsoftware.com\/fsweb\/wp-content\/uploads\/2022\/06\/Correction_Validation.2.FR_.png\" class=\"attachment-large size-large wp-image-5908\" alt=\"\" \/>\t\t\t\t\t\t\t\t\t\t\t\t\t\t\t<\/div>\n\t\t\t\t<\/div>\n\t\t\t\t\t<\/div>\n\t\t<\/div>\n\t\t\t\t\t<\/div>\n\t\t<\/section>\n\t\t\t\t<\/div>\n\t\t","protected":false},"excerpt":{"rendered":"<p>Correction et Validation La validation d&#8217;un travail garantit que vos adresses sont reconnues par Postes Canada. Chaque adresse est compar\u00e9e et jumel\u00e9e \u00e0 la base de donn\u00e9es d&#8217;adresses de Postes Canada. Vous disposez de deux options dans iAddress\u2122: Correction et validation de vos donn\u00e9esValidation uniquement de vos donn\u00e9esCorrection et ValidationS\u00e9lectionnez \u00ab Correction\/Validation \u00bb dans le [&hellip;]<\/p>\n","protected":false},"author":2,"featured_media":0,"parent":0,"menu_order":0,"comment_status":"closed","ping_status":"closed","template":"elementor_header_footer","meta":{"site-sidebar-layout":"no-sidebar","site-content-layout":"page-builder","ast-site-content-layout":"default","site-content-style":"default","site-sidebar-style":"default","ast-global-header-display":"","ast-banner-title-visibility":"","ast-main-header-display":"","ast-hfb-above-header-display":"","ast-hfb-below-header-display":"","ast-hfb-mobile-header-display":"","site-post-title":"disabled","ast-breadcrumbs-content":"","ast-featured-img":"disabled","footer-sml-layout":"","ast-disable-related-posts":"","theme-transparent-header-meta":"","adv-header-id-meta":"","stick-header-meta":"","header-above-stick-meta":"","header-main-stick-meta":"","header-below-stick-meta":"","astra-migrate-meta-layouts":"default","ast-page-background-enabled":"default","ast-page-background-meta":{"desktop":{"background-color":"","background-image":"","background-repeat":"repeat","background-position":"center center","background-size":"auto","background-attachment":"scroll","background-type":"","background-media":"","overlay-type":"","overlay-color":"","overlay-opacity":"","overlay-gradient":""},"tablet":{"background-color":"","background-image":"","background-repeat":"repeat","background-position":"center center","background-size":"auto","background-attachment":"scroll","background-type":"","background-media":"","overlay-type":"","overlay-color":"","overlay-opacity":"","overlay-gradient":""},"mobile":{"background-color":"","background-image":"","background-repeat":"repeat","background-position":"center center","background-size":"auto","background-attachment":"scroll","background-type":"","background-media":"","overlay-type":"","overlay-color":"","overlay-opacity":"","overlay-gradient":""}},"ast-content-background-meta":{"desktop":{"background-color":"var(--ast-global-color-5)","background-image":"","background-repeat":"repeat","background-position":"center center","background-size":"auto","background-attachment":"scroll","background-type":"","background-media":"","overlay-type":"","overlay-color":"","overlay-opacity":"","overlay-gradient":""},"tablet":{"background-color":"var(--ast-global-color-5)","background-image":"","background-repeat":"repeat","background-position":"center center","background-size":"auto","background-attachment":"scroll","background-type":"","background-media":"","overlay-type":"","overlay-color":"","overlay-opacity":"","overlay-gradient":""},"mobile":{"background-color":"var(--ast-global-color-5)","background-image":"","background-repeat":"repeat","background-position":"center center","background-size":"auto","background-attachment":"scroll","background-type":"","background-media":"","overlay-type":"","overlay-color":"","overlay-opacity":"","overlay-gradient":""}},"footnotes":""},"class_list":["post-5880","page","type-page","status-publish","hentry"],"_links":{"self":[{"href":"https:\/\/www.flagshipsoftware.com\/fsweb\/wp-json\/wp\/v2\/pages\/5880","targetHints":{"allow":["GET"]}}],"collection":[{"href":"https:\/\/www.flagshipsoftware.com\/fsweb\/wp-json\/wp\/v2\/pages"}],"about":[{"href":"https:\/\/www.flagshipsoftware.com\/fsweb\/wp-json\/wp\/v2\/types\/page"}],"author":[{"embeddable":true,"href":"https:\/\/www.flagshipsoftware.com\/fsweb\/wp-json\/wp\/v2\/users\/2"}],"replies":[{"embeddable":true,"href":"https:\/\/www.flagshipsoftware.com\/fsweb\/wp-json\/wp\/v2\/comments?post=5880"}],"version-history":[{"count":4,"href":"https:\/\/www.flagshipsoftware.com\/fsweb\/wp-json\/wp\/v2\/pages\/5880\/revisions"}],"predecessor-version":[{"id":5911,"href":"https:\/\/www.flagshipsoftware.com\/fsweb\/wp-json\/wp\/v2\/pages\/5880\/revisions\/5911"}],"wp:attachment":[{"href":"https:\/\/www.flagshipsoftware.com\/fsweb\/wp-json\/wp\/v2\/media?parent=5880"}],"curies":[{"name":"wp","href":"https:\/\/api.w.org\/{rel}","templated":true}]}}