{"id":5915,"date":"2022-06-28T13:10:45","date_gmt":"2022-06-28T17:10:45","guid":{"rendered":"http:\/\/lobster.f\/fsweb\/?page_id=5915"},"modified":"2022-06-28T13:18:50","modified_gmt":"2022-06-28T17:18:50","slug":"fusionner-dans-le-tache","status":"publish","type":"page","link":"https:\/\/www.flagshipsoftware.com\/fsweb\/fr\/fusionner-dans-le-tache\/","title":{"rendered":"Fusionner dans le t\u00e2che"},"content":{"rendered":"\t\t<div data-elementor-type=\"wp-page\" data-elementor-id=\"5915\" class=\"elementor elementor-5915\" data-elementor-post-type=\"page\">\n\t\t\t\t\t\t<section class=\"elementor-section elementor-top-section elementor-element elementor-element-3ead7b0 elementor-section-full_width elementor-section-height-default elementor-section-height-default\" data-id=\"3ead7b0\" data-element_type=\"section\" data-settings=\"{&quot;shape_divider_top&quot;:&quot;book&quot;}\">\n\t\t\t\t\t<div class=\"elementor-shape elementor-shape-top\" aria-hidden=\"true\" data-negative=\"false\">\n\t\t\t<svg xmlns=\"http:\/\/www.w3.org\/2000\/svg\" viewBox=\"0 0 1000 100\" preserveAspectRatio=\"none\">\n\t<path class=\"elementor-shape-fill\" d=\"M194,99c186.7,0.7,305-78.3,306-97.2c1,18.9,119.3,97.9,306,97.2c114.3-0.3,194,0.3,194,0.3s0-91.7,0-100c0,0,0,0,0-0 L0,0v99.3C0,99.3,79.7,98.7,194,99z\"\/>\n<\/svg>\t\t<\/div>\n\t\t\t\t\t<div class=\"elementor-container elementor-column-gap-default\">\n\t\t\t\t\t<div class=\"elementor-column elementor-col-100 elementor-top-column elementor-element elementor-element-366ec7b\" data-id=\"366ec7b\" data-element_type=\"column\">\n\t\t\t<div class=\"elementor-widget-wrap elementor-element-populated\">\n\t\t\t\t\t\t<div class=\"elementor-element elementor-element-c7afbf7 elementor-widget elementor-widget-spacer\" data-id=\"c7afbf7\" data-element_type=\"widget\" data-widget_type=\"spacer.default\">\n\t\t\t\t<div class=\"elementor-widget-container\">\n\t\t\t\t\t\t\t<div class=\"elementor-spacer\">\n\t\t\t<div class=\"elementor-spacer-inner\"><\/div>\n\t\t<\/div>\n\t\t\t\t\t\t<\/div>\n\t\t\t\t<\/div>\n\t\t\t\t<div class=\"elementor-element elementor-element-730ed1f elementor-widget elementor-widget-heading\" data-id=\"730ed1f\" data-element_type=\"widget\" data-widget_type=\"heading.default\">\n\t\t\t\t<div class=\"elementor-widget-container\">\n\t\t\t\t\t<h1 class=\"elementor-heading-title elementor-size-default\">Fusionner dans le t\u00e2che<\/h1>\t\t\t\t<\/div>\n\t\t\t\t<\/div>\n\t\t\t\t<div class=\"elementor-element elementor-element-c7cc01f elementor-widget elementor-widget-spacer\" data-id=\"c7cc01f\" data-element_type=\"widget\" data-widget_type=\"spacer.default\">\n\t\t\t\t<div class=\"elementor-widget-container\">\n\t\t\t\t\t\t\t<div class=\"elementor-spacer\">\n\t\t\t<div class=\"elementor-spacer-inner\"><\/div>\n\t\t<\/div>\n\t\t\t\t\t\t<\/div>\n\t\t\t\t<\/div>\n\t\t\t\t\t<\/div>\n\t\t<\/div>\n\t\t\t\t\t<\/div>\n\t\t<\/section>\n\t\t\t\t<section class=\"elementor-section elementor-top-section elementor-element elementor-element-7b05e0e elementor-section-boxed elementor-section-height-default elementor-section-height-default\" data-id=\"7b05e0e\" data-element_type=\"section\">\n\t\t\t\t\t\t<div class=\"elementor-container elementor-column-gap-default\">\n\t\t\t\t\t<div class=\"elementor-column elementor-col-50 elementor-top-column elementor-element elementor-element-7b4ce06\" data-id=\"7b4ce06\" data-element_type=\"column\">\n\t\t\t<div class=\"elementor-widget-wrap elementor-element-populated\">\n\t\t\t\t\t\t<div class=\"elementor-element elementor-element-d4033e6 elementor-widget elementor-widget-text-editor\" data-id=\"d4033e6\" data-element_type=\"widget\" data-widget_type=\"text-editor.default\">\n\t\t\t\t<div class=\"elementor-widget-container\">\n\t\t\t\t\t\t\t\t\t<p>iAddress\u2122 a une fonction qui vous permet de combiner deux ou plusieurs bases de donn\u00e9es en un seul travail de publipostage. Pour fusionner des bases de donn\u00e9es, vous devez ouvrir la premi\u00e8re base de donn\u00e9es \u00e0 l&#8217;aide de la commande Cr\u00e9er un travail ou Cr\u00e9er un travail ODBC du menu principal et s\u00e9lectionner les champs appropri\u00e9s. Lorsque cela est termin\u00e9 pour la premi\u00e8re base de donn\u00e9es, vous pouvez commencer \u00e0 ajouter des fichiers. Les fichiers fusionn\u00e9s n&#8217;ont pas besoin d&#8217;\u00eatre du m\u00eame type de fichier (par exemple, Access ou Excel) ni d&#8217;avoir la m\u00eame mise en page. Dans le menu Fichier, s\u00e9lectionnez &#8220;Fusionner dans le travail&#8221;. Vous devez configurer chaque champ de nom pour une t\u00e2che de fusion car les noms de champ dans vos fichiers d&#8217;entr\u00e9e peuvent \u00eatre<\/p><p>La fonction Fusionner les bases de donn\u00e9es doit \u00eatre ex\u00e9cut\u00e9e avant la validation.<\/p><p>Une fois que vous avez s\u00e9lectionn\u00e9 Fusionner les bases de donn\u00e9es, la fen\u00eatre Ouvrir appara\u00eet. S\u00e9lectionnez la base de donn\u00e9es que vous souhaitez fusionner et cliquez sur &#8220;Ouvrir&#8221;. Suivez les m\u00eames \u00e9tapes que celles d\u00e9crites pour Cr\u00e9er un travail\/Cr\u00e9er un travail ODBC pour s\u00e9lectionner la table et attribuer des champs. Une fois cette op\u00e9ration termin\u00e9e, vous pouvez ajouter des fichiers suppl\u00e9mentaires ou proc\u00e9der \u00e0 la correction\/validation et\/ou au tri.<\/p><p>Fusionner des fichiers suppl\u00e9mentaires<\/p><p>Pour ajouter des bases de donn\u00e9es suppl\u00e9mentaires, s\u00e9lectionnez simplement Fusionner les bases de donn\u00e9es \u00e0 nouveau dans le menu principal et suivez les \u00e9tapes ci-dessus.<br \/>iAddress\u2122 num\u00e9rote les fichiers import\u00e9s 1, 2, 3, etc. Si vous souhaitez conserver ce champ (MergeFile) lors de l&#8217;exportation, vous devez s\u00e9lectionner Champs de contr\u00f4le suppl\u00e9mentaires sur l&#8217;\u00e9cran Exporter la base de donn\u00e9es.<\/p>\t\t\t\t\t\t\t\t<\/div>\n\t\t\t\t<\/div>\n\t\t\t\t\t<\/div>\n\t\t<\/div>\n\t\t\t\t<div class=\"elementor-column elementor-col-50 elementor-top-column elementor-element elementor-element-be8c497\" data-id=\"be8c497\" data-element_type=\"column\">\n\t\t\t<div class=\"elementor-widget-wrap elementor-element-populated\">\n\t\t\t\t\t\t\t<\/div>\n\t\t<\/div>\n\t\t\t\t\t<\/div>\n\t\t<\/section>\n\t\t\t\t<\/div>\n\t\t","protected":false},"excerpt":{"rendered":"<p>Fusionner dans le t\u00e2che iAddress\u2122 a une fonction qui vous permet de combiner deux ou plusieurs bases de donn\u00e9es en un seul travail de publipostage. Pour fusionner des bases de donn\u00e9es, vous devez ouvrir la premi\u00e8re base de donn\u00e9es \u00e0 l&#8217;aide de la commande Cr\u00e9er un travail ou Cr\u00e9er un travail ODBC du menu principal [&hellip;]<\/p>\n","protected":false},"author":2,"featured_media":0,"parent":0,"menu_order":0,"comment_status":"closed","ping_status":"closed","template":"","meta":{"site-sidebar-layout":"no-sidebar","site-content-layout":"page-builder","ast-site-content-layout":"default","site-content-style":"default","site-sidebar-style":"default","ast-global-header-display":"","ast-banner-title-visibility":"","ast-main-header-display":"","ast-hfb-above-header-display":"","ast-hfb-below-header-display":"","ast-hfb-mobile-header-display":"","site-post-title":"disabled","ast-breadcrumbs-content":"","ast-featured-img":"disabled","footer-sml-layout":"","ast-disable-related-posts":"","theme-transparent-header-meta":"default","adv-header-id-meta":"","stick-header-meta":"","header-above-stick-meta":"","header-main-stick-meta":"","header-below-stick-meta":"","astra-migrate-meta-layouts":"default","ast-page-background-enabled":"default","ast-page-background-meta":{"desktop":{"background-color":"","background-image":"","background-repeat":"repeat","background-position":"center center","background-size":"auto","background-attachment":"scroll","background-type":"","background-media":"","overlay-type":"","overlay-color":"","overlay-opacity":"","overlay-gradient":""},"tablet":{"background-color":"","background-image":"","background-repeat":"repeat","background-position":"center center","background-size":"auto","background-attachment":"scroll","background-type":"","background-media":"","overlay-type":"","overlay-color":"","overlay-opacity":"","overlay-gradient":""},"mobile":{"background-color":"","background-image":"","background-repeat":"repeat","background-position":"center center","background-size":"auto","background-attachment":"scroll","background-type":"","background-media":"","overlay-type":"","overlay-color":"","overlay-opacity":"","overlay-gradient":""}},"ast-content-background-meta":{"desktop":{"background-color":"var(--ast-global-color-5)","background-image":"","background-repeat":"repeat","background-position":"center center","background-size":"auto","background-attachment":"scroll","background-type":"","background-media":"","overlay-type":"","overlay-color":"","overlay-opacity":"","overlay-gradient":""},"tablet":{"background-color":"var(--ast-global-color-5)","background-image":"","background-repeat":"repeat","background-position":"center center","background-size":"auto","background-attachment":"scroll","background-type":"","background-media":"","overlay-type":"","overlay-color":"","overlay-opacity":"","overlay-gradient":""},"mobile":{"background-color":"var(--ast-global-color-5)","background-image":"","background-repeat":"repeat","background-position":"center center","background-size":"auto","background-attachment":"scroll","background-type":"","background-media":"","overlay-type":"","overlay-color":"","overlay-opacity":"","overlay-gradient":""}},"footnotes":""},"class_list":["post-5915","page","type-page","status-publish","hentry"],"_links":{"self":[{"href":"https:\/\/www.flagshipsoftware.com\/fsweb\/wp-json\/wp\/v2\/pages\/5915","targetHints":{"allow":["GET"]}}],"collection":[{"href":"https:\/\/www.flagshipsoftware.com\/fsweb\/wp-json\/wp\/v2\/pages"}],"about":[{"href":"https:\/\/www.flagshipsoftware.com\/fsweb\/wp-json\/wp\/v2\/types\/page"}],"author":[{"embeddable":true,"href":"https:\/\/www.flagshipsoftware.com\/fsweb\/wp-json\/wp\/v2\/users\/2"}],"replies":[{"embeddable":true,"href":"https:\/\/www.flagshipsoftware.com\/fsweb\/wp-json\/wp\/v2\/comments?post=5915"}],"version-history":[{"count":4,"href":"https:\/\/www.flagshipsoftware.com\/fsweb\/wp-json\/wp\/v2\/pages\/5915\/revisions"}],"predecessor-version":[{"id":5921,"href":"https:\/\/www.flagshipsoftware.com\/fsweb\/wp-json\/wp\/v2\/pages\/5915\/revisions\/5921"}],"wp:attachment":[{"href":"https:\/\/www.flagshipsoftware.com\/fsweb\/wp-json\/wp\/v2\/media?parent=5915"}],"curies":[{"name":"wp","href":"https:\/\/api.w.org\/{rel}","templated":true}]}}