{"id":5926,"date":"2022-06-28T13:24:58","date_gmt":"2022-06-28T17:24:58","guid":{"rendered":"http:\/\/lobster.f\/fsweb\/?page_id=5926"},"modified":"2022-06-28T13:30:16","modified_gmt":"2022-06-28T17:30:16","slug":"geocodage","status":"publish","type":"page","link":"https:\/\/www.flagshipsoftware.com\/fsweb\/fr\/geocodage\/","title":{"rendered":"G\u00e9ocodage"},"content":{"rendered":"\t\t<div data-elementor-type=\"wp-page\" data-elementor-id=\"5926\" class=\"elementor elementor-5926\" data-elementor-post-type=\"page\">\n\t\t\t\t\t\t<section class=\"elementor-section elementor-top-section elementor-element elementor-element-fba901f elementor-section-full_width elementor-section-height-default elementor-section-height-default\" data-id=\"fba901f\" data-element_type=\"section\" data-settings=\"{&quot;shape_divider_top&quot;:&quot;book&quot;}\">\n\t\t\t\t\t<div class=\"elementor-shape elementor-shape-top\" aria-hidden=\"true\" data-negative=\"false\">\n\t\t\t<svg xmlns=\"http:\/\/www.w3.org\/2000\/svg\" viewBox=\"0 0 1000 100\" preserveAspectRatio=\"none\">\n\t<path class=\"elementor-shape-fill\" d=\"M194,99c186.7,0.7,305-78.3,306-97.2c1,18.9,119.3,97.9,306,97.2c114.3-0.3,194,0.3,194,0.3s0-91.7,0-100c0,0,0,0,0-0 L0,0v99.3C0,99.3,79.7,98.7,194,99z\"\/>\n<\/svg>\t\t<\/div>\n\t\t\t\t\t<div class=\"elementor-container elementor-column-gap-default\">\n\t\t\t\t\t<div class=\"elementor-column elementor-col-100 elementor-top-column elementor-element elementor-element-14e2ce5\" data-id=\"14e2ce5\" data-element_type=\"column\">\n\t\t\t<div class=\"elementor-widget-wrap elementor-element-populated\">\n\t\t\t\t\t\t<div class=\"elementor-element elementor-element-4f06bf7 elementor-widget elementor-widget-spacer\" data-id=\"4f06bf7\" data-element_type=\"widget\" data-widget_type=\"spacer.default\">\n\t\t\t\t<div class=\"elementor-widget-container\">\n\t\t\t\t\t\t\t<div class=\"elementor-spacer\">\n\t\t\t<div class=\"elementor-spacer-inner\"><\/div>\n\t\t<\/div>\n\t\t\t\t\t\t<\/div>\n\t\t\t\t<\/div>\n\t\t\t\t<div class=\"elementor-element elementor-element-e06da95 elementor-widget elementor-widget-heading\" data-id=\"e06da95\" data-element_type=\"widget\" data-widget_type=\"heading.default\">\n\t\t\t\t<div class=\"elementor-widget-container\">\n\t\t\t\t\t<h1 class=\"elementor-heading-title elementor-size-default\">G\u00e9ocodage<\/h1>\t\t\t\t<\/div>\n\t\t\t\t<\/div>\n\t\t\t\t<div class=\"elementor-element elementor-element-46dd5bf elementor-widget elementor-widget-spacer\" data-id=\"46dd5bf\" data-element_type=\"widget\" data-widget_type=\"spacer.default\">\n\t\t\t\t<div class=\"elementor-widget-container\">\n\t\t\t\t\t\t\t<div class=\"elementor-spacer\">\n\t\t\t<div class=\"elementor-spacer-inner\"><\/div>\n\t\t<\/div>\n\t\t\t\t\t\t<\/div>\n\t\t\t\t<\/div>\n\t\t\t\t\t<\/div>\n\t\t<\/div>\n\t\t\t\t\t<\/div>\n\t\t<\/section>\n\t\t\t\t<section class=\"elementor-section elementor-top-section elementor-element elementor-element-6472071 elementor-section-boxed elementor-section-height-default elementor-section-height-default\" data-id=\"6472071\" data-element_type=\"section\">\n\t\t\t\t\t\t<div class=\"elementor-container elementor-column-gap-default\">\n\t\t\t\t\t<div class=\"elementor-column elementor-col-50 elementor-top-column elementor-element elementor-element-b8ff2d9\" data-id=\"b8ff2d9\" data-element_type=\"column\">\n\t\t\t<div class=\"elementor-widget-wrap elementor-element-populated\">\n\t\t\t\t\t\t<div class=\"elementor-element elementor-element-416c353 elementor-widget elementor-widget-text-editor\" data-id=\"416c353\" data-element_type=\"widget\" data-widget_type=\"text-editor.default\">\n\t\t\t\t<div class=\"elementor-widget-container\">\n\t\t\t\t\t\t\t\t\t<p>Le g\u00e9ocodage ajoutera des informations de localisation aux donn\u00e9es de votre travail actuel. L&#8217;option de menu G\u00e9ocodage n&#8217;est disponible qu&#8217;apr\u00e8s la validation de votre job. L&#8217;\u00e9cran de g\u00e9ocodage propose quelques options parmi lesquelles vous pouvez choisir.<\/p><p>Pour la premi\u00e8re option, vous pouvez choisir des dipl\u00f4mes sign\u00e9s ou non sign\u00e9s.<\/p><p>Apr\u00e8s avoir choisi le type de degr\u00e9s, vous pouvez simplement appuyer sur \u00ab Traiter \u00bb pour que iAddress\u2122 ajoute les informations de latitude et de longitude \u00e0 vos adresses.<\/p><p>En tant que fonctionnalit\u00e9 suppl\u00e9mentaire, iAddress\u2122 peut \u00e9galement utiliser une liste de codes postaux et les comparer \u00e0 vos adresses. iAddress\u2122 renverra une liste de la distance jusqu&#8217;au code postal le plus procheOM\u00a0de \u200b\u200bcette liste fournie. Vous pouvez ajouter ces codes postaux \u00e0 partir d&#8217;un fichier s\u00e9par\u00e9 ou les ajouter manuellement un par un.<\/p><p>Pour cela, cochez l&#8217;option &#8220;Cr\u00e9er une liste de distance&#8221;. Ensuite, saisissez un code postalOM que vous souhaitez ajouter \u00e0 la liste dans la zone de texte et cliquez sur &#8220;Ajouter un code postal&#8221;.<\/p><p>Une liste de distances peut \u00e9galement \u00eatre cr\u00e9\u00e9e en fonction de plusieurs codes postauxMO. Cette fonctionnalit\u00e9 peut \u00eatre utilis\u00e9e par les entreprises qui ont plusieurs sites commerciaux et qui souhaitent envoyer des e-mails aux adresses les plus proches.<br \/>Ces codes postauxMO\u00a0peuvent \u00e9galement \u00eatre ajout\u00e9s \u00e0 partir d&#8217;un fichier. Pour ce faire, cliquez sur le bouton &#8220;Ajouter \u00e0 partir du fichier&#8221;.<\/p><p>S\u00e9lectionnez votre fichier.<\/p><p>Une fois la s\u00e9lection souhait\u00e9e effectu\u00e9e, cliquez sur le bouton \u00ab Traiter \u00bb pour traiter votre fichier.<\/p><p>iAddress\u2122 vous informera lorsque le g\u00e9ocodage sera termin\u00e9.<\/p><p>Pour afficher les r\u00e9sultats du g\u00e9ocodage, cliquez sur l&#8217;option &#8220;Afficher la base de donn\u00e9es&#8221; dans le menu &#8220;Fichier&#8221;.<\/p><p>Le processus de g\u00e9ocodage ajoute des colonnes suppl\u00e9mentaires \u00e0 vos donn\u00e9es. En faisant d\u00e9filer vers la droite \u00e0 l&#8217;aide de la barre de d\u00e9filement horizontale, vous rencontrerez \u00e9ventuellement ces colonnes. Les colonnes sont\u00a0:<\/p><p>FLG_GEOLAT\u00a0\u2013 La latitude du PC de l&#8217;adresse.<br \/>FLG_GEOLONG\u00a0\u2013 La longitude du PC de l&#8217;adresse.<\/p><p>Si vous g\u00e9ocodez avec une liste de PC, vous trouverez \u00e9galement\u00a0:<\/p><p><br \/>FLG_NEARESTPC\u00a0\u2013 Il s&#8217;agit du PC le plus proche de l&#8217;adresse dans la liste.<br \/>FLG_DISTANCE\u00a0\u2013 Il s&#8217;agit de la distance entre le PC de l&#8217;adresse et le PC le plus proche de la liste.<\/p><p>Apr\u00e8s avoir obtenu vos r\u00e9sultats g\u00e9ocod\u00e9s, vous pouvez utiliser l&#8217;outil de filtrage pour les envois cibl\u00e9s. Dans le menu Gestion des adresses, cliquez sur Filtrer les envois et choisissez le filtre G\u00e9ocode\u00a0:<\/p><p>Sur cet onglet, vous pouvez supprimer des enregistrements de votre base de donn\u00e9es selon trois options\u00a0:<\/p><p>Supprimez les enregistrements qui n&#8217;ont pas \u00e9t\u00e9 g\u00e9ocod\u00e9s.<br \/>Supprimez les enregistrements en fonction des distances g\u00e9n\u00e9r\u00e9es \u00e0 partir de votre liste de distances.<br \/>Supprimez un certain nombre d&#8217;enregistrements en commen\u00e7ant par ceux les plus proches ou les plus \u00e9loign\u00e9s des codes postauxMO dans votre liste de distances.<\/p><p>Vous pouvez \u00e9galement consulter votre rapport de g\u00e9ocodage en cliquant sur \u00ab\u00a0Rapport\u00a0\u00bb dans le menu de g\u00e9ocodage.<\/p><p>Votre rapport ressemblera \u00e0 ceci-&gt;<\/p>\t\t\t\t\t\t\t\t<\/div>\n\t\t\t\t<\/div>\n\t\t\t\t\t<\/div>\n\t\t<\/div>\n\t\t\t\t<div class=\"elementor-column elementor-col-50 elementor-top-column elementor-element elementor-element-7d88f94\" data-id=\"7d88f94\" data-element_type=\"column\">\n\t\t\t<div class=\"elementor-widget-wrap elementor-element-populated\">\n\t\t\t\t\t\t<div class=\"elementor-element elementor-element-8eb34d9 elementor-widget elementor-widget-image\" data-id=\"8eb34d9\" data-element_type=\"widget\" data-widget_type=\"image.default\">\n\t\t\t\t<div class=\"elementor-widget-container\">\n\t\t\t\t\t\t\t\t\t\t\t\t\t\t\t<img fetchpriority=\"high\" decoding=\"async\" width=\"718\" height=\"362\" src=\"https:\/\/www.flagshipsoftware.com\/fsweb\/wp-content\/uploads\/2022\/06\/Geocoding-FR-1.png\" class=\"attachment-medium_large size-medium_large wp-image-5928\" alt=\"\" \/>\t\t\t\t\t\t\t\t\t\t\t\t\t\t\t<\/div>\n\t\t\t\t<\/div>\n\t\t\t\t<div class=\"elementor-element elementor-element-62f3d97 elementor-widget elementor-widget-image\" data-id=\"62f3d97\" data-element_type=\"widget\" data-widget_type=\"image.default\">\n\t\t\t\t<div class=\"elementor-widget-container\">\n\t\t\t\t\t\t\t\t\t\t\t\t\t\t\t<img decoding=\"async\" width=\"264\" height=\"300\" src=\"https:\/\/www.flagshipsoftware.com\/fsweb\/wp-content\/uploads\/2022\/06\/Geocoding-FR-sort-of-3.png\" class=\"attachment-medium size-medium wp-image-5934\" alt=\"\" \/>\t\t\t\t\t\t\t\t\t\t\t\t\t\t\t<\/div>\n\t\t\t\t<\/div>\n\t\t\t\t<div class=\"elementor-element elementor-element-fd073c8 elementor-widget elementor-widget-image\" data-id=\"fd073c8\" data-element_type=\"widget\" data-widget_type=\"image.default\">\n\t\t\t\t<div class=\"elementor-widget-container\">\n\t\t\t\t\t\t\t\t\t\t\t\t\t\t\t<img decoding=\"async\" width=\"367\" height=\"216\" src=\"https:\/\/www.flagshipsoftware.com\/fsweb\/wp-content\/uploads\/2022\/06\/Geocoding-FR-4.png\" class=\"attachment-medium_large size-medium_large wp-image-5929\" alt=\"\" \/>\t\t\t\t\t\t\t\t\t\t\t\t\t\t\t<\/div>\n\t\t\t\t<\/div>\n\t\t\t\t<div class=\"elementor-element elementor-element-3fdb62b elementor-widget elementor-widget-image\" data-id=\"3fdb62b\" data-element_type=\"widget\" data-widget_type=\"image.default\">\n\t\t\t\t<div class=\"elementor-widget-container\">\n\t\t\t\t\t\t\t\t\t\t\t\t\t\t\t<img loading=\"lazy\" decoding=\"async\" width=\"768\" height=\"633\" src=\"https:\/\/www.flagshipsoftware.com\/fsweb\/wp-content\/uploads\/2022\/06\/Geocoding-FR-5.png\" class=\"attachment-medium_large size-medium_large wp-image-5930\" alt=\"\" \/>\t\t\t\t\t\t\t\t\t\t\t\t\t\t\t<\/div>\n\t\t\t\t<\/div>\n\t\t\t\t<div class=\"elementor-element elementor-element-245ce5a elementor-widget elementor-widget-image\" data-id=\"245ce5a\" data-element_type=\"widget\" data-widget_type=\"image.default\">\n\t\t\t\t<div class=\"elementor-widget-container\">\n\t\t\t\t\t\t\t\t\t\t\t\t\t\t\t<img loading=\"lazy\" decoding=\"async\" width=\"768\" height=\"446\" src=\"https:\/\/www.flagshipsoftware.com\/fsweb\/wp-content\/uploads\/2022\/06\/Geocoding-FR-6.png\" class=\"attachment-medium_large size-medium_large wp-image-5931\" alt=\"\" \/>\t\t\t\t\t\t\t\t\t\t\t\t\t\t\t<\/div>\n\t\t\t\t<\/div>\n\t\t\t\t<div class=\"elementor-element elementor-element-abe47f0 elementor-widget elementor-widget-image\" data-id=\"abe47f0\" data-element_type=\"widget\" data-widget_type=\"image.default\">\n\t\t\t\t<div class=\"elementor-widget-container\">\n\t\t\t\t\t\t\t\t\t\t\t\t\t\t\t<img loading=\"lazy\" decoding=\"async\" width=\"716\" height=\"361\" src=\"https:\/\/www.flagshipsoftware.com\/fsweb\/wp-content\/uploads\/2022\/06\/Geocoding-FR-7.png\" class=\"attachment-medium_large size-medium_large wp-image-5932\" alt=\"\" \/>\t\t\t\t\t\t\t\t\t\t\t\t\t\t\t<\/div>\n\t\t\t\t<\/div>\n\t\t\t\t<div class=\"elementor-element elementor-element-38924ca elementor-widget elementor-widget-image\" data-id=\"38924ca\" data-element_type=\"widget\" data-widget_type=\"image.default\">\n\t\t\t\t<div class=\"elementor-widget-container\">\n\t\t\t\t\t\t\t\t\t\t\t\t\t\t\t<img loading=\"lazy\" decoding=\"async\" width=\"768\" height=\"326\" src=\"https:\/\/www.flagshipsoftware.com\/fsweb\/wp-content\/uploads\/2022\/06\/Geocoding-FR-8.png\" class=\"attachment-medium_large size-medium_large wp-image-5933\" alt=\"\" \/>\t\t\t\t\t\t\t\t\t\t\t\t\t\t\t<\/div>\n\t\t\t\t<\/div>\n\t\t\t\t\t<\/div>\n\t\t<\/div>\n\t\t\t\t\t<\/div>\n\t\t<\/section>\n\t\t\t\t<\/div>\n\t\t","protected":false},"excerpt":{"rendered":"<p>G\u00e9ocodage Le g\u00e9ocodage ajoutera des informations de localisation aux donn\u00e9es de votre travail actuel. L&#8217;option de menu G\u00e9ocodage n&#8217;est disponible qu&#8217;apr\u00e8s la validation de votre job. L&#8217;\u00e9cran de g\u00e9ocodage propose quelques options parmi lesquelles vous pouvez choisir. Pour la premi\u00e8re option, vous pouvez choisir des dipl\u00f4mes sign\u00e9s ou non sign\u00e9s. Apr\u00e8s avoir choisi le type [&hellip;]<\/p>\n","protected":false},"author":2,"featured_media":0,"parent":0,"menu_order":0,"comment_status":"closed","ping_status":"closed","template":"","meta":{"site-sidebar-layout":"no-sidebar","site-content-layout":"page-builder","ast-site-content-layout":"default","site-content-style":"default","site-sidebar-style":"default","ast-global-header-display":"","ast-banner-title-visibility":"","ast-main-header-display":"","ast-hfb-above-header-display":"","ast-hfb-below-header-display":"","ast-hfb-mobile-header-display":"","site-post-title":"disabled","ast-breadcrumbs-content":"","ast-featured-img":"disabled","footer-sml-layout":"","ast-disable-related-posts":"","theme-transparent-header-meta":"default","adv-header-id-meta":"","stick-header-meta":"","header-above-stick-meta":"","header-main-stick-meta":"","header-below-stick-meta":"","astra-migrate-meta-layouts":"default","ast-page-background-enabled":"default","ast-page-background-meta":{"desktop":{"background-color":"","background-image":"","background-repeat":"repeat","background-position":"center center","background-size":"auto","background-attachment":"scroll","background-type":"","background-media":"","overlay-type":"","overlay-color":"","overlay-opacity":"","overlay-gradient":""},"tablet":{"background-color":"","background-image":"","background-repeat":"repeat","background-position":"center center","background-size":"auto","background-attachment":"scroll","background-type":"","background-media":"","overlay-type":"","overlay-color":"","overlay-opacity":"","overlay-gradient":""},"mobile":{"background-color":"","background-image":"","background-repeat":"repeat","background-position":"center center","background-size":"auto","background-attachment":"scroll","background-type":"","background-media":"","overlay-type":"","overlay-color":"","overlay-opacity":"","overlay-gradient":""}},"ast-content-background-meta":{"desktop":{"background-color":"var(--ast-global-color-5)","background-image":"","background-repeat":"repeat","background-position":"center center","background-size":"auto","background-attachment":"scroll","background-type":"","background-media":"","overlay-type":"","overlay-color":"","overlay-opacity":"","overlay-gradient":""},"tablet":{"background-color":"var(--ast-global-color-5)","background-image":"","background-repeat":"repeat","background-position":"center center","background-size":"auto","background-attachment":"scroll","background-type":"","background-media":"","overlay-type":"","overlay-color":"","overlay-opacity":"","overlay-gradient":""},"mobile":{"background-color":"var(--ast-global-color-5)","background-image":"","background-repeat":"repeat","background-position":"center center","background-size":"auto","background-attachment":"scroll","background-type":"","background-media":"","overlay-type":"","overlay-color":"","overlay-opacity":"","overlay-gradient":""}},"footnotes":""},"class_list":["post-5926","page","type-page","status-publish","hentry"],"_links":{"self":[{"href":"https:\/\/www.flagshipsoftware.com\/fsweb\/wp-json\/wp\/v2\/pages\/5926","targetHints":{"allow":["GET"]}}],"collection":[{"href":"https:\/\/www.flagshipsoftware.com\/fsweb\/wp-json\/wp\/v2\/pages"}],"about":[{"href":"https:\/\/www.flagshipsoftware.com\/fsweb\/wp-json\/wp\/v2\/types\/page"}],"author":[{"embeddable":true,"href":"https:\/\/www.flagshipsoftware.com\/fsweb\/wp-json\/wp\/v2\/users\/2"}],"replies":[{"embeddable":true,"href":"https:\/\/www.flagshipsoftware.com\/fsweb\/wp-json\/wp\/v2\/comments?post=5926"}],"version-history":[{"count":4,"href":"https:\/\/www.flagshipsoftware.com\/fsweb\/wp-json\/wp\/v2\/pages\/5926\/revisions"}],"predecessor-version":[{"id":5937,"href":"https:\/\/www.flagshipsoftware.com\/fsweb\/wp-json\/wp\/v2\/pages\/5926\/revisions\/5937"}],"wp:attachment":[{"href":"https:\/\/www.flagshipsoftware.com\/fsweb\/wp-json\/wp\/v2\/media?parent=5926"}],"curies":[{"name":"wp","href":"https:\/\/api.w.org\/{rel}","templated":true}]}}