{"id":5942,"date":"2022-06-28T14:15:32","date_gmt":"2022-06-28T18:15:32","guid":{"rendered":"http:\/\/lobster.f\/fsweb\/?page_id=5942"},"modified":"2022-06-28T15:12:23","modified_gmt":"2022-06-28T19:12:23","slug":"aide","status":"publish","type":"page","link":"https:\/\/www.flagshipsoftware.com\/fsweb\/fr\/aide\/","title":{"rendered":"Aide"},"content":{"rendered":"\t\t<div data-elementor-type=\"wp-page\" data-elementor-id=\"5942\" class=\"elementor elementor-5942\" data-elementor-post-type=\"page\">\n\t\t\t\t\t\t<section class=\"elementor-section elementor-top-section elementor-element elementor-element-45cc069 elementor-section-full_width elementor-section-height-default elementor-section-height-default\" data-id=\"45cc069\" data-element_type=\"section\" data-settings=\"{&quot;shape_divider_top&quot;:&quot;book&quot;}\">\n\t\t\t\t\t<div class=\"elementor-shape elementor-shape-top\" aria-hidden=\"true\" data-negative=\"false\">\n\t\t\t<svg xmlns=\"http:\/\/www.w3.org\/2000\/svg\" viewBox=\"0 0 1000 100\" preserveAspectRatio=\"none\">\n\t<path class=\"elementor-shape-fill\" d=\"M194,99c186.7,0.7,305-78.3,306-97.2c1,18.9,119.3,97.9,306,97.2c114.3-0.3,194,0.3,194,0.3s0-91.7,0-100c0,0,0,0,0-0 L0,0v99.3C0,99.3,79.7,98.7,194,99z\"\/>\n<\/svg>\t\t<\/div>\n\t\t\t\t\t<div class=\"elementor-container elementor-column-gap-default\">\n\t\t\t\t\t<div class=\"elementor-column elementor-col-100 elementor-top-column elementor-element elementor-element-d63e589\" data-id=\"d63e589\" data-element_type=\"column\">\n\t\t\t<div class=\"elementor-widget-wrap elementor-element-populated\">\n\t\t\t\t\t\t<div class=\"elementor-element elementor-element-c3c16fb elementor-widget elementor-widget-spacer\" data-id=\"c3c16fb\" data-element_type=\"widget\" data-widget_type=\"spacer.default\">\n\t\t\t\t<div class=\"elementor-widget-container\">\n\t\t\t\t\t\t\t<div class=\"elementor-spacer\">\n\t\t\t<div class=\"elementor-spacer-inner\"><\/div>\n\t\t<\/div>\n\t\t\t\t\t\t<\/div>\n\t\t\t\t<\/div>\n\t\t\t\t<div class=\"elementor-element elementor-element-6dc5213 elementor-widget elementor-widget-heading\" data-id=\"6dc5213\" data-element_type=\"widget\" data-widget_type=\"heading.default\">\n\t\t\t\t<div class=\"elementor-widget-container\">\n\t\t\t\t\t<h1 class=\"elementor-heading-title elementor-size-default\">Help Menu<\/h1>\t\t\t\t<\/div>\n\t\t\t\t<\/div>\n\t\t\t\t<div class=\"elementor-element elementor-element-8e5cc5e elementor-widget elementor-widget-spacer\" data-id=\"8e5cc5e\" data-element_type=\"widget\" data-widget_type=\"spacer.default\">\n\t\t\t\t<div class=\"elementor-widget-container\">\n\t\t\t\t\t\t\t<div class=\"elementor-spacer\">\n\t\t\t<div class=\"elementor-spacer-inner\"><\/div>\n\t\t<\/div>\n\t\t\t\t\t\t<\/div>\n\t\t\t\t<\/div>\n\t\t\t\t\t<\/div>\n\t\t<\/div>\n\t\t\t\t\t<\/div>\n\t\t<\/section>\n\t\t\t\t<section class=\"elementor-section elementor-top-section elementor-element elementor-element-02f4fd2 elementor-section-boxed elementor-section-height-default elementor-section-height-default\" data-id=\"02f4fd2\" data-element_type=\"section\">\n\t\t\t\t\t\t<div class=\"elementor-container elementor-column-gap-default\">\n\t\t\t\t\t<div class=\"elementor-column elementor-col-50 elementor-top-column elementor-element elementor-element-60a80f6\" data-id=\"60a80f6\" data-element_type=\"column\">\n\t\t\t<div class=\"elementor-widget-wrap elementor-element-populated\">\n\t\t\t\t\t\t<div class=\"elementor-element elementor-element-8947651 elementor-widget elementor-widget-text-editor\" data-id=\"8947651\" data-element_type=\"widget\" data-widget_type=\"text-editor.default\">\n\t\t\t\t<div class=\"elementor-widget-container\">\n\t\t\t\t\t\t\t\t\t<p>Si vous cliquez sur &#8220;Contenu de l&#8217;aide&#8221;, vous serez redirig\u00e9 vers ce manuel en ligne. Le manuel en ligne peut \u00eatre utilis\u00e9 pour r\u00e9soudre des probl\u00e8mes qui ne n\u00e9cessitent pas de support client.<\/p><p>Notre newsletter est disponible dans le menu d&#8217;aide, cliquez simplement sur &#8220;Newsletter&#8221;. Nous publions notre newsletter mensuellement. Il contient des informations sur toutes nos mises \u00e0 jour logicielles et plus encore. Le bulletin est disponible en anglais et en fran\u00e7ais. Prendre plaisir!<\/p><p>Si vous souhaitez une assistance par e-mail, cliquez sur &#8220;Assistance par e-mail&#8221;. Une fen\u00eatre appara\u00eetra et vous pourrez simplement remplir le formulaire et envoyer un e-mail \u00e0 notre \u00e9quipe d&#8217;assistance.<\/p><p>Si vous pr\u00e9f\u00e9rez recevoir une assistance \u00e0 distance. Veuillez cliquer sur &#8220;Assistance \u00e0 distance&#8221;. Une fen\u00eatre appara\u00eetra contenant un code que vous devrez fournir \u00e0 notre personnel d&#8217;assistance afin qu&#8217;il puisse se connecter \u00e0 distance \u00e0 votre ordinateur et vous aider.<\/p><p>Si vous souhaitez conna\u00eetre la version de votre logiciel, veuillez cliquer sur &#8220;Version&#8221;. Une fen\u00eatre appara\u00eetra, ici vous pouvez voir la version de chaque programme que vous avez sur votre appareil.<\/p><p>Pour r\u00e9enregistrer vos informations, veuillez cliquer sur &#8220;r\u00e9enregistrer&#8221;. Une fen\u00eatre appara\u00eetra, vous devez simplement remplir le formulaire et le soumettre.<\/p><p>Si vous souhaitez en savoir plus sur iAddress\u2122, veuillez cliquer sur &#8220;\u00c0 propos&#8221;. Ici, vous pouvez en savoir plus sur iAddress\u2122 dans la fen\u00eatre contextuelle en anglais et en fran\u00e7ais.<\/p><p><span style=\"font-style: inherit; font-weight: inherit; color: var( --e-global-color-text ); font-family: var( --e-global-typography-text-font-family ), Sans-serif;\">\u00a0<\/span><\/p>\t\t\t\t\t\t\t\t<\/div>\n\t\t\t\t<\/div>\n\t\t\t\t\t<\/div>\n\t\t<\/div>\n\t\t\t\t<div class=\"elementor-column elementor-col-50 elementor-top-column elementor-element elementor-element-90cff7e\" data-id=\"90cff7e\" data-element_type=\"column\">\n\t\t\t<div class=\"elementor-widget-wrap elementor-element-populated\">\n\t\t\t\t\t\t<div class=\"elementor-element elementor-element-4426470 elementor-widget elementor-widget-image\" data-id=\"4426470\" data-element_type=\"widget\" data-widget_type=\"image.default\">\n\t\t\t\t<div class=\"elementor-widget-container\">\n\t\t\t\t\t\t\t\t\t\t\t\t\t\t\t<img fetchpriority=\"high\" decoding=\"async\" width=\"296\" height=\"300\" src=\"https:\/\/www.flagshipsoftware.com\/fsweb\/wp-content\/uploads\/2022\/06\/About-FR-1.png\" class=\"attachment-medium size-medium wp-image-5945\" alt=\"\" \/>\t\t\t\t\t\t\t\t\t\t\t\t\t\t\t<\/div>\n\t\t\t\t<\/div>\n\t\t\t\t<div class=\"elementor-element elementor-element-155aeea elementor-widget elementor-widget-image\" data-id=\"155aeea\" data-element_type=\"widget\" data-widget_type=\"image.default\">\n\t\t\t\t<div class=\"elementor-widget-container\">\n\t\t\t\t\t\t\t\t\t\t\t\t\t\t\t<img decoding=\"async\" width=\"284\" height=\"300\" src=\"https:\/\/www.flagshipsoftware.com\/fsweb\/wp-content\/uploads\/2022\/06\/About-FR-2.png\" class=\"attachment-medium size-medium wp-image-5946\" alt=\"\" \/>\t\t\t\t\t\t\t\t\t\t\t\t\t\t\t<\/div>\n\t\t\t\t<\/div>\n\t\t\t\t<div class=\"elementor-element elementor-element-ca93434 elementor-widget elementor-widget-image\" data-id=\"ca93434\" data-element_type=\"widget\" data-widget_type=\"image.default\">\n\t\t\t\t<div class=\"elementor-widget-container\">\n\t\t\t\t\t\t\t\t\t\t\t\t\t\t\t<img decoding=\"async\" width=\"300\" height=\"204\" src=\"https:\/\/www.flagshipsoftware.com\/fsweb\/wp-content\/uploads\/2022\/06\/Automation-FR-1.png\" class=\"attachment-medium size-medium wp-image-5947\" alt=\"\" \/>\t\t\t\t\t\t\t\t\t\t\t\t\t\t\t<\/div>\n\t\t\t\t<\/div>\n\t\t\t\t<div class=\"elementor-element elementor-element-d6a0aee elementor-widget elementor-widget-image\" data-id=\"d6a0aee\" data-element_type=\"widget\" data-widget_type=\"image.default\">\n\t\t\t\t<div class=\"elementor-widget-container\">\n\t\t\t\t\t\t\t\t\t\t\t\t\t\t\t<img loading=\"lazy\" decoding=\"async\" width=\"300\" height=\"162\" src=\"https:\/\/www.flagshipsoftware.com\/fsweb\/wp-content\/uploads\/2022\/06\/Automation-FR-2.png\" class=\"attachment-medium size-medium wp-image-5948\" alt=\"\" \/>\t\t\t\t\t\t\t\t\t\t\t\t\t\t\t<\/div>\n\t\t\t\t<\/div>\n\t\t\t\t<div class=\"elementor-element elementor-element-d2178af elementor-widget elementor-widget-image\" data-id=\"d2178af\" data-element_type=\"widget\" data-widget_type=\"image.default\">\n\t\t\t\t<div class=\"elementor-widget-container\">\n\t\t\t\t\t\t\t\t\t\t\t\t\t\t\t<img loading=\"lazy\" decoding=\"async\" width=\"296\" height=\"300\" src=\"https:\/\/www.flagshipsoftware.com\/fsweb\/wp-content\/uploads\/2022\/06\/Email-Support-FR-1.png\" class=\"attachment-medium size-medium wp-image-5949\" alt=\"\" \/>\t\t\t\t\t\t\t\t\t\t\t\t\t\t\t<\/div>\n\t\t\t\t<\/div>\n\t\t\t\t<div class=\"elementor-element elementor-element-6ba7bfa elementor-widget elementor-widget-image\" data-id=\"6ba7bfa\" data-element_type=\"widget\" data-widget_type=\"image.default\">\n\t\t\t\t<div class=\"elementor-widget-container\">\n\t\t\t\t\t\t\t\t\t\t\t\t\t\t\t<img loading=\"lazy\" decoding=\"async\" width=\"238\" height=\"300\" src=\"https:\/\/www.flagshipsoftware.com\/fsweb\/wp-content\/uploads\/2022\/06\/Email-Support-FR-2.png\" class=\"attachment-medium size-medium wp-image-5950\" alt=\"\" \/>\t\t\t\t\t\t\t\t\t\t\t\t\t\t\t<\/div>\n\t\t\t\t<\/div>\n\t\t\t\t<div class=\"elementor-element elementor-element-eff9e7a elementor-widget elementor-widget-image\" data-id=\"eff9e7a\" data-element_type=\"widget\" data-widget_type=\"image.default\">\n\t\t\t\t<div class=\"elementor-widget-container\">\n\t\t\t\t\t\t\t\t\t\t\t\t\t\t\t<img loading=\"lazy\" decoding=\"async\" width=\"296\" height=\"300\" src=\"https:\/\/www.flagshipsoftware.com\/fsweb\/wp-content\/uploads\/2022\/06\/Help-Content-FR-1.png\" class=\"attachment-medium size-medium wp-image-5951\" alt=\"\" \/>\t\t\t\t\t\t\t\t\t\t\t\t\t\t\t<\/div>\n\t\t\t\t<\/div>\n\t\t\t\t<div class=\"elementor-element elementor-element-74a5245 elementor-widget elementor-widget-image\" data-id=\"74a5245\" data-element_type=\"widget\" data-widget_type=\"image.default\">\n\t\t\t\t<div class=\"elementor-widget-container\">\n\t\t\t\t\t\t\t\t\t\t\t\t\t\t\t<img loading=\"lazy\" decoding=\"async\" width=\"296\" height=\"300\" src=\"https:\/\/www.flagshipsoftware.com\/fsweb\/wp-content\/uploads\/2022\/06\/Hide-News-Feed-FR-1.png\" class=\"attachment-medium size-medium wp-image-5952\" alt=\"\" \/>\t\t\t\t\t\t\t\t\t\t\t\t\t\t\t<\/div>\n\t\t\t\t<\/div>\n\t\t\t\t<div class=\"elementor-element elementor-element-2b80727 elementor-widget elementor-widget-image\" data-id=\"2b80727\" data-element_type=\"widget\" data-widget_type=\"image.default\">\n\t\t\t\t<div class=\"elementor-widget-container\">\n\t\t\t\t\t\t\t\t\t\t\t\t\t\t\t<img loading=\"lazy\" decoding=\"async\" width=\"296\" height=\"300\" src=\"https:\/\/www.flagshipsoftware.com\/fsweb\/wp-content\/uploads\/2022\/06\/Newsletter-FR-1.png\" class=\"attachment-medium size-medium wp-image-5953\" alt=\"\" \/>\t\t\t\t\t\t\t\t\t\t\t\t\t\t\t<\/div>\n\t\t\t\t<\/div>\n\t\t\t\t<div class=\"elementor-element elementor-element-56e7ade elementor-widget elementor-widget-image\" data-id=\"56e7ade\" data-element_type=\"widget\" data-widget_type=\"image.default\">\n\t\t\t\t<div class=\"elementor-widget-container\">\n\t\t\t\t\t\t\t\t\t\t\t\t\t\t\t<img loading=\"lazy\" decoding=\"async\" width=\"296\" height=\"300\" src=\"https:\/\/www.flagshipsoftware.com\/fsweb\/wp-content\/uploads\/2022\/06\/Remote-Support-FR-1.png\" class=\"attachment-medium size-medium wp-image-5954\" alt=\"\" \/>\t\t\t\t\t\t\t\t\t\t\t\t\t\t\t<\/div>\n\t\t\t\t<\/div>\n\t\t\t\t<div class=\"elementor-element elementor-element-38052bb elementor-widget elementor-widget-image\" data-id=\"38052bb\" data-element_type=\"widget\" data-widget_type=\"image.default\">\n\t\t\t\t<div class=\"elementor-widget-container\">\n\t\t\t\t\t\t\t\t\t\t\t\t\t\t\t<img loading=\"lazy\" decoding=\"async\" width=\"203\" height=\"300\" src=\"https:\/\/www.flagshipsoftware.com\/fsweb\/wp-content\/uploads\/2022\/06\/Remote-Support-FR-2.png\" class=\"attachment-medium size-medium wp-image-5955\" alt=\"\" \/>\t\t\t\t\t\t\t\t\t\t\t\t\t\t\t<\/div>\n\t\t\t\t<\/div>\n\t\t\t\t<div class=\"elementor-element elementor-element-b1e5012 elementor-widget elementor-widget-image\" data-id=\"b1e5012\" data-element_type=\"widget\" data-widget_type=\"image.default\">\n\t\t\t\t<div class=\"elementor-widget-container\">\n\t\t\t\t\t\t\t\t\t\t\t\t\t\t\t<img loading=\"lazy\" decoding=\"async\" width=\"296\" height=\"300\" src=\"https:\/\/www.flagshipsoftware.com\/fsweb\/wp-content\/uploads\/2022\/06\/Version-FR-1.png\" class=\"attachment-medium size-medium wp-image-5956\" alt=\"\" \/>\t\t\t\t\t\t\t\t\t\t\t\t\t\t\t<\/div>\n\t\t\t\t<\/div>\n\t\t\t\t<div class=\"elementor-element elementor-element-977057c elementor-widget elementor-widget-image\" data-id=\"977057c\" data-element_type=\"widget\" data-widget_type=\"image.default\">\n\t\t\t\t<div class=\"elementor-widget-container\">\n\t\t\t\t\t\t\t\t\t\t\t\t\t\t\t<img loading=\"lazy\" decoding=\"async\" width=\"947\" height=\"245\" src=\"https:\/\/www.flagshipsoftware.com\/fsweb\/wp-content\/uploads\/2022\/06\/Version-FR-2.png\" class=\"attachment-large size-large wp-image-5957\" alt=\"\" \/>\t\t\t\t\t\t\t\t\t\t\t\t\t\t\t<\/div>\n\t\t\t\t<\/div>\n\t\t\t\t<div class=\"elementor-element elementor-element-a8b7c1c elementor-widget elementor-widget-image\" data-id=\"a8b7c1c\" data-element_type=\"widget\" data-widget_type=\"image.default\">\n\t\t\t\t<div class=\"elementor-widget-container\">\n\t\t\t\t\t\t\t\t\t\t\t\t\t\t\t<img loading=\"lazy\" decoding=\"async\" width=\"795\" height=\"806\" src=\"https:\/\/www.flagshipsoftware.com\/fsweb\/wp-content\/uploads\/2022\/06\/Suggestions-Feedback-FR-1.png\" class=\"attachment-large size-large wp-image-5958\" alt=\"\" \/>\t\t\t\t\t\t\t\t\t\t\t\t\t\t\t<\/div>\n\t\t\t\t<\/div>\n\t\t\t\t\t<\/div>\n\t\t<\/div>\n\t\t\t\t\t<\/div>\n\t\t<\/section>\n\t\t\t\t<\/div>\n\t\t","protected":false},"excerpt":{"rendered":"<p>Help Menu Si vous cliquez sur &#8220;Contenu de l&#8217;aide&#8221;, vous serez redirig\u00e9 vers ce manuel en ligne. Le manuel en ligne peut \u00eatre utilis\u00e9 pour r\u00e9soudre des probl\u00e8mes qui ne n\u00e9cessitent pas de support client. Notre newsletter est disponible dans le menu d&#8217;aide, cliquez simplement sur &#8220;Newsletter&#8221;. Nous publions notre newsletter mensuellement. Il contient des [&hellip;]<\/p>\n","protected":false},"author":2,"featured_media":0,"parent":0,"menu_order":0,"comment_status":"closed","ping_status":"closed","template":"","meta":{"site-sidebar-layout":"no-sidebar","site-content-layout":"page-builder","ast-site-content-layout":"default","site-content-style":"default","site-sidebar-style":"default","ast-global-header-display":"","ast-banner-title-visibility":"","ast-main-header-display":"","ast-hfb-above-header-display":"","ast-hfb-below-header-display":"","ast-hfb-mobile-header-display":"","site-post-title":"disabled","ast-breadcrumbs-content":"","ast-featured-img":"disabled","footer-sml-layout":"","ast-disable-related-posts":"","theme-transparent-header-meta":"default","adv-header-id-meta":"","stick-header-meta":"","header-above-stick-meta":"","header-main-stick-meta":"","header-below-stick-meta":"","astra-migrate-meta-layouts":"default","ast-page-background-enabled":"default","ast-page-background-meta":{"desktop":{"background-color":"","background-image":"","background-repeat":"repeat","background-position":"center center","background-size":"auto","background-attachment":"scroll","background-type":"","background-media":"","overlay-type":"","overlay-color":"","overlay-opacity":"","overlay-gradient":""},"tablet":{"background-color":"","background-image":"","background-repeat":"repeat","background-position":"center center","background-size":"auto","background-attachment":"scroll","background-type":"","background-media":"","overlay-type":"","overlay-color":"","overlay-opacity":"","overlay-gradient":""},"mobile":{"background-color":"","background-image":"","background-repeat":"repeat","background-position":"center center","background-size":"auto","background-attachment":"scroll","background-type":"","background-media":"","overlay-type":"","overlay-color":"","overlay-opacity":"","overlay-gradient":""}},"ast-content-background-meta":{"desktop":{"background-color":"var(--ast-global-color-5)","background-image":"","background-repeat":"repeat","background-position":"center center","background-size":"auto","background-attachment":"scroll","background-type":"","background-media":"","overlay-type":"","overlay-color":"","overlay-opacity":"","overlay-gradient":""},"tablet":{"background-color":"var(--ast-global-color-5)","background-image":"","background-repeat":"repeat","background-position":"center center","background-size":"auto","background-attachment":"scroll","background-type":"","background-media":"","overlay-type":"","overlay-color":"","overlay-opacity":"","overlay-gradient":""},"mobile":{"background-color":"var(--ast-global-color-5)","background-image":"","background-repeat":"repeat","background-position":"center center","background-size":"auto","background-attachment":"scroll","background-type":"","background-media":"","overlay-type":"","overlay-color":"","overlay-opacity":"","overlay-gradient":""}},"footnotes":""},"class_list":["post-5942","page","type-page","status-publish","hentry"],"_links":{"self":[{"href":"https:\/\/www.flagshipsoftware.com\/fsweb\/wp-json\/wp\/v2\/pages\/5942","targetHints":{"allow":["GET"]}}],"collection":[{"href":"https:\/\/www.flagshipsoftware.com\/fsweb\/wp-json\/wp\/v2\/pages"}],"about":[{"href":"https:\/\/www.flagshipsoftware.com\/fsweb\/wp-json\/wp\/v2\/types\/page"}],"author":[{"embeddable":true,"href":"https:\/\/www.flagshipsoftware.com\/fsweb\/wp-json\/wp\/v2\/users\/2"}],"replies":[{"embeddable":true,"href":"https:\/\/www.flagshipsoftware.com\/fsweb\/wp-json\/wp\/v2\/comments?post=5942"}],"version-history":[{"count":4,"href":"https:\/\/www.flagshipsoftware.com\/fsweb\/wp-json\/wp\/v2\/pages\/5942\/revisions"}],"predecessor-version":[{"id":5961,"href":"https:\/\/www.flagshipsoftware.com\/fsweb\/wp-json\/wp\/v2\/pages\/5942\/revisions\/5961"}],"wp:attachment":[{"href":"https:\/\/www.flagshipsoftware.com\/fsweb\/wp-json\/wp\/v2\/media?parent=5942"}],"curies":[{"name":"wp","href":"https:\/\/api.w.org\/{rel}","templated":true}]}}