{"id":6015,"date":"2022-06-29T15:28:12","date_gmt":"2022-06-29T19:28:12","guid":{"rendered":"http:\/\/lobster.f\/fsweb\/?page_id=6015"},"modified":"2022-06-29T15:44:59","modified_gmt":"2022-06-29T19:44:59","slug":"afficher-exporter-la-base-de-donnees","status":"publish","type":"page","link":"https:\/\/www.flagshipsoftware.com\/fsweb\/fr\/afficher-exporter-la-base-de-donnees\/","title":{"rendered":"Afficher\/Exporter La Base de Donn\u00e9es"},"content":{"rendered":"\t\t<div data-elementor-type=\"wp-page\" data-elementor-id=\"6015\" class=\"elementor elementor-6015\" data-elementor-post-type=\"page\">\n\t\t\t\t\t\t<section class=\"elementor-section elementor-top-section elementor-element elementor-element-f7efdc0 elementor-section-full_width elementor-section-height-default elementor-section-height-default\" data-id=\"f7efdc0\" data-element_type=\"section\" data-e-type=\"section\" data-settings=\"{&quot;shape_divider_top&quot;:&quot;book&quot;}\">\n\t\t\t\t\t<div class=\"elementor-shape elementor-shape-top\" aria-hidden=\"true\" data-negative=\"false\">\n\t\t\t<svg xmlns=\"http:\/\/www.w3.org\/2000\/svg\" viewBox=\"0 0 1000 100\" preserveAspectRatio=\"none\">\n\t<path class=\"elementor-shape-fill\" d=\"M194,99c186.7,0.7,305-78.3,306-97.2c1,18.9,119.3,97.9,306,97.2c114.3-0.3,194,0.3,194,0.3s0-91.7,0-100c0,0,0,0,0-0 L0,0v99.3C0,99.3,79.7,98.7,194,99z\"\/>\n<\/svg>\t\t<\/div>\n\t\t\t\t\t<div class=\"elementor-container elementor-column-gap-default\">\n\t\t\t\t\t<div class=\"elementor-column elementor-col-100 elementor-top-column elementor-element elementor-element-3ad259d\" data-id=\"3ad259d\" data-element_type=\"column\" data-e-type=\"column\">\n\t\t\t<div class=\"elementor-widget-wrap elementor-element-populated\">\n\t\t\t\t\t\t<div class=\"elementor-element elementor-element-29fd714 elementor-widget elementor-widget-spacer\" data-id=\"29fd714\" data-element_type=\"widget\" data-e-type=\"widget\" data-widget_type=\"spacer.default\">\n\t\t\t\t<div class=\"elementor-widget-container\">\n\t\t\t\t\t\t\t<div class=\"elementor-spacer\">\n\t\t\t<div class=\"elementor-spacer-inner\"><\/div>\n\t\t<\/div>\n\t\t\t\t\t\t<\/div>\n\t\t\t\t<\/div>\n\t\t\t\t<div class=\"elementor-element elementor-element-e13212a elementor-widget elementor-widget-heading\" data-id=\"e13212a\" data-element_type=\"widget\" data-e-type=\"widget\" data-widget_type=\"heading.default\">\n\t\t\t\t<div class=\"elementor-widget-container\">\n\t\t\t\t\t<h1 class=\"elementor-heading-title elementor-size-default\">Afficher La Base de Donn\u00e9es et Exporter<\/h1>\t\t\t\t<\/div>\n\t\t\t\t<\/div>\n\t\t\t\t<div class=\"elementor-element elementor-element-f318222 elementor-widget elementor-widget-spacer\" data-id=\"f318222\" data-element_type=\"widget\" data-e-type=\"widget\" data-widget_type=\"spacer.default\">\n\t\t\t\t<div class=\"elementor-widget-container\">\n\t\t\t\t\t\t\t<div class=\"elementor-spacer\">\n\t\t\t<div class=\"elementor-spacer-inner\"><\/div>\n\t\t<\/div>\n\t\t\t\t\t\t<\/div>\n\t\t\t\t<\/div>\n\t\t\t\t\t<\/div>\n\t\t<\/div>\n\t\t\t\t\t<\/div>\n\t\t<\/section>\n\t\t\t\t<section class=\"elementor-section elementor-top-section elementor-element elementor-element-b28e62f elementor-section-boxed elementor-section-height-default elementor-section-height-default\" data-id=\"b28e62f\" data-element_type=\"section\" data-e-type=\"section\">\n\t\t\t\t\t\t<div class=\"elementor-container elementor-column-gap-default\">\n\t\t\t\t\t<div class=\"elementor-column elementor-col-50 elementor-top-column elementor-element elementor-element-cdcde88\" data-id=\"cdcde88\" data-element_type=\"column\" data-e-type=\"column\">\n\t\t\t<div class=\"elementor-widget-wrap elementor-element-populated\">\n\t\t\t\t\t\t<div class=\"elementor-element elementor-element-a047f0c elementor-widget elementor-widget-text-editor\" data-id=\"a047f0c\" data-element_type=\"widget\" data-e-type=\"widget\" data-widget_type=\"text-editor.default\">\n\t\t\t\t<div class=\"elementor-widget-container\">\n\t\t\t\t\t\t\t\t\t<p>Afficher la base de donn\u00e9es vous permet de visualiser votre base de donn\u00e9es iAddress\u2122 sous forme de tableau. Vous pouvez modifier ou supprimer des enregistrements dans ce mode. Dans le menu Fichier, s\u00e9lectionnez &#8220;Afficher la base de donn\u00e9es&#8221;.<\/p><p><strong>Dans cette vue, vous pouvez consulter:<\/strong><\/p><p>Toutes les adresses<br \/>Adresses valides uniquement<br \/>Adresses corrig\u00e9es uniquement<br \/>Adresses non corrigibles uniquement<br \/>Doublons uniquement<br \/>Enregistrements communs uniquement<br \/>Tous les champs de la base de donn\u00e9es<\/p><p>Vous pouvez imprimer une partie ou la totalit\u00e9 de vos adresses \u00e0 partir de l&#8217;\u00e9cran Afficher la base de donn\u00e9es, si vous le souhaitez.<\/p><p><strong>Noter:<\/strong><\/p><p>Les adresses valides, corrig\u00e9es et non corrigibles ne peuvent \u00eatre visualis\u00e9es qu&#8217;apr\u00e8s validation\/correction sur le travail. Les doublons et les enregistrements communs ne peuvent \u00eatre visualis\u00e9s qu&#8217;apr\u00e8s l&#8217;extraction des doublons. Les enregistrements non cod\u00e9s peuvent \u00eatre consult\u00e9s apr\u00e8s le tri.<\/p><p><strong>Suppression d&#8217;enregistrements<\/strong><\/p><p>Les enregistrements peuvent \u00eatre supprim\u00e9s dans cette vue. Ceci est utile pour supprimer s\u00e9lectivement les doublons apr\u00e8s l&#8217;op\u00e9ration &#8220;Purger les doublons&#8221;. Pour supprimer des enregistrements individuellement, cliquez dessus, puis cliquez sur le bouton &#8220;Supprimer&#8221; au-dessus de la base de donn\u00e9es. Pour supprimer plusieurs enregistrements, maintenez la touche &#8220;Ctrl&#8221; enfonc\u00e9e lors de la s\u00e9lection des enregistrements, puis appuyez sur le bouton &#8220;Supprimer&#8221; \u00e0 l&#8217;\u00e9cran.<\/p><p>Vous pouvez \u00e9galement s\u00e9lectionner un enregistrement individuel en cliquant dessus. Vous pouvez ensuite v\u00e9rifier manuellement l&#8217;adresse de cet enregistrement en cliquant sur &#8220;Rechercher&#8221;.<\/p><p><strong>Exporter la base de donn\u00e9es<\/strong><\/p><p>Vous pouvez maintenant s\u00e9lectionner le contenu et le format de la base de donn\u00e9es d&#8217;exportation.<\/p><p><strong>Les options sont les suivantes:<\/strong><\/p><p><strong>Adresses valides:<\/strong><\/p><p>Toutes les adresses valides de la base de donn\u00e9es d&#8217;origine sont conserv\u00e9es.<\/p><p><strong>Adresses corrig\u00e9es:<\/strong><\/p><p>Toutes les adresses corrig\u00e9es par iAddress\u2122 sont conserv\u00e9es.<\/p><p><strong>Incorrigible:<\/strong><\/p><p>Les adresses que iAddress\u2122 n&#8217;a pas pu corriger sont conserv\u00e9es.<\/p><p><strong>Adresses douteuses:<\/strong><\/p><p>Adresses r\u00e9pertori\u00e9es comme douteuses par iAddress\u2122<\/p><p><strong>Exporter dans l&#8217;ordre d&#8217;origine:<\/strong><\/p><p>Conserve les champs de votre base de donn\u00e9es dans le m\u00eame ordre que le fichier d&#8217;origine.<\/p><p><strong>Champs de contr\u00f4le suppl\u00e9mentaires:<\/strong><\/p><p>Champs cr\u00e9\u00e9s par iAddress\u2122 lors de la correction\/validation et du pr\u00e9-tri.<\/p><p><strong>Ajoutez les champs d&#8217;adresse d&#8217;origine:<\/strong><\/p><p>Vous permet de voir l&#8217;\u00e9tat d&#8217;origine de vos champs d&#8217;adresse ainsi que toute correction ou modification.<\/p><p><strong>Inclure tous les autres champs de la base de donn\u00e9es d&#8217;origine:<\/strong><\/p><p>Permet d&#8217;exporter des champs suppl\u00e9mentaires contenus dans la base de donn\u00e9es d&#8217;origine (par exemple : num\u00e9ros de clients, num\u00e9ros de t\u00e9l\u00e9phone, etc.).<\/p><p><strong>Inclure le journal d&#8217;audit:<\/strong><\/p><p>Permet d&#8217;exporter le journal d&#8217;audit afin de suivre les modifications manuelles apport\u00e9es \u00e0 votre base de donn\u00e9es.<\/p><p><strong>Ajoutez des z\u00e9ros non significatifs \u00e0 l&#8217;ordre de la liste:<\/strong><\/p><p>Aide \u00e0 conserver le formatage num\u00e9rique des fichiers dBase.<\/p><p><strong>Ajouter des champs de correction:<\/strong><\/p><p>Permet de voir les corrections qui ont \u00e9t\u00e9 sugg\u00e9r\u00e9es ou appliqu\u00e9es \u00e0 votre base de donn\u00e9es.<\/p><p><strong>Ajouter un statut et un commentaire:<\/strong><\/p><p>Vous permet de saisir des informations sur des enregistrements individuels.<\/p><p><strong>Ajoutez des composants d&#8217;adresse:<\/strong><\/p><p>Ajoute des champs de votre adresse s\u00e9par\u00e9s en ses composants (par exemple\u00a0: num\u00e9ro de rue, nom de rue, type de rue, direction de la rue, etc.)<\/p><p><strong>Choisissez les champs d&#8217;exportation:<\/strong><\/p><p>Vous permet de choisir sp\u00e9cifiquement les champs que vous souhaitez exporter.<\/p><p><strong>Une fois que vous avez tri\u00e9 votre fichier, vous pouvez \u00e9galement exporter:<\/strong><\/p><p>Enregistrements non cod\u00e9s<br \/>Disques \u00e9trangers<\/p><p>Apr\u00e8s avoir s\u00e9lectionn\u00e9 vos options, cliquez sur Exporter la base de donn\u00e9es. Sur l&#8217;\u00e9cran Enregistrer sous, entrez un emplacement et un nom de fichier pour la nouvelle base de donn\u00e9es. Cliquez sur Enregistrer.<\/p>\t\t\t\t\t\t\t\t<\/div>\n\t\t\t\t<\/div>\n\t\t\t\t\t<\/div>\n\t\t<\/div>\n\t\t\t\t<div class=\"elementor-column elementor-col-50 elementor-top-column elementor-element elementor-element-d7fa275\" data-id=\"d7fa275\" data-element_type=\"column\" data-e-type=\"column\">\n\t\t\t<div class=\"elementor-widget-wrap elementor-element-populated\">\n\t\t\t\t\t\t<div class=\"elementor-element elementor-element-60e50d4 elementor-widget elementor-widget-image\" data-id=\"60e50d4\" data-element_type=\"widget\" data-e-type=\"widget\" data-widget_type=\"image.default\">\n\t\t\t\t<div class=\"elementor-widget-container\">\n\t\t\t\t\t\t\t\t\t\t\t\t\t\t\t<img fetchpriority=\"high\" decoding=\"async\" width=\"300\" height=\"278\" src=\"https:\/\/www.flagshipsoftware.com\/fsweb\/wp-content\/uploads\/2022\/06\/Export-Database-FR-1.png\" class=\"attachment-medium size-medium wp-image-6018\" alt=\"\" \/>\t\t\t\t\t\t\t\t\t\t\t\t\t\t\t<\/div>\n\t\t\t\t<\/div>\n\t\t\t\t\t<\/div>\n\t\t<\/div>\n\t\t\t\t\t<\/div>\n\t\t<\/section>\n\t\t\t\t<\/div>\n\t\t","protected":false},"excerpt":{"rendered":"<p>Afficher La Base de Donn\u00e9es et Exporter Afficher la base de donn\u00e9es vous permet de visualiser votre base de donn\u00e9es iAddress\u2122 sous forme de tableau. Vous pouvez modifier ou supprimer des enregistrements dans ce mode. Dans le menu Fichier, s\u00e9lectionnez &#8220;Afficher la base de donn\u00e9es&#8221;. Dans cette vue, vous pouvez consulter: Toutes les adressesAdresses valides [&hellip;]<\/p>\n","protected":false},"author":2,"featured_media":0,"parent":0,"menu_order":0,"comment_status":"closed","ping_status":"closed","template":"","meta":{"site-sidebar-layout":"no-sidebar","site-content-layout":"page-builder","ast-site-content-layout":"default","site-content-style":"default","site-sidebar-style":"default","ast-global-header-display":"","ast-banner-title-visibility":"","ast-main-header-display":"","ast-hfb-above-header-display":"","ast-hfb-below-header-display":"","ast-hfb-mobile-header-display":"","site-post-title":"disabled","ast-breadcrumbs-content":"","ast-featured-img":"disabled","footer-sml-layout":"","ast-disable-related-posts":"","theme-transparent-header-meta":"default","adv-header-id-meta":"","stick-header-meta":"","header-above-stick-meta":"","header-main-stick-meta":"","header-below-stick-meta":"","astra-migrate-meta-layouts":"default","ast-page-background-enabled":"default","ast-page-background-meta":{"desktop":{"background-color":"","background-image":"","background-repeat":"repeat","background-position":"center center","background-size":"auto","background-attachment":"scroll","background-type":"","background-media":"","overlay-type":"","overlay-color":"","overlay-opacity":"","overlay-gradient":""},"tablet":{"background-color":"","background-image":"","background-repeat":"repeat","background-position":"center center","background-size":"auto","background-attachment":"scroll","background-type":"","background-media":"","overlay-type":"","overlay-color":"","overlay-opacity":"","overlay-gradient":""},"mobile":{"background-color":"","background-image":"","background-repeat":"repeat","background-position":"center center","background-size":"auto","background-attachment":"scroll","background-type":"","background-media":"","overlay-type":"","overlay-color":"","overlay-opacity":"","overlay-gradient":""}},"ast-content-background-meta":{"desktop":{"background-color":"var(--ast-global-color-5)","background-image":"","background-repeat":"repeat","background-position":"center center","background-size":"auto","background-attachment":"scroll","background-type":"","background-media":"","overlay-type":"","overlay-color":"","overlay-opacity":"","overlay-gradient":""},"tablet":{"background-color":"var(--ast-global-color-5)","background-image":"","background-repeat":"repeat","background-position":"center center","background-size":"auto","background-attachment":"scroll","background-type":"","background-media":"","overlay-type":"","overlay-color":"","overlay-opacity":"","overlay-gradient":""},"mobile":{"background-color":"var(--ast-global-color-5)","background-image":"","background-repeat":"repeat","background-position":"center center","background-size":"auto","background-attachment":"scroll","background-type":"","background-media":"","overlay-type":"","overlay-color":"","overlay-opacity":"","overlay-gradient":""}},"footnotes":""},"class_list":["post-6015","page","type-page","status-publish","hentry"],"_links":{"self":[{"href":"https:\/\/www.flagshipsoftware.com\/fsweb\/wp-json\/wp\/v2\/pages\/6015","targetHints":{"allow":["GET"]}}],"collection":[{"href":"https:\/\/www.flagshipsoftware.com\/fsweb\/wp-json\/wp\/v2\/pages"}],"about":[{"href":"https:\/\/www.flagshipsoftware.com\/fsweb\/wp-json\/wp\/v2\/types\/page"}],"author":[{"embeddable":true,"href":"https:\/\/www.flagshipsoftware.com\/fsweb\/wp-json\/wp\/v2\/users\/2"}],"replies":[{"embeddable":true,"href":"https:\/\/www.flagshipsoftware.com\/fsweb\/wp-json\/wp\/v2\/comments?post=6015"}],"version-history":[{"count":4,"href":"https:\/\/www.flagshipsoftware.com\/fsweb\/wp-json\/wp\/v2\/pages\/6015\/revisions"}],"predecessor-version":[{"id":6021,"href":"https:\/\/www.flagshipsoftware.com\/fsweb\/wp-json\/wp\/v2\/pages\/6015\/revisions\/6021"}],"wp:attachment":[{"href":"https:\/\/www.flagshipsoftware.com\/fsweb\/wp-json\/wp\/v2\/media?parent=6015"}],"curies":[{"name":"wp","href":"https:\/\/api.w.org\/{rel}","templated":true}]}}