{"id":6027,"date":"2022-07-05T12:45:32","date_gmt":"2022-07-05T16:45:32","guid":{"rendered":"http:\/\/lobster.f\/fsweb\/?page_id=6027"},"modified":"2022-07-05T13:05:07","modified_gmt":"2022-07-05T17:05:07","slug":"extended-export-fr","status":"publish","type":"page","link":"https:\/\/www.flagshipsoftware.com\/fsweb\/fr\/extended-export-fr\/","title":{"rendered":"Extended Export FR"},"content":{"rendered":"\t\t<div data-elementor-type=\"wp-page\" data-elementor-id=\"6027\" class=\"elementor elementor-6027\" data-elementor-post-type=\"page\">\n\t\t\t\t\t\t<section class=\"elementor-section elementor-top-section elementor-element elementor-element-383409e elementor-section-full_width elementor-section-height-default elementor-section-height-default\" data-id=\"383409e\" data-element_type=\"section\" data-e-type=\"section\" data-settings=\"{&quot;shape_divider_top&quot;:&quot;book&quot;}\">\n\t\t\t\t\t<div class=\"elementor-shape elementor-shape-top\" aria-hidden=\"true\" data-negative=\"false\">\n\t\t\t<svg xmlns=\"http:\/\/www.w3.org\/2000\/svg\" viewBox=\"0 0 1000 100\" preserveAspectRatio=\"none\">\n\t<path class=\"elementor-shape-fill\" d=\"M194,99c186.7,0.7,305-78.3,306-97.2c1,18.9,119.3,97.9,306,97.2c114.3-0.3,194,0.3,194,0.3s0-91.7,0-100c0,0,0,0,0-0 L0,0v99.3C0,99.3,79.7,98.7,194,99z\"\/>\n<\/svg>\t\t<\/div>\n\t\t\t\t\t<div class=\"elementor-container elementor-column-gap-default\">\n\t\t\t\t\t<div class=\"elementor-column elementor-col-100 elementor-top-column elementor-element elementor-element-52d21a2\" data-id=\"52d21a2\" data-element_type=\"column\" data-e-type=\"column\">\n\t\t\t<div class=\"elementor-widget-wrap elementor-element-populated\">\n\t\t\t\t\t\t<div class=\"elementor-element elementor-element-d94b219 elementor-widget elementor-widget-spacer\" data-id=\"d94b219\" data-element_type=\"widget\" data-e-type=\"widget\" data-widget_type=\"spacer.default\">\n\t\t\t\t<div class=\"elementor-widget-container\">\n\t\t\t\t\t\t\t<div class=\"elementor-spacer\">\n\t\t\t<div class=\"elementor-spacer-inner\"><\/div>\n\t\t<\/div>\n\t\t\t\t\t\t<\/div>\n\t\t\t\t<\/div>\n\t\t\t\t<div class=\"elementor-element elementor-element-dd65b4b elementor-widget elementor-widget-heading\" data-id=\"dd65b4b\" data-element_type=\"widget\" data-e-type=\"widget\" data-widget_type=\"heading.default\">\n\t\t\t\t<div class=\"elementor-widget-container\">\n\t\t\t\t\t<h1 class=\"elementor-heading-title elementor-size-default\">Exportation \u00e9tendue<\/h1>\t\t\t\t<\/div>\n\t\t\t\t<\/div>\n\t\t\t\t<div class=\"elementor-element elementor-element-0210408 elementor-widget elementor-widget-spacer\" data-id=\"0210408\" data-element_type=\"widget\" data-e-type=\"widget\" data-widget_type=\"spacer.default\">\n\t\t\t\t<div class=\"elementor-widget-container\">\n\t\t\t\t\t\t\t<div class=\"elementor-spacer\">\n\t\t\t<div class=\"elementor-spacer-inner\"><\/div>\n\t\t<\/div>\n\t\t\t\t\t\t<\/div>\n\t\t\t\t<\/div>\n\t\t\t\t\t<\/div>\n\t\t<\/div>\n\t\t\t\t\t<\/div>\n\t\t<\/section>\n\t\t\t\t<section class=\"elementor-section elementor-top-section elementor-element elementor-element-ad32c98 elementor-section-boxed elementor-section-height-default elementor-section-height-default\" data-id=\"ad32c98\" data-element_type=\"section\" data-e-type=\"section\">\n\t\t\t\t\t\t<div class=\"elementor-container elementor-column-gap-default\">\n\t\t\t\t\t<div class=\"elementor-column elementor-col-50 elementor-top-column elementor-element elementor-element-ff231a0\" data-id=\"ff231a0\" data-element_type=\"column\" data-e-type=\"column\">\n\t\t\t<div class=\"elementor-widget-wrap elementor-element-populated\">\n\t\t\t\t\t\t<div class=\"elementor-element elementor-element-dfe8e5b elementor-widget elementor-widget-text-editor\" data-id=\"dfe8e5b\" data-element_type=\"widget\" data-e-type=\"widget\" data-widget_type=\"text-editor.default\">\n\t\t\t\t<div class=\"elementor-widget-container\">\n\t\t\t\t\t\t\t\t\t<p>Il s&#8217;agit d&#8217;un \u00e9cran d&#8217;exportation con\u00e7u pour vous donner un contr\u00f4le total sur l&#8217;exportation de vos donn\u00e9es depuis iAddress\u2122 de mani\u00e8re claire et intuitive. Comme indiqu\u00e9 ci-dessous,\u00a0il y a 4\u00a0sections principales sur l&#8217;\u00e9cran d&#8217;exportation \u00e9tendue\u00a0: Types d&#8217;enregistrement, Champs, Ordre et Options d&#8217;exportation.<\/p><p><strong>Types d&#8217;enregistrement<\/strong><\/p><p>La section des types d&#8217;enregistrement vous permet de s\u00e9lectionner exactement le type d&#8217;enregistrements que vous souhaitez inclure dans le fichier export\u00e9. Ces options sont compl\u00e8tement inclusives, si elles sont coch\u00e9es, ce type d&#8217;enregistrement sera export\u00e9 et si elles sont d\u00e9coch\u00e9es, elles ne le seront pas. Par exemple, si vous souhaitez exporter uniquement les adresses valides et corrig\u00e9es, vous devez laisser coch\u00e9s\u00a0Adresses valides\u00a0et\u00a0Adresses corrig\u00e9es\u00a0et laisser d\u00e9coch\u00e9es\u00a0Adresses non corrigibles\u00a0et\u00a0Adresses \u00e9trang\u00e8res. Discutable est un modificateur de statut sur (Une adresse valide ou corrig\u00e9e peut \u00eatre douteuse &#8211; cela s&#8217;applique aux adresses rurales o\u00f9 les r\u00e8gles rurales moins strictes du SERP s&#8217;appliquent).<\/p><p><strong>Les options non<\/strong> disponibles seront gris\u00e9es et ne pourront pas \u00eatre s\u00e9lectionn\u00e9es. Il s&#8217;agirait d&#8217;options qui ne s&#8217;appliquent pas car le processus requis n&#8217;a pas \u00e9t\u00e9 ex\u00e9cut\u00e9 &#8211; par exemple, le statut de correction sera d\u00e9sactiv\u00e9 si la correction n&#8217;a pas \u00e9t\u00e9 ex\u00e9cut\u00e9e sur le travail. Ci-dessus, tout sauf le traitement de la liste des personnes d\u00e9c\u00e9d\u00e9es a \u00e9t\u00e9 fait, donc tout est disponible sauf pour les enregistrements des personnes d\u00e9c\u00e9d\u00e9es.<\/p><p><strong>Des champs<\/strong><\/p><p>La section des champs vous permet de s\u00e9lectionner les champs (ou les colonnes si vous pr\u00e9f\u00e9rez) \u00e0 inclure dans l&#8217;export et dans quel ordre ils seront list\u00e9s. Les 2 fl\u00e8ches au centre vous permettent d&#8217;affecter des colonnes des champs disponibles \u00e0 gauche \u00e0 la liste des champs export\u00e9s \u00e0 droite. La s\u00e9lection d&#8217;un champ ou de plusieurs champs et l&#8217;utilisation des boutons fl\u00e9ch\u00e9s sous la liste des champs export\u00e9s vous permettent de r\u00e9organiser les champs.<\/p><p>Sous les deux listes se trouvent des boutons pratiques pour vous permettre d&#8217;attribuer rapidement des champs pertinents. Par exemple, vous pouvez ajouter tous les autres champs qui se trouvaient dans le fichier d&#8217;entr\u00e9e en cliquant sur\u00a0Tous les autres champs d&#8217;origine\u00a0et vous pouvez ajouter tous les champs d&#8217;adresse d&#8217;origine en cliquant sur\u00a0Champs d&#8217;adresse d&#8217;origine.<\/p><p><strong>Ordre<\/strong><\/p><p>La section d&#8217;ordre vous permet de d\u00e9finir l&#8217;ordre dans lequel le fichier export\u00e9 sera.<\/p><p><strong>Options d&#8217;exportation<\/strong><\/p><p><span style=\"font-size: 16px;\">La section des options d&#8217;exportation est principalement l&#8217;endroit o\u00f9 vous s\u00e9lectionnerez le type de fichier vers lequel exporter et le nom\/l&#8217;emplacement vers lequel l&#8217;exporter. Pour certains formats de fichiers, il y aura \u00e9galement des options suppl\u00e9mentaires ici.<\/span><\/p><p><strong>\u00a0<\/strong><\/p><p><strong>Soutien<\/strong><\/p><p>Si vous rencontrez des probl\u00e8mes ou avez des questions, n&#8217;h\u00e9sitez pas \u00e0 contacter notre service d&#8217;assistance en envoyant un e-mail \u00e0\u00a0support@lobster.f\u00a0ou en nous appelant au 1-866-672-0007 Extension 3.<\/p>\t\t\t\t\t\t\t\t<\/div>\n\t\t\t\t<\/div>\n\t\t\t\t\t<\/div>\n\t\t<\/div>\n\t\t\t\t<div class=\"elementor-column elementor-col-50 elementor-top-column elementor-element elementor-element-22daeee\" data-id=\"22daeee\" data-element_type=\"column\" data-e-type=\"column\">\n\t\t\t<div class=\"elementor-widget-wrap elementor-element-populated\">\n\t\t\t\t\t\t<div class=\"elementor-element elementor-element-da54d5e elementor-widget elementor-widget-image\" data-id=\"da54d5e\" data-element_type=\"widget\" data-e-type=\"widget\" data-widget_type=\"image.default\">\n\t\t\t\t<div class=\"elementor-widget-container\">\n\t\t\t\t\t\t\t\t\t\t\t\t\t\t\t<img fetchpriority=\"high\" decoding=\"async\" width=\"732\" height=\"679\" src=\"https:\/\/www.flagshipsoftware.com\/fsweb\/wp-content\/uploads\/2022\/07\/Extended-Export-FR-1.png\" class=\"attachment-large size-large wp-image-6030\" alt=\"\" \/>\t\t\t\t\t\t\t\t\t\t\t\t\t\t\t<\/div>\n\t\t\t\t<\/div>\n\t\t\t\t<div class=\"elementor-element elementor-element-7fa8bf2 elementor-widget elementor-widget-image\" data-id=\"7fa8bf2\" data-element_type=\"widget\" data-e-type=\"widget\" data-widget_type=\"image.default\">\n\t\t\t\t<div class=\"elementor-widget-container\">\n\t\t\t\t\t\t\t\t\t\t\t\t\t\t\t<img decoding=\"async\" width=\"1024\" height=\"691\" src=\"https:\/\/www.flagshipsoftware.com\/fsweb\/wp-content\/uploads\/2022\/07\/Extended-Export-FR-2.png\" class=\"attachment-large size-large wp-image-6031\" alt=\"\" \/>\t\t\t\t\t\t\t\t\t\t\t\t\t\t\t<\/div>\n\t\t\t\t<\/div>\n\t\t\t\t<div class=\"elementor-element elementor-element-4e90584 elementor-widget elementor-widget-image\" data-id=\"4e90584\" data-element_type=\"widget\" data-e-type=\"widget\" data-widget_type=\"image.default\">\n\t\t\t\t<div class=\"elementor-widget-container\">\n\t\t\t\t\t\t\t\t\t\t\t\t\t\t\t<img decoding=\"async\" width=\"1024\" height=\"691\" src=\"https:\/\/www.flagshipsoftware.com\/fsweb\/wp-content\/uploads\/2022\/07\/Extended-Export-FR-3.png\" class=\"attachment-large size-large wp-image-6032\" alt=\"\" \/>\t\t\t\t\t\t\t\t\t\t\t\t\t\t\t<\/div>\n\t\t\t\t<\/div>\n\t\t\t\t<div class=\"elementor-element elementor-element-badf4e7 elementor-widget elementor-widget-image\" data-id=\"badf4e7\" data-element_type=\"widget\" data-e-type=\"widget\" data-widget_type=\"image.default\">\n\t\t\t\t<div class=\"elementor-widget-container\">\n\t\t\t\t\t\t\t\t\t\t\t\t\t\t\t<img loading=\"lazy\" decoding=\"async\" width=\"1024\" height=\"691\" src=\"https:\/\/www.flagshipsoftware.com\/fsweb\/wp-content\/uploads\/2022\/07\/Extended-Export-FR-4.png\" class=\"attachment-large size-large wp-image-6033\" alt=\"\" \/>\t\t\t\t\t\t\t\t\t\t\t\t\t\t\t<\/div>\n\t\t\t\t<\/div>\n\t\t\t\t<div class=\"elementor-element elementor-element-44802b2 elementor-widget elementor-widget-image\" data-id=\"44802b2\" data-element_type=\"widget\" data-e-type=\"widget\" data-widget_type=\"image.default\">\n\t\t\t\t<div class=\"elementor-widget-container\">\n\t\t\t\t\t\t\t\t\t\t\t\t\t\t\t<img loading=\"lazy\" decoding=\"async\" width=\"1024\" height=\"691\" src=\"https:\/\/www.flagshipsoftware.com\/fsweb\/wp-content\/uploads\/2022\/07\/Extended-Export-FR-5.png\" class=\"attachment-large size-large wp-image-6034\" alt=\"\" \/>\t\t\t\t\t\t\t\t\t\t\t\t\t\t\t<\/div>\n\t\t\t\t<\/div>\n\t\t\t\t\t<\/div>\n\t\t<\/div>\n\t\t\t\t\t<\/div>\n\t\t<\/section>\n\t\t\t\t<\/div>\n\t\t","protected":false},"excerpt":{"rendered":"<p>Exportation \u00e9tendue Il s&#8217;agit d&#8217;un \u00e9cran d&#8217;exportation con\u00e7u pour vous donner un contr\u00f4le total sur l&#8217;exportation de vos donn\u00e9es depuis iAddress\u2122 de mani\u00e8re claire et intuitive. Comme indiqu\u00e9 ci-dessous,\u00a0il y a 4\u00a0sections principales sur l&#8217;\u00e9cran d&#8217;exportation \u00e9tendue\u00a0: Types d&#8217;enregistrement, Champs, Ordre et Options d&#8217;exportation. Types d&#8217;enregistrement La section des types d&#8217;enregistrement vous permet de s\u00e9lectionner [&hellip;]<\/p>\n","protected":false},"author":2,"featured_media":0,"parent":0,"menu_order":0,"comment_status":"closed","ping_status":"closed","template":"","meta":{"site-sidebar-layout":"no-sidebar","site-content-layout":"page-builder","ast-site-content-layout":"default","site-content-style":"default","site-sidebar-style":"default","ast-global-header-display":"","ast-banner-title-visibility":"","ast-main-header-display":"","ast-hfb-above-header-display":"","ast-hfb-below-header-display":"","ast-hfb-mobile-header-display":"","site-post-title":"disabled","ast-breadcrumbs-content":"","ast-featured-img":"disabled","footer-sml-layout":"","ast-disable-related-posts":"","theme-transparent-header-meta":"default","adv-header-id-meta":"","stick-header-meta":"","header-above-stick-meta":"","header-main-stick-meta":"","header-below-stick-meta":"","astra-migrate-meta-layouts":"default","ast-page-background-enabled":"default","ast-page-background-meta":{"desktop":{"background-color":"","background-image":"","background-repeat":"repeat","background-position":"center center","background-size":"auto","background-attachment":"scroll","background-type":"","background-media":"","overlay-type":"","overlay-color":"","overlay-opacity":"","overlay-gradient":""},"tablet":{"background-color":"","background-image":"","background-repeat":"repeat","background-position":"center center","background-size":"auto","background-attachment":"scroll","background-type":"","background-media":"","overlay-type":"","overlay-color":"","overlay-opacity":"","overlay-gradient":""},"mobile":{"background-color":"","background-image":"","background-repeat":"repeat","background-position":"center center","background-size":"auto","background-attachment":"scroll","background-type":"","background-media":"","overlay-type":"","overlay-color":"","overlay-opacity":"","overlay-gradient":""}},"ast-content-background-meta":{"desktop":{"background-color":"var(--ast-global-color-5)","background-image":"","background-repeat":"repeat","background-position":"center center","background-size":"auto","background-attachment":"scroll","background-type":"","background-media":"","overlay-type":"","overlay-color":"","overlay-opacity":"","overlay-gradient":""},"tablet":{"background-color":"var(--ast-global-color-5)","background-image":"","background-repeat":"repeat","background-position":"center center","background-size":"auto","background-attachment":"scroll","background-type":"","background-media":"","overlay-type":"","overlay-color":"","overlay-opacity":"","overlay-gradient":""},"mobile":{"background-color":"var(--ast-global-color-5)","background-image":"","background-repeat":"repeat","background-position":"center center","background-size":"auto","background-attachment":"scroll","background-type":"","background-media":"","overlay-type":"","overlay-color":"","overlay-opacity":"","overlay-gradient":""}},"footnotes":""},"class_list":["post-6027","page","type-page","status-publish","hentry"],"_links":{"self":[{"href":"https:\/\/www.flagshipsoftware.com\/fsweb\/wp-json\/wp\/v2\/pages\/6027","targetHints":{"allow":["GET"]}}],"collection":[{"href":"https:\/\/www.flagshipsoftware.com\/fsweb\/wp-json\/wp\/v2\/pages"}],"about":[{"href":"https:\/\/www.flagshipsoftware.com\/fsweb\/wp-json\/wp\/v2\/types\/page"}],"author":[{"embeddable":true,"href":"https:\/\/www.flagshipsoftware.com\/fsweb\/wp-json\/wp\/v2\/users\/2"}],"replies":[{"embeddable":true,"href":"https:\/\/www.flagshipsoftware.com\/fsweb\/wp-json\/wp\/v2\/comments?post=6027"}],"version-history":[{"count":4,"href":"https:\/\/www.flagshipsoftware.com\/fsweb\/wp-json\/wp\/v2\/pages\/6027\/revisions"}],"predecessor-version":[{"id":6037,"href":"https:\/\/www.flagshipsoftware.com\/fsweb\/wp-json\/wp\/v2\/pages\/6027\/revisions\/6037"}],"wp:attachment":[{"href":"https:\/\/www.flagshipsoftware.com\/fsweb\/wp-json\/wp\/v2\/media?parent=6027"}],"curies":[{"name":"wp","href":"https:\/\/api.w.org\/{rel}","templated":true}]}}