{"id":6063,"date":"2022-07-11T13:38:57","date_gmt":"2022-07-11T17:38:57","guid":{"rendered":"http:\/\/lobster.f\/fsweb\/?page_id=6063"},"modified":"2022-07-11T14:06:56","modified_gmt":"2022-07-11T18:06:56","slug":"afficher-appliquer-les-resultats","status":"publish","type":"page","link":"https:\/\/www.flagshipsoftware.com\/fsweb\/fr\/move-update-pnca-fr\/afficher-appliquer-les-resultats\/","title":{"rendered":"Afficher\/Appliquer les R\u00e9sultats"},"content":{"rendered":"\t\t<div data-elementor-type=\"wp-page\" data-elementor-id=\"6063\" class=\"elementor elementor-6063\" data-elementor-post-type=\"page\">\n\t\t\t\t\t\t<section class=\"elementor-section elementor-top-section elementor-element elementor-element-2850cb9 elementor-section-full_width elementor-section-height-default elementor-section-height-default\" data-id=\"2850cb9\" data-element_type=\"section\" data-e-type=\"section\" data-settings=\"{&quot;shape_divider_top&quot;:&quot;opacity-fan&quot;}\">\n\t\t\t\t\t<div class=\"elementor-shape elementor-shape-top\" aria-hidden=\"true\" data-negative=\"false\">\n\t\t\t<svg xmlns=\"http:\/\/www.w3.org\/2000\/svg\" viewBox=\"0 0 283.5 19.6\" preserveAspectRatio=\"none\">\n\t<path class=\"elementor-shape-fill\" style=\"opacity:0.33\" d=\"M0 0L0 18.8 141.8 4.1 283.5 18.8 283.5 0z\"\/>\n\t<path class=\"elementor-shape-fill\" style=\"opacity:0.33\" d=\"M0 0L0 12.6 141.8 4 283.5 12.6 283.5 0z\"\/>\n\t<path class=\"elementor-shape-fill\" style=\"opacity:0.33\" d=\"M0 0L0 6.4 141.8 4 283.5 6.4 283.5 0z\"\/>\n\t<path class=\"elementor-shape-fill\" d=\"M0 0L0 1.2 141.8 4 283.5 1.2 283.5 0z\"\/>\n<\/svg>\t\t<\/div>\n\t\t\t\t\t<div class=\"elementor-container elementor-column-gap-default\">\n\t\t\t\t\t<div class=\"elementor-column elementor-col-100 elementor-top-column elementor-element elementor-element-8a0b41c\" data-id=\"8a0b41c\" data-element_type=\"column\" data-e-type=\"column\">\n\t\t\t<div class=\"elementor-widget-wrap elementor-element-populated\">\n\t\t\t\t\t\t<div class=\"elementor-element elementor-element-89c020a elementor-widget elementor-widget-spacer\" data-id=\"89c020a\" data-element_type=\"widget\" data-e-type=\"widget\" data-widget_type=\"spacer.default\">\n\t\t\t\t<div class=\"elementor-widget-container\">\n\t\t\t\t\t\t\t<div class=\"elementor-spacer\">\n\t\t\t<div class=\"elementor-spacer-inner\"><\/div>\n\t\t<\/div>\n\t\t\t\t\t\t<\/div>\n\t\t\t\t<\/div>\n\t\t\t\t<div class=\"elementor-element elementor-element-bd96697 elementor-widget elementor-widget-heading\" data-id=\"bd96697\" data-element_type=\"widget\" data-e-type=\"widget\" data-widget_type=\"heading.default\">\n\t\t\t\t<div class=\"elementor-widget-container\">\n\t\t\t\t\t<h1 class=\"elementor-heading-title elementor-size-default\">Afficher\/Appliquer les R\u00e9sultats<\/h1>\t\t\t\t<\/div>\n\t\t\t\t<\/div>\n\t\t\t\t<div class=\"elementor-element elementor-element-552638b elementor-widget elementor-widget-spacer\" data-id=\"552638b\" data-element_type=\"widget\" data-e-type=\"widget\" data-widget_type=\"spacer.default\">\n\t\t\t\t<div class=\"elementor-widget-container\">\n\t\t\t\t\t\t\t<div class=\"elementor-spacer\">\n\t\t\t<div class=\"elementor-spacer-inner\"><\/div>\n\t\t<\/div>\n\t\t\t\t\t\t<\/div>\n\t\t\t\t<\/div>\n\t\t\t\t\t<\/div>\n\t\t<\/div>\n\t\t\t\t\t<\/div>\n\t\t<\/section>\n\t\t\t\t<section class=\"elementor-section elementor-top-section elementor-element elementor-element-e16e548 elementor-section-boxed elementor-section-height-default elementor-section-height-default\" data-id=\"e16e548\" data-element_type=\"section\" data-e-type=\"section\">\n\t\t\t\t\t\t<div class=\"elementor-container elementor-column-gap-default\">\n\t\t\t\t\t<div class=\"elementor-column elementor-col-50 elementor-top-column elementor-element elementor-element-b5adcfb\" data-id=\"b5adcfb\" data-element_type=\"column\" data-e-type=\"column\">\n\t\t\t<div class=\"elementor-widget-wrap elementor-element-populated\">\n\t\t\t\t\t\t<div class=\"elementor-element elementor-element-2999b0b elementor-widget elementor-widget-text-editor\" data-id=\"2999b0b\" data-element_type=\"widget\" data-e-type=\"widget\" data-widget_type=\"text-editor.default\">\n\t\t\t\t<div class=\"elementor-widget-container\">\n\t\t\t\t\t\t\t\t\t<p>Un exemple de rapport est pr\u00e9sent\u00e9 ci-dessous. Comme il s&#8217;agit de donn\u00e9es en direct, les noms ont \u00e9t\u00e9 bloqu\u00e9s.<\/p><p>1. Cette fen\u00eatre affiche la nouvelle adresse de vos correspondances, les adresses d&#8217;origine et celles qui ont \u00e9t\u00e9 corrig\u00e9es. La colonne \u00ab PNCA \u00bb indique le type d&#8217;enregistrement.<\/p><p>Double-cliquer sur un enregistrement dans ce tableau le mettra en surbrillance et fera passer sa colonne de mise \u00e0 jour de \u00ab\u00a0Y\u00a0\u00bb (oui mettre \u00e0 jour) \u00e0 \u00ab\u00a0N\u00a0\u00bb (ne pas mettre \u00e0 jour). Double-cliquer \u00e0 nouveau le ram\u00e8nera \u00e0 &#8220;Y&#8221;.<\/p><p>2. Vous permet de visualiser les modifications PNCA, les enregistrements nixie ou les enregistrements DNM.<\/p><p>3. Le bouton &#8220;Purger les enregistrements Nixie&#8221; supprimera tous les enregistrements nixie de votre base de donn\u00e9es o\u00f9 la colonne &#8220;Mettre \u00e0 jour&#8221; est d\u00e9finie sur &#8220;Y&#8221;.<\/p><p>4. Passez \u00e0 l&#8217;\u00e9cran Exportation PNCA.<\/p><p>5. Le bouton &#8220;Appliquer les modifications&#8221; mettra \u00e0 jour votre travail avec les nouvelles adresses. Notez que seuls les enregistrements marqu\u00e9s d&#8217;un \u00ab\u00a0Y\u00a0\u00bb dans la colonne Mettre \u00e0 jour seront affect\u00e9s.<\/p><p>6. Passez \u00e0 l&#8217;\u00e9cran Exportation PNCA.<\/p><p>7. Le bouton &#8220;Purger les enregistrements DNM&#8221; supprimera tous les enregistrements DNM de votre base de donn\u00e9es o\u00f9 la colonne &#8220;Mettre \u00e0 jour&#8221; est d\u00e9finie sur &#8220;Y&#8221;.<\/p><p>8. Passez \u00e0 l&#8217;\u00e9cran Exporter.<\/p><p>9. Appuyez sur le bouton \u00ab Tout restaurer \u00bb pour restaurer tous les enregistrements nixie et DNM purg\u00e9s et annuler les modifications PNCA qui ont \u00e9t\u00e9 appliqu\u00e9es.<\/p><p>10. Le bouton &#8220;Fermer&#8221; fermera la fen\u00eatre.<\/p><p>11. La colonne de mise \u00e0 jour indique les enregistrements qui seront purg\u00e9s ou modifi\u00e9s. Si le champ de mise \u00e0 jour est d\u00e9fini sur &#8220;Y&#8221;, l&#8217;enregistrement sera purg\u00e9 ou modifi\u00e9. Si le champ est d\u00e9fini sur &#8220;N&#8221;, l&#8217;enregistrement ne sera ni purg\u00e9 ni modifi\u00e9.<\/p><p>Exportation du tableau d&#8217;audit PNCA<\/p><p>Les enregistrements d&#8217;audit du PNCA sont constitu\u00e9s des valeurs d&#8217;origine de votre base de donn\u00e9es, des modifications apport\u00e9es lorsque la base de donn\u00e9es a \u00e9t\u00e9 corrig\u00e9e et des modifications sugg\u00e9r\u00e9es par le PNCA.<\/p><p>Les valeurs PNCA sont les mises \u00e0 jour d&#8217;adresse dues aux d\u00e9m\u00e9nagements. Les valeurs d&#8217;origine sont les adresses dans votre base de donn\u00e9es avant la correction. Les valeurs corrig\u00e9es sont des adresses modifi\u00e9es par le processus de correction\/validation.<br \/>Ce sont les enregistrements \u00e0 exporter. Il existe trois types d&#8217;enregistrements, ceux qui correspondent et qui ont un changement d&#8217;adresse (Matches), ceux qui correspondent mais qui n&#8217;ont pas de changement d&#8217;adresse (Nixes). Si vous s\u00e9lectionnez tous les types, il s\u00e9lectionnera les enregistrements nixies et les correspondances.<br \/>Cette liste d\u00e9roulante vous permettra de s\u00e9lectionner le type de base de donn\u00e9es vers laquelle exporter ces enregistrements.<\/p><p class=\"p_Garamond_std\"><span class=\"f_Garamond_std\">\u00a0<\/span><\/p>\t\t\t\t\t\t\t\t<\/div>\n\t\t\t\t<\/div>\n\t\t\t\t\t<\/div>\n\t\t<\/div>\n\t\t\t\t<div class=\"elementor-column elementor-col-50 elementor-top-column elementor-element elementor-element-adb7f5f\" data-id=\"adb7f5f\" data-element_type=\"column\" data-e-type=\"column\">\n\t\t\t<div class=\"elementor-widget-wrap elementor-element-populated\">\n\t\t\t\t\t\t\t<\/div>\n\t\t<\/div>\n\t\t\t\t\t<\/div>\n\t\t<\/section>\n\t\t\t\t<\/div>\n\t\t","protected":false},"excerpt":{"rendered":"<p>Afficher\/Appliquer les R\u00e9sultats Un exemple de rapport est pr\u00e9sent\u00e9 ci-dessous. Comme il s&#8217;agit de donn\u00e9es en direct, les noms ont \u00e9t\u00e9 bloqu\u00e9s. 1. Cette fen\u00eatre affiche la nouvelle adresse de vos correspondances, les adresses d&#8217;origine et celles qui ont \u00e9t\u00e9 corrig\u00e9es. La colonne \u00ab PNCA \u00bb indique le type d&#8217;enregistrement. Double-cliquer sur un enregistrement dans [&hellip;]<\/p>\n","protected":false},"author":2,"featured_media":0,"parent":5726,"menu_order":0,"comment_status":"closed","ping_status":"closed","template":"elementor_header_footer","meta":{"site-sidebar-layout":"no-sidebar","site-content-layout":"page-builder","ast-site-content-layout":"default","site-content-style":"default","site-sidebar-style":"default","ast-global-header-display":"","ast-banner-title-visibility":"","ast-main-header-display":"","ast-hfb-above-header-display":"","ast-hfb-below-header-display":"","ast-hfb-mobile-header-display":"","site-post-title":"disabled","ast-breadcrumbs-content":"","ast-featured-img":"disabled","footer-sml-layout":"","ast-disable-related-posts":"","theme-transparent-header-meta":"","adv-header-id-meta":"","stick-header-meta":"","header-above-stick-meta":"","header-main-stick-meta":"","header-below-stick-meta":"","astra-migrate-meta-layouts":"default","ast-page-background-enabled":"default","ast-page-background-meta":{"desktop":{"background-color":"","background-image":"","background-repeat":"repeat","background-position":"center center","background-size":"auto","background-attachment":"scroll","background-type":"","background-media":"","overlay-type":"","overlay-color":"","overlay-opacity":"","overlay-gradient":""},"tablet":{"background-color":"","background-image":"","background-repeat":"repeat","background-position":"center center","background-size":"auto","background-attachment":"scroll","background-type":"","background-media":"","overlay-type":"","overlay-color":"","overlay-opacity":"","overlay-gradient":""},"mobile":{"background-color":"","background-image":"","background-repeat":"repeat","background-position":"center center","background-size":"auto","background-attachment":"scroll","background-type":"","background-media":"","overlay-type":"","overlay-color":"","overlay-opacity":"","overlay-gradient":""}},"ast-content-background-meta":{"desktop":{"background-color":"var(--ast-global-color-5)","background-image":"","background-repeat":"repeat","background-position":"center center","background-size":"auto","background-attachment":"scroll","background-type":"","background-media":"","overlay-type":"","overlay-color":"","overlay-opacity":"","overlay-gradient":""},"tablet":{"background-color":"var(--ast-global-color-5)","background-image":"","background-repeat":"repeat","background-position":"center center","background-size":"auto","background-attachment":"scroll","background-type":"","background-media":"","overlay-type":"","overlay-color":"","overlay-opacity":"","overlay-gradient":""},"mobile":{"background-color":"var(--ast-global-color-5)","background-image":"","background-repeat":"repeat","background-position":"center center","background-size":"auto","background-attachment":"scroll","background-type":"","background-media":"","overlay-type":"","overlay-color":"","overlay-opacity":"","overlay-gradient":""}},"footnotes":""},"class_list":["post-6063","page","type-page","status-publish","hentry"],"_links":{"self":[{"href":"https:\/\/www.flagshipsoftware.com\/fsweb\/wp-json\/wp\/v2\/pages\/6063","targetHints":{"allow":["GET"]}}],"collection":[{"href":"https:\/\/www.flagshipsoftware.com\/fsweb\/wp-json\/wp\/v2\/pages"}],"about":[{"href":"https:\/\/www.flagshipsoftware.com\/fsweb\/wp-json\/wp\/v2\/types\/page"}],"author":[{"embeddable":true,"href":"https:\/\/www.flagshipsoftware.com\/fsweb\/wp-json\/wp\/v2\/users\/2"}],"replies":[{"embeddable":true,"href":"https:\/\/www.flagshipsoftware.com\/fsweb\/wp-json\/wp\/v2\/comments?post=6063"}],"version-history":[{"count":4,"href":"https:\/\/www.flagshipsoftware.com\/fsweb\/wp-json\/wp\/v2\/pages\/6063\/revisions"}],"predecessor-version":[{"id":6071,"href":"https:\/\/www.flagshipsoftware.com\/fsweb\/wp-json\/wp\/v2\/pages\/6063\/revisions\/6071"}],"up":[{"embeddable":true,"href":"https:\/\/www.flagshipsoftware.com\/fsweb\/wp-json\/wp\/v2\/pages\/5726"}],"wp:attachment":[{"href":"https:\/\/www.flagshipsoftware.com\/fsweb\/wp-json\/wp\/v2\/media?parent=6063"}],"curies":[{"name":"wp","href":"https:\/\/api.w.org\/{rel}","templated":true}]}}