{"id":6162,"date":"2022-07-13T15:50:13","date_gmt":"2022-07-13T19:50:13","guid":{"rendered":"http:\/\/lobster.f\/fsweb\/?page_id=6162"},"modified":"2022-07-13T15:54:27","modified_gmt":"2022-07-13T19:54:27","slug":"telecharger-les-mises-a-jour","status":"publish","type":"page","link":"https:\/\/www.flagshipsoftware.com\/fsweb\/fr\/telecharger-les-mises-a-jour\/","title":{"rendered":"T\u00e9l\u00e9charger les mises \u00e0 jour"},"content":{"rendered":"\t\t<div data-elementor-type=\"wp-page\" data-elementor-id=\"6162\" class=\"elementor elementor-6162\" data-elementor-post-type=\"page\">\n\t\t\t\t\t\t<section class=\"elementor-section elementor-top-section elementor-element elementor-element-f12617b elementor-section-boxed elementor-section-height-default elementor-section-height-default\" data-id=\"f12617b\" data-element_type=\"section\" data-settings=\"{&quot;shape_divider_top&quot;:&quot;opacity-fan&quot;}\">\n\t\t\t\t\t<div class=\"elementor-shape elementor-shape-top\" aria-hidden=\"true\" data-negative=\"false\">\n\t\t\t<svg xmlns=\"http:\/\/www.w3.org\/2000\/svg\" viewBox=\"0 0 283.5 19.6\" preserveAspectRatio=\"none\">\n\t<path class=\"elementor-shape-fill\" style=\"opacity:0.33\" d=\"M0 0L0 18.8 141.8 4.1 283.5 18.8 283.5 0z\"\/>\n\t<path class=\"elementor-shape-fill\" style=\"opacity:0.33\" d=\"M0 0L0 12.6 141.8 4 283.5 12.6 283.5 0z\"\/>\n\t<path class=\"elementor-shape-fill\" style=\"opacity:0.33\" d=\"M0 0L0 6.4 141.8 4 283.5 6.4 283.5 0z\"\/>\n\t<path class=\"elementor-shape-fill\" d=\"M0 0L0 1.2 141.8 4 283.5 1.2 283.5 0z\"\/>\n<\/svg>\t\t<\/div>\n\t\t\t\t\t<div class=\"elementor-container elementor-column-gap-default\">\n\t\t\t\t\t<div class=\"elementor-column elementor-col-100 elementor-top-column elementor-element elementor-element-d22f033\" data-id=\"d22f033\" data-element_type=\"column\">\n\t\t\t<div class=\"elementor-widget-wrap elementor-element-populated\">\n\t\t\t\t\t\t<div class=\"elementor-element elementor-element-b135423 elementor-widget elementor-widget-spacer\" data-id=\"b135423\" data-element_type=\"widget\" data-widget_type=\"spacer.default\">\n\t\t\t\t<div class=\"elementor-widget-container\">\n\t\t\t\t\t\t\t<div class=\"elementor-spacer\">\n\t\t\t<div class=\"elementor-spacer-inner\"><\/div>\n\t\t<\/div>\n\t\t\t\t\t\t<\/div>\n\t\t\t\t<\/div>\n\t\t\t\t<div class=\"elementor-element elementor-element-a160ab4 elementor-widget elementor-widget-heading\" data-id=\"a160ab4\" data-element_type=\"widget\" data-widget_type=\"heading.default\">\n\t\t\t\t<div class=\"elementor-widget-container\">\n\t\t\t\t\t<h1 class=\"elementor-heading-title elementor-size-default\">T\u00e9l\u00e9charger les mises \u00e0 jour<\/h1>\t\t\t\t<\/div>\n\t\t\t\t<\/div>\n\t\t\t\t<div class=\"elementor-element elementor-element-bfb4ea6 elementor-widget elementor-widget-spacer\" data-id=\"bfb4ea6\" data-element_type=\"widget\" data-widget_type=\"spacer.default\">\n\t\t\t\t<div class=\"elementor-widget-container\">\n\t\t\t\t\t\t\t<div class=\"elementor-spacer\">\n\t\t\t<div class=\"elementor-spacer-inner\"><\/div>\n\t\t<\/div>\n\t\t\t\t\t\t<\/div>\n\t\t\t\t<\/div>\n\t\t\t\t\t<\/div>\n\t\t<\/div>\n\t\t\t\t\t<\/div>\n\t\t<\/section>\n\t\t\t\t<section class=\"elementor-section elementor-top-section elementor-element elementor-element-6c604a9 elementor-section-boxed elementor-section-height-default elementor-section-height-default\" data-id=\"6c604a9\" data-element_type=\"section\">\n\t\t\t\t\t\t<div class=\"elementor-container elementor-column-gap-default\">\n\t\t\t\t\t<div class=\"elementor-column elementor-col-50 elementor-top-column elementor-element elementor-element-4d6ec3e\" data-id=\"4d6ec3e\" data-element_type=\"column\">\n\t\t\t<div class=\"elementor-widget-wrap elementor-element-populated\">\n\t\t\t\t\t\t<div class=\"elementor-element elementor-element-205a335 elementor-widget elementor-widget-text-editor\" data-id=\"205a335\" data-element_type=\"widget\" data-widget_type=\"text-editor.default\">\n\t\t\t\t<div class=\"elementor-widget-container\">\n\t\t\t\t\t\t\t\t\t<p>L&#8217;enregistrement est termin\u00e9 avec succ\u00e8s, vous pouvez t\u00e9l\u00e9charger les derni\u00e8res bases de donn\u00e9es en choisissant &#8220;T\u00e9l\u00e9charger les mises \u00e0 jour&#8221; dans le menu &#8220;Outils&#8221;. Dans la fen\u00eatre &#8220;T\u00e9l\u00e9charger les mises \u00e0 jour&#8221;, cliquez sur &#8220;T\u00e9l\u00e9charger&#8221;. La fen\u00eatre &#8220;Fichiers de donn\u00e9es disponibles&#8221; appara\u00eetra. S\u00e9lectionnez \u00ab\u00a0T\u00e9l\u00e9charger les mises \u00e0 jour uniquement\u00a0\u00bb pour t\u00e9l\u00e9charger et installer toutes les mises \u00e0 jour logicielles pour iAddress\u2122. Sinon, s\u00e9lectionnez les donn\u00e9es appropri\u00e9es et cliquez sur &#8220;OK&#8221;.<\/p><p>Une fois le t\u00e9l\u00e9chargement termin\u00e9, iAddress\u2122 sera ferm\u00e9 pour terminer la mise \u00e0 jour. Vous serez invit\u00e9 \u00e0 enregistrer tout travail non enregistr\u00e9.<\/p><p>Noter:<\/p><p>La d\u00e9compression des fichiers de donn\u00e9es peut prendre quelques minutes. Une fois la mise \u00e0 jour termin\u00e9e, iAddress\u2122 sera red\u00e9marr\u00e9<\/p><h2>\u00a0<\/h2>\t\t\t\t\t\t\t\t<\/div>\n\t\t\t\t<\/div>\n\t\t\t\t<div class=\"elementor-element elementor-element-060983a elementor-widget elementor-widget-image\" data-id=\"060983a\" data-element_type=\"widget\" data-widget_type=\"image.default\">\n\t\t\t\t<div class=\"elementor-widget-container\">\n\t\t\t\t\t\t\t\t\t\t\t\t\t\t\t<img decoding=\"async\" width=\"300\" height=\"165\" src=\"https:\/\/www.flagshipsoftware.com\/fsweb\/wp-content\/uploads\/2022\/07\/Download-Updates-FR-3.png\" class=\"attachment-medium size-medium wp-image-6167\" alt=\"\" \/>\t\t\t\t\t\t\t\t\t\t\t\t\t\t\t<\/div>\n\t\t\t\t<\/div>\n\t\t\t\t\t<\/div>\n\t\t<\/div>\n\t\t\t\t<div class=\"elementor-column elementor-col-50 elementor-top-column elementor-element elementor-element-1556606\" data-id=\"1556606\" data-element_type=\"column\">\n\t\t\t<div class=\"elementor-widget-wrap elementor-element-populated\">\n\t\t\t\t\t\t<div class=\"elementor-element elementor-element-d19f25a elementor-widget elementor-widget-image\" data-id=\"d19f25a\" data-element_type=\"widget\" data-widget_type=\"image.default\">\n\t\t\t\t<div class=\"elementor-widget-container\">\n\t\t\t\t\t\t\t\t\t\t\t\t\t\t\t<img fetchpriority=\"high\" decoding=\"async\" width=\"266\" height=\"300\" src=\"https:\/\/www.flagshipsoftware.com\/fsweb\/wp-content\/uploads\/2022\/07\/Download-Updates-FR-1.png\" class=\"attachment-medium size-medium wp-image-6165\" alt=\"\" \/>\t\t\t\t\t\t\t\t\t\t\t\t\t\t\t<\/div>\n\t\t\t\t<\/div>\n\t\t\t\t<div class=\"elementor-element elementor-element-d68b09b elementor-widget elementor-widget-image\" data-id=\"d68b09b\" data-element_type=\"widget\" data-widget_type=\"image.default\">\n\t\t\t\t<div class=\"elementor-widget-container\">\n\t\t\t\t\t\t\t\t\t\t\t\t\t\t\t<img decoding=\"async\" width=\"300\" height=\"290\" src=\"https:\/\/www.flagshipsoftware.com\/fsweb\/wp-content\/uploads\/2022\/07\/Download-Updates-FR-2.png\" class=\"attachment-medium size-medium wp-image-6166\" alt=\"\" \/>\t\t\t\t\t\t\t\t\t\t\t\t\t\t\t<\/div>\n\t\t\t\t<\/div>\n\t\t\t\t<div class=\"elementor-element elementor-element-2f997bf elementor-widget elementor-widget-text-editor\" data-id=\"2f997bf\" data-element_type=\"widget\" data-widget_type=\"text-editor.default\">\n\t\t\t\t<div class=\"elementor-widget-container\">\n\t\t\t\t\t\t\t\t\t<p>Une fois le t\u00e9l\u00e9chargement termin\u00e9, iAddress\u2122 sera ferm\u00e9 pour terminer la mise \u00e0 jour. Vous serez invit\u00e9 \u00e0 enregistrer tout travail non enregistr\u00e9.<\/p><p>Noter:<\/p><p>La d\u00e9compression des fichiers de donn\u00e9es peut prendre quelques minutes. Une fois la mise \u00e0 jour termin\u00e9e, iAddress\u2122 sera red\u00e9marr\u00e9.<\/p><p>Pour votre commodit\u00e9, voici le lien de t\u00e9l\u00e9chargement \u00e0 partir duquel t\u00e9l\u00e9charger le logiciel iAddress\u2122: Liens de t\u00e9l\u00e9chargement<\/p>\t\t\t\t\t\t\t\t<\/div>\n\t\t\t\t<\/div>\n\t\t\t\t\t<\/div>\n\t\t<\/div>\n\t\t\t\t\t<\/div>\n\t\t<\/section>\n\t\t\t\t<\/div>\n\t\t","protected":false},"excerpt":{"rendered":"<p>T\u00e9l\u00e9charger les mises \u00e0 jour L&#8217;enregistrement est termin\u00e9 avec succ\u00e8s, vous pouvez t\u00e9l\u00e9charger les derni\u00e8res bases de donn\u00e9es en choisissant &#8220;T\u00e9l\u00e9charger les mises \u00e0 jour&#8221; dans le menu &#8220;Outils&#8221;. Dans la fen\u00eatre &#8220;T\u00e9l\u00e9charger les mises \u00e0 jour&#8221;, cliquez sur &#8220;T\u00e9l\u00e9charger&#8221;. La fen\u00eatre &#8220;Fichiers de donn\u00e9es disponibles&#8221; appara\u00eetra. S\u00e9lectionnez \u00ab\u00a0T\u00e9l\u00e9charger les mises \u00e0 jour uniquement\u00a0\u00bb pour [&hellip;]<\/p>\n","protected":false},"author":2,"featured_media":0,"parent":0,"menu_order":0,"comment_status":"closed","ping_status":"closed","template":"elementor_header_footer","meta":{"site-sidebar-layout":"no-sidebar","site-content-layout":"page-builder","ast-site-content-layout":"default","site-content-style":"default","site-sidebar-style":"default","ast-global-header-display":"","ast-banner-title-visibility":"","ast-main-header-display":"","ast-hfb-above-header-display":"","ast-hfb-below-header-display":"","ast-hfb-mobile-header-display":"","site-post-title":"disabled","ast-breadcrumbs-content":"","ast-featured-img":"disabled","footer-sml-layout":"","ast-disable-related-posts":"","theme-transparent-header-meta":"","adv-header-id-meta":"","stick-header-meta":"","header-above-stick-meta":"","header-main-stick-meta":"","header-below-stick-meta":"","astra-migrate-meta-layouts":"default","ast-page-background-enabled":"default","ast-page-background-meta":{"desktop":{"background-color":"","background-image":"","background-repeat":"repeat","background-position":"center center","background-size":"auto","background-attachment":"scroll","background-type":"","background-media":"","overlay-type":"","overlay-color":"","overlay-opacity":"","overlay-gradient":""},"tablet":{"background-color":"","background-image":"","background-repeat":"repeat","background-position":"center center","background-size":"auto","background-attachment":"scroll","background-type":"","background-media":"","overlay-type":"","overlay-color":"","overlay-opacity":"","overlay-gradient":""},"mobile":{"background-color":"","background-image":"","background-repeat":"repeat","background-position":"center center","background-size":"auto","background-attachment":"scroll","background-type":"","background-media":"","overlay-type":"","overlay-color":"","overlay-opacity":"","overlay-gradient":""}},"ast-content-background-meta":{"desktop":{"background-color":"var(--ast-global-color-5)","background-image":"","background-repeat":"repeat","background-position":"center center","background-size":"auto","background-attachment":"scroll","background-type":"","background-media":"","overlay-type":"","overlay-color":"","overlay-opacity":"","overlay-gradient":""},"tablet":{"background-color":"var(--ast-global-color-5)","background-image":"","background-repeat":"repeat","background-position":"center center","background-size":"auto","background-attachment":"scroll","background-type":"","background-media":"","overlay-type":"","overlay-color":"","overlay-opacity":"","overlay-gradient":""},"mobile":{"background-color":"var(--ast-global-color-5)","background-image":"","background-repeat":"repeat","background-position":"center center","background-size":"auto","background-attachment":"scroll","background-type":"","background-media":"","overlay-type":"","overlay-color":"","overlay-opacity":"","overlay-gradient":""}},"footnotes":""},"class_list":["post-6162","page","type-page","status-publish","hentry"],"_links":{"self":[{"href":"https:\/\/www.flagshipsoftware.com\/fsweb\/wp-json\/wp\/v2\/pages\/6162","targetHints":{"allow":["GET"]}}],"collection":[{"href":"https:\/\/www.flagshipsoftware.com\/fsweb\/wp-json\/wp\/v2\/pages"}],"about":[{"href":"https:\/\/www.flagshipsoftware.com\/fsweb\/wp-json\/wp\/v2\/types\/page"}],"author":[{"embeddable":true,"href":"https:\/\/www.flagshipsoftware.com\/fsweb\/wp-json\/wp\/v2\/users\/2"}],"replies":[{"embeddable":true,"href":"https:\/\/www.flagshipsoftware.com\/fsweb\/wp-json\/wp\/v2\/comments?post=6162"}],"version-history":[{"count":7,"href":"https:\/\/www.flagshipsoftware.com\/fsweb\/wp-json\/wp\/v2\/pages\/6162\/revisions"}],"predecessor-version":[{"id":6173,"href":"https:\/\/www.flagshipsoftware.com\/fsweb\/wp-json\/wp\/v2\/pages\/6162\/revisions\/6173"}],"wp:attachment":[{"href":"https:\/\/www.flagshipsoftware.com\/fsweb\/wp-json\/wp\/v2\/media?parent=6162"}],"curies":[{"name":"wp","href":"https:\/\/api.w.org\/{rel}","templated":true}]}}