{"id":6178,"date":"2022-07-14T13:22:42","date_gmt":"2022-07-14T17:22:42","guid":{"rendered":"http:\/\/lobster.f\/fsweb\/?page_id=6178"},"modified":"2026-02-27T14:48:09","modified_gmt":"2026-02-27T19:48:09","slug":"telechargements","status":"publish","type":"page","link":"https:\/\/www.flagshipsoftware.com\/fsweb\/fr\/telechargements\/","title":{"rendered":"T\u00e9l\u00e9chargements"},"content":{"rendered":"\t\t<div data-elementor-type=\"wp-page\" data-elementor-id=\"6178\" class=\"elementor elementor-6178\" data-elementor-post-type=\"page\">\n\t\t\t\t\t\t<section class=\"elementor-section elementor-top-section elementor-element elementor-element-56b035b8 elementor-section-boxed elementor-section-height-default elementor-section-height-default\" data-id=\"56b035b8\" data-element_type=\"section\" data-e-type=\"section\" data-settings=\"{&quot;background_background&quot;:&quot;classic&quot;}\">\n\t\t\t\t\t\t\t<div class=\"elementor-background-overlay\"><\/div>\n\t\t\t\t\t\t\t<div class=\"elementor-container elementor-column-gap-default\">\n\t\t\t\t\t<div class=\"elementor-column elementor-col-100 elementor-top-column elementor-element elementor-element-f1c019d\" data-id=\"f1c019d\" data-element_type=\"column\" data-e-type=\"column\">\n\t\t\t<div class=\"elementor-widget-wrap elementor-element-populated\">\n\t\t\t\t\t\t<div class=\"elementor-element elementor-element-5cd297c9 elementor-widget elementor-widget-heading\" data-id=\"5cd297c9\" data-element_type=\"widget\" data-e-type=\"widget\" data-widget_type=\"heading.default\">\n\t\t\t\t<div class=\"elementor-widget-container\">\n\t\t\t\t\t<h1 class=\"elementor-heading-title elementor-size-default\">Liens de t\u00e9l\u00e9chargement<\/h1>\t\t\t\t<\/div>\n\t\t\t\t<\/div>\n\t\t\t\t\t<\/div>\n\t\t<\/div>\n\t\t\t\t\t<\/div>\n\t\t<\/section>\n\t\t\t\t<section class=\"elementor-section elementor-top-section elementor-element elementor-element-2152a22d elementor-section-boxed elementor-section-height-default elementor-section-height-default\" data-id=\"2152a22d\" data-element_type=\"section\" data-e-type=\"section\">\n\t\t\t\t\t\t<div class=\"elementor-container elementor-column-gap-default\">\n\t\t\t\t\t<div class=\"elementor-column elementor-col-100 elementor-top-column elementor-element elementor-element-5f12a909\" data-id=\"5f12a909\" data-element_type=\"column\" data-e-type=\"column\">\n\t\t\t<div class=\"elementor-widget-wrap elementor-element-populated\">\n\t\t\t\t\t\t<div class=\"elementor-element elementor-element-05bfe32 elementor-widget elementor-widget-spacer\" data-id=\"05bfe32\" data-element_type=\"widget\" data-e-type=\"widget\" data-widget_type=\"spacer.default\">\n\t\t\t\t<div class=\"elementor-widget-container\">\n\t\t\t\t\t\t\t<div class=\"elementor-spacer\">\n\t\t\t<div class=\"elementor-spacer-inner\"><\/div>\n\t\t<\/div>\n\t\t\t\t\t\t<\/div>\n\t\t\t\t<\/div>\n\t\t\t\t<div class=\"elementor-element elementor-element-84ac4c6 elementor-widget elementor-widget-heading\" data-id=\"84ac4c6\" data-element_type=\"widget\" data-e-type=\"widget\" data-widget_type=\"heading.default\">\n\t\t\t\t<div class=\"elementor-widget-container\">\n\t\t\t\t\t<h2 class=\"elementor-heading-title elementor-size-default\">Accord de licence et garantie limit\u00e9e du produit Flagship Software Ltd.<\/h2>\t\t\t\t<\/div>\n\t\t\t\t<\/div>\n\t\t\t\t<div class=\"elementor-element elementor-element-38bd3e9d elementor-widget elementor-widget-text-editor\" data-id=\"38bd3e9d\" data-element_type=\"widget\" data-e-type=\"widget\" data-widget_type=\"text-editor.default\">\n\t\t\t\t<div class=\"elementor-widget-container\">\n\t\t\t\t\t\t\t\t\t<p style=\"text-align: left;\">\u00a0<\/p><h3 style=\"text-align: center;\">\u00a0<\/h3><p style=\"text-align: center;\"><strong><style>\na {\n    text-decoration: none;\n    color: #464feb;\n}\ntr th, tr td {\n    border: 1px solid #e6e6e6;\n}\ntr th {\n    background-color: #f5f5f5;\n}\n<\/style><\/strong><\/p><div><p><strong>Veuillez lire attentivement les modalit\u00e9s suivantes. En installant ce logiciel, vous indiquez que vous acceptez ces modalit\u00e9s. Si vous n\u2019acceptez pas ces modalit\u00e9s, vous ne pouvez pas installer ni utiliser ce logiciel.<\/strong><\/p><p>Il s\u2019agit d\u2019une entente l\u00e9gale entre l\u2019utilisateur final (\u00ab\u202fvous\u202f\u00bb) et Flagship Software Ltd. (\u00ab\u202fFlagship\u202f\u00bb). La pr\u00e9sente entente fait partie d\u2019un ensemble (le \u00ab\u202fPaquet\u202f\u00bb) comprenant, selon le cas, les fichiers ex\u00e9cutables (le \u00ab\u202fLogiciel\u202f\u00bb) fournis et certains documents \u00e9crits (la \u00ab\u202fDocumentation\u202f\u00bb). Tout correctif, mise \u00e0 jour, mise \u00e0 niveau, modification ou autre am\u00e9lioration fournie par Flagship relativement au Logiciel ou \u00e0 la Documentation dans le cadre du Paquet sera compris dans la signification de ces termes pour les fins de la pr\u00e9sente entente, sauf indication expresse au contraire ci-dessous.<\/p><p>Le Logiciel et la Documentation, incluant le code, l\u2019apparence, la structure et l\u2019organisation, sont des produits exclusifs \u00e0 Flagship et sont prot\u00e9g\u00e9s par les lois sur le droit d\u2019auteur et d\u2019autres lois. Le titre de propri\u00e9t\u00e9 du Logiciel et de la Documentation, ou de toute copie, modification ou partie int\u00e9gr\u00e9e du Logiciel, demeure en tout temps la propri\u00e9t\u00e9 de Flagship.<\/p><p>Le Logiciel peut contenir des donn\u00e9es reproduites sous licence de Postes Canada. Le cas \u00e9ch\u00e9ant, le ou les fichiers de Postes Canada d\u2019o\u00f9 proviennent ces donn\u00e9es sont indiqu\u00e9s sur l\u2019\u00e9cran principal du logiciel.<\/p><p>Le Logiciel peut contenir des donn\u00e9es reproduites sous licence du United States Postal Service ou d\u2019autres parties.<\/p><hr \/><h3><strong>LICENCE LIMIT\u00c9E :<\/strong><\/h3><p>Vous \u00eates autoris\u00e9 \u00e0 installer et \u00e0 utiliser ce Logiciel pour les besoins de votre entreprise, mais vous ne pouvez pas vendre ni transf\u00e9rer des copies du Logiciel ou de la Documentation \u00e0 des tiers, de quelque mani\u00e8re que ce soit. Vous pouvez installer et utiliser une copie du Logiciel sur un seul ordinateur. Le Logiciel peut \u00eatre transf\u00e9r\u00e9 et utilis\u00e9 sur un autre ordinateur au m\u00eame emplacement, \u00e0 condition qu\u2019il soit d\u00e9sinstall\u00e9 de l\u2019ordinateur d\u2019origine.<\/p><hr \/><h3><strong>RESTRICTIONS :<\/strong><\/h3><p>Vous ne pouvez pas provoquer ni permettre la divulgation, la copie, la location, la concession de licence, la sous\u2011licence, la location \u00e0 bail, la diffusion ou toute autre forme de distribution du Logiciel ou de la Documentation par quelque moyen ou sous quelque forme que ce soit sans le consentement \u00e9crit pr\u00e9alable de Flagship. Vous ne pouvez pas modifier, am\u00e9liorer, compl\u00e9ter, cr\u00e9er une \u0153uvre d\u00e9riv\u00e9e, adapter, traduire, r\u00e9tro\u2011concevoir, d\u00e9compiler, d\u00e9sassembler ou autrement r\u00e9duire le Logiciel \u00e0 une forme lisible par un humain, sauf dans la mesure o\u00f9 une telle restriction est express\u00e9ment interdite par les lois applicables.<\/p><hr \/><h3><strong>GARANTIE LIMIT\u00c9E :<\/strong><\/h3><p>Flagship garantit que le Logiciel ex\u00e9cutera essentiellement les fonctions ou se conformera g\u00e9n\u00e9ralement aux sp\u00e9cifications du Logiciel publi\u00e9es par Flagship et incluses dans le pr\u00e9sent Paquet, dans des conditions normales d\u2019utilisation, pour une p\u00e9riode de quatre\u2011vingt\u2011dix (90) jours \u00e0 compter de la date de livraison.<\/p><p>Si Flagship fournit le Logiciel sur disque ou DVD, Flagship garantit que celui\u2011ci sera exempt de d\u00e9fauts mat\u00e9riels ou de fabrication dans des conditions normales d\u2019utilisation, pour une p\u00e9riode de quatre\u2011vingt\u2011dix (90) jours \u00e0 compter de la date de livraison.<\/p><p>Flagship ne garantit pas que les fonctions contenues dans le Logiciel r\u00e9pondront \u00e0 vos exigences ni que le fonctionnement du Logiciel sera enti\u00e8rement exempt d\u2019erreurs ou appara\u00eetra exactement tel que d\u00e9crit dans la Documentation.<\/p><hr \/><h3><strong>LIMITATION DES RECOURS ET DE LA RESPONSABILIT\u00c9 :<\/strong><\/h3><p>Dans la mesure maximale permise par les lois applicables, et sauf disposition expresse de la pr\u00e9sente licence, le Logiciel est fourni et conc\u00e9d\u00e9 sous licence \u00ab\u202ftel quel\u202f\u00bb, sans garantie de quelque nature que ce soit, expresse ou implicite, y compris, mais sans s\u2019y limiter, les garanties implicites de qualit\u00e9 marchande et d\u2019adaptation \u00e0 un usage particulier.<\/p><p>La responsabilit\u00e9 totale de Flagship et votre recours exclusif en cas de violation de cette garantie limit\u00e9e se limiteront au remplacement du Logiciel, sans frais, dans les quatre\u2011vingt\u2011dix (90) jours suivant la r\u00e9ception de votre rapport, par une version corrig\u00e9e du Logiciel.<\/p><p>Dans la mesure maximale permise par les lois applicables, Flagship ne pourra \u00eatre tenue responsable de dommages sp\u00e9ciaux, accessoires, cons\u00e9cutifs, exemplaires ou autres dommages indirects, m\u00eame si Flagship a \u00e9t\u00e9 avis\u00e9e ou est consciente de la possibilit\u00e9 de tels dommages. En aucun cas la responsabilit\u00e9 de Flagship ne pourra d\u00e9passer le prix d\u2019achat du Paquet.<\/p><hr \/><h3><strong>DISPOSITIONS G\u00c9N\u00c9RALES :<\/strong><\/h3><p>La pr\u00e9sente entente constitue l\u2019int\u00e9gralit\u00e9 de l\u2019accord entre Flagship et vous relativement \u00e0 l\u2019objet des pr\u00e9sentes. Toute modification \u00e0 cette entente doit \u00eatre faite par \u00e9crit et sign\u00e9e par Flagship et vous. Les modalit\u00e9s de tout bon de commande qui diff\u00e8rent, entrent en conflit ou ne figurent pas dans la pr\u00e9sente entente ne feront pas partie de celle-ci, sauf acceptation expresse par \u00e9crit de Flagship.<\/p><p>La pr\u00e9sente entente est r\u00e9gie par les lois de la province de l\u2019Ontario, Canada, et tout arbitrage pr\u00e9vu aux pr\u00e9sentes sera r\u00e9gi par ces lois.<\/p><p>Nonobstant toute disposition contraire ci-dessus, Flagship se r\u00e9serve le droit d\u2019engager des proc\u00e9dures judiciaires \u00e0 votre encontre, ou contre toute personne agissant par votre entremise ou en votre nom, afin de faire valoir ses droits aux pr\u00e9sentes par voie de r\u00e9forme de contrat, ex\u00e9cution en nature, injonction ou tout autre recours \u00e9quitable similaire. Aux fins du pr\u00e9sent paragraphe, les deux parties se soumettent \u00e0 la juridiction des tribunaux de la province de l\u2019Ontario, Canada, et renoncent \u00e0 toute objection relative au lieu de ces tribunaux.<\/p><\/div><p style=\"text-align: center;\"><strong>\u00a9 2026 Flagship Software Ltd., Aurora, ON Canada<\/strong><\/p>\t\t\t\t\t\t\t\t<\/div>\n\t\t\t\t<\/div>\n\t\t\t\t<div class=\"elementor-element elementor-element-e403b9c elementor-widget elementor-widget-heading\" data-id=\"e403b9c\" data-element_type=\"widget\" data-e-type=\"widget\" data-widget_type=\"heading.default\">\n\t\t\t\t<div class=\"elementor-widget-container\">\n\t\t\t\t\t<h6 class=\"elementor-heading-title elementor-size-default\">***Un num\u00e9ro de s\u00e9rie V5 valide est requis pour activer iAddress\u2122. Veuillez contacter admin@flaghipsoftware.com ou sales@flagshipsoftware.com pour plus d'informations.<\/h6>\t\t\t\t<\/div>\n\t\t\t\t<\/div>\n\t\t\t\t<div class=\"elementor-element elementor-element-6edf848 elementor-align-center elementor-widget elementor-widget-button\" data-id=\"6edf848\" data-element_type=\"widget\" data-e-type=\"widget\" data-widget_type=\"button.default\">\n\t\t\t\t<div class=\"elementor-widget-container\">\n\t\t\t\t\t\t\t\t\t<div class=\"elementor-button-wrapper\">\n\t\t\t\t\t<a class=\"elementor-button elementor-button-link elementor-size-sm\" href=\"https:\/\/www.flagshipsoftware.com\/download\/iAddressV5Setup.zip\">\n\t\t\t\t\t\t<span class=\"elementor-button-content-wrapper\">\n\t\t\t\t\t\t\t\t\t<span class=\"elementor-button-text\">Installation d'iAddress V5\u2122<\/span>\n\t\t\t\t\t<\/span>\n\t\t\t\t\t<\/a>\n\t\t\t\t<\/div>\n\t\t\t\t\t\t\t\t<\/div>\n\t\t\t\t<\/div>\n\t\t\t\t<div class=\"elementor-element elementor-element-b6df326 elementor-align-center elementor-widget elementor-widget-button\" data-id=\"b6df326\" data-element_type=\"widget\" data-e-type=\"widget\" data-widget_type=\"button.default\">\n\t\t\t\t<div class=\"elementor-widget-container\">\n\t\t\t\t\t\t\t\t\t<div class=\"elementor-button-wrapper\">\n\t\t\t\t\t<a class=\"elementor-button elementor-button-link elementor-size-sm\" href=\"http:\/\/www.flagshipsoftware.com\/download\/IE212.zip\">\n\t\t\t\t\t\t<span class=\"elementor-button-content-wrapper\">\n\t\t\t\t\t\t\t\t\t<span class=\"elementor-button-text\">Installation d'iEnvelope PRO<\/span>\n\t\t\t\t\t<\/span>\n\t\t\t\t\t<\/a>\n\t\t\t\t<\/div>\n\t\t\t\t\t\t\t\t<\/div>\n\t\t\t\t<\/div>\n\t\t\t\t\t<\/div>\n\t\t<\/div>\n\t\t\t\t\t<\/div>\n\t\t<\/section>\n\t\t\t\t<\/div>\n\t\t","protected":false},"excerpt":{"rendered":"<p>Liens de t\u00e9l\u00e9chargement Accord de licence et garantie limit\u00e9e du produit Flagship Software Ltd. \u00a0 \u00a0 Veuillez lire attentivement les modalit\u00e9s suivantes. En installant ce logiciel, vous indiquez que vous acceptez ces modalit\u00e9s. Si vous n\u2019acceptez pas ces modalit\u00e9s, vous ne pouvez pas installer ni utiliser ce logiciel. Il s\u2019agit d\u2019une entente l\u00e9gale entre l\u2019utilisateur [&hellip;]<\/p>\n","protected":false},"author":2,"featured_media":0,"parent":0,"menu_order":0,"comment_status":"closed","ping_status":"closed","template":"elementor_header_footer","meta":{"site-sidebar-layout":"no-sidebar","site-content-layout":"page-builder","ast-site-content-layout":"default","site-content-style":"default","site-sidebar-style":"default","ast-global-header-display":"","ast-banner-title-visibility":"","ast-main-header-display":"","ast-hfb-above-header-display":"","ast-hfb-below-header-display":"","ast-hfb-mobile-header-display":"","site-post-title":"disabled","ast-breadcrumbs-content":"","ast-featured-img":"disabled","footer-sml-layout":"","ast-disable-related-posts":"","theme-transparent-header-meta":"default","adv-header-id-meta":"","stick-header-meta":"","header-above-stick-meta":"","header-main-stick-meta":"","header-below-stick-meta":"","astra-migrate-meta-layouts":"default","ast-page-background-enabled":"default","ast-page-background-meta":{"desktop":{"background-color":"","background-image":"","background-repeat":"repeat","background-position":"center center","background-size":"auto","background-attachment":"scroll","background-type":"","background-media":"","overlay-type":"","overlay-color":"","overlay-opacity":"","overlay-gradient":""},"tablet":{"background-color":"","background-image":"","background-repeat":"repeat","background-position":"center center","background-size":"auto","background-attachment":"scroll","background-type":"","background-media":"","overlay-type":"","overlay-color":"","overlay-opacity":"","overlay-gradient":""},"mobile":{"background-color":"","background-image":"","background-repeat":"repeat","background-position":"center center","background-size":"auto","background-attachment":"scroll","background-type":"","background-media":"","overlay-type":"","overlay-color":"","overlay-opacity":"","overlay-gradient":""}},"ast-content-background-meta":{"desktop":{"background-color":"var(--ast-global-color-5)","background-image":"","background-repeat":"repeat","background-position":"center center","background-size":"auto","background-attachment":"scroll","background-type":"","background-media":"","overlay-type":"","overlay-color":"","overlay-opacity":"","overlay-gradient":""},"tablet":{"background-color":"var(--ast-global-color-5)","background-image":"","background-repeat":"repeat","background-position":"center center","background-size":"auto","background-attachment":"scroll","background-type":"","background-media":"","overlay-type":"","overlay-color":"","overlay-opacity":"","overlay-gradient":""},"mobile":{"background-color":"var(--ast-global-color-5)","background-image":"","background-repeat":"repeat","background-position":"center center","background-size":"auto","background-attachment":"scroll","background-type":"","background-media":"","overlay-type":"","overlay-color":"","overlay-opacity":"","overlay-gradient":""}},"footnotes":""},"class_list":["post-6178","page","type-page","status-publish","hentry"],"_links":{"self":[{"href":"https:\/\/www.flagshipsoftware.com\/fsweb\/wp-json\/wp\/v2\/pages\/6178","targetHints":{"allow":["GET"]}}],"collection":[{"href":"https:\/\/www.flagshipsoftware.com\/fsweb\/wp-json\/wp\/v2\/pages"}],"about":[{"href":"https:\/\/www.flagshipsoftware.com\/fsweb\/wp-json\/wp\/v2\/types\/page"}],"author":[{"embeddable":true,"href":"https:\/\/www.flagshipsoftware.com\/fsweb\/wp-json\/wp\/v2\/users\/2"}],"replies":[{"embeddable":true,"href":"https:\/\/www.flagshipsoftware.com\/fsweb\/wp-json\/wp\/v2\/comments?post=6178"}],"version-history":[{"count":35,"href":"https:\/\/www.flagshipsoftware.com\/fsweb\/wp-json\/wp\/v2\/pages\/6178\/revisions"}],"predecessor-version":[{"id":8410,"href":"https:\/\/www.flagshipsoftware.com\/fsweb\/wp-json\/wp\/v2\/pages\/6178\/revisions\/8410"}],"wp:attachment":[{"href":"https:\/\/www.flagshipsoftware.com\/fsweb\/wp-json\/wp\/v2\/media?parent=6178"}],"curies":[{"name":"wp","href":"https:\/\/api.w.org\/{rel}","templated":true}]}}