{"id":6227,"date":"2022-07-15T14:30:04","date_gmt":"2022-07-15T18:30:04","guid":{"rendered":"http:\/\/lobster.f\/fsweb\/?page_id=6227"},"modified":"2022-07-15T14:36:22","modified_gmt":"2022-07-15T18:36:22","slug":"impression-windows","status":"publish","type":"page","link":"https:\/\/www.flagshipsoftware.com\/fsweb\/fr\/impression-windows\/","title":{"rendered":"Impression Windows"},"content":{"rendered":"\t\t<div data-elementor-type=\"wp-page\" data-elementor-id=\"6227\" class=\"elementor elementor-6227\" data-elementor-post-type=\"page\">\n\t\t\t\t\t\t<section class=\"elementor-section elementor-top-section elementor-element elementor-element-c82972d elementor-section-boxed elementor-section-height-default elementor-section-height-default\" data-id=\"c82972d\" data-element_type=\"section\" data-e-type=\"section\" data-settings=\"{&quot;shape_divider_top&quot;:&quot;opacity-fan&quot;}\">\n\t\t\t\t\t<div class=\"elementor-shape elementor-shape-top\" aria-hidden=\"true\" data-negative=\"false\">\n\t\t\t<svg xmlns=\"http:\/\/www.w3.org\/2000\/svg\" viewBox=\"0 0 283.5 19.6\" preserveAspectRatio=\"none\">\n\t<path class=\"elementor-shape-fill\" style=\"opacity:0.33\" d=\"M0 0L0 18.8 141.8 4.1 283.5 18.8 283.5 0z\"\/>\n\t<path class=\"elementor-shape-fill\" style=\"opacity:0.33\" d=\"M0 0L0 12.6 141.8 4 283.5 12.6 283.5 0z\"\/>\n\t<path class=\"elementor-shape-fill\" style=\"opacity:0.33\" d=\"M0 0L0 6.4 141.8 4 283.5 6.4 283.5 0z\"\/>\n\t<path class=\"elementor-shape-fill\" d=\"M0 0L0 1.2 141.8 4 283.5 1.2 283.5 0z\"\/>\n<\/svg>\t\t<\/div>\n\t\t\t\t\t<div class=\"elementor-container elementor-column-gap-default\">\n\t\t\t\t\t<div class=\"elementor-column elementor-col-100 elementor-top-column elementor-element elementor-element-047bdf7\" data-id=\"047bdf7\" data-element_type=\"column\" data-e-type=\"column\">\n\t\t\t<div class=\"elementor-widget-wrap elementor-element-populated\">\n\t\t\t\t\t\t<div class=\"elementor-element elementor-element-b3ada2c elementor-widget elementor-widget-spacer\" data-id=\"b3ada2c\" data-element_type=\"widget\" data-e-type=\"widget\" data-widget_type=\"spacer.default\">\n\t\t\t\t<div class=\"elementor-widget-container\">\n\t\t\t\t\t\t\t<div class=\"elementor-spacer\">\n\t\t\t<div class=\"elementor-spacer-inner\"><\/div>\n\t\t<\/div>\n\t\t\t\t\t\t<\/div>\n\t\t\t\t<\/div>\n\t\t\t\t<div class=\"elementor-element elementor-element-b28339f elementor-widget elementor-widget-heading\" data-id=\"b28339f\" data-element_type=\"widget\" data-e-type=\"widget\" data-widget_type=\"heading.default\">\n\t\t\t\t<div class=\"elementor-widget-container\">\n\t\t\t\t\t<h1 class=\"elementor-heading-title elementor-size-default\">Impression Windows<\/h1>\t\t\t\t<\/div>\n\t\t\t\t<\/div>\n\t\t\t\t<div class=\"elementor-element elementor-element-1cade8a elementor-widget elementor-widget-spacer\" data-id=\"1cade8a\" data-element_type=\"widget\" data-e-type=\"widget\" data-widget_type=\"spacer.default\">\n\t\t\t\t<div class=\"elementor-widget-container\">\n\t\t\t\t\t\t\t<div class=\"elementor-spacer\">\n\t\t\t<div class=\"elementor-spacer-inner\"><\/div>\n\t\t<\/div>\n\t\t\t\t\t\t<\/div>\n\t\t\t\t<\/div>\n\t\t\t\t\t<\/div>\n\t\t<\/div>\n\t\t\t\t\t<\/div>\n\t\t<\/section>\n\t\t\t\t<section class=\"elementor-section elementor-top-section elementor-element elementor-element-e9acae4 elementor-section-boxed elementor-section-height-default elementor-section-height-default\" data-id=\"e9acae4\" data-element_type=\"section\" data-e-type=\"section\">\n\t\t\t\t\t\t<div class=\"elementor-container elementor-column-gap-default\">\n\t\t\t\t\t<div class=\"elementor-column elementor-col-50 elementor-top-column elementor-element elementor-element-338e57b\" data-id=\"338e57b\" data-element_type=\"column\" data-e-type=\"column\">\n\t\t\t<div class=\"elementor-widget-wrap elementor-element-populated\">\n\t\t\t\t\t\t<div class=\"elementor-element elementor-element-a8f9f45 elementor-widget elementor-widget-text-editor\" data-id=\"a8f9f45\" data-element_type=\"widget\" data-e-type=\"widget\" data-widget_type=\"text-editor.default\">\n\t\t\t\t<div class=\"elementor-widget-container\">\n\t\t\t\t\t\t\t\t\t<p>L&#8217;option d&#8217;impression de Windows vous permet de concevoir et d&#8217;imprimer des \u00e9tiquettes d&#8217;adresse \u00e0 l&#8217;aide des mod\u00e8les d&#8217;\u00e9tiquettes Avery Denison\u00a9. S\u00e9lectionnez Impression Windows dans le menu Imprimer.<\/p><p>Les zones de texte, les indices et les graphiques doivent \u00eatre dimensionn\u00e9s sur l&#8217;onglet appropri\u00e9. Les coordonn\u00e9es saisies sur chaque onglet d\u00e9terminent leur position. Vous pouvez voir une page d&#8217;\u00e9tiquettes ou voir une \u00e9tiquette individuelle en cliquant sur l&#8217;onglet Une \u00e9tiquette.<\/p><p>Une zone de texte (Text1) contenant les informations d&#8217;adresse de votre travail sera automatiquement produite. Text2 contiendra les informations Bag\/Bun si vous avez ex\u00e9cut\u00e9 un tri. Vous pouvez ajouter jusqu&#8217;\u00e0 trois zones de texte suppl\u00e9mentaires pouvant contenir des champs de votre base de donn\u00e9es ou du texte que vous saisissez.<\/p><p>Ajout d&#8217;un indice<\/p><p>Pour ajouter un indice \u00e0 votre \u00e9tiquette, cliquez sur l&#8217;onglet Indice. S\u00e9lectionnez le type d&#8217;envoi dans le menu d\u00e9roulant. Entrez le num\u00e9ro de client, la taille et la position si n\u00e9cessaire.<\/p><p>Ajout d&#8217;un graphique<\/p><p>Si vous souhaitez ajouter un graphique \u00e0 votre \u00e9tiquette, cliquez sur l&#8217;onglet Image. Cliquez sur l&#8217;onglet Ins\u00e9rer une image et naviguez jusqu&#8217;\u00e0 ce que vous trouviez votre fichier. Entrez la taille et la position du graphique \u00e0 l&#8217;endroit indiqu\u00e9.<\/p>\t\t\t\t\t\t\t\t<\/div>\n\t\t\t\t<\/div>\n\t\t\t\t\t<\/div>\n\t\t<\/div>\n\t\t\t\t<div class=\"elementor-column elementor-col-50 elementor-top-column elementor-element elementor-element-42e3513\" data-id=\"42e3513\" data-element_type=\"column\" data-e-type=\"column\">\n\t\t\t<div class=\"elementor-widget-wrap elementor-element-populated\">\n\t\t\t\t\t\t<div class=\"elementor-element elementor-element-31dfd92 elementor-widget elementor-widget-image\" data-id=\"31dfd92\" data-element_type=\"widget\" data-e-type=\"widget\" data-widget_type=\"image.default\">\n\t\t\t\t<div class=\"elementor-widget-container\">\n\t\t\t\t\t\t\t\t\t\t\t\t\t\t\t<img fetchpriority=\"high\" decoding=\"async\" width=\"742\" height=\"489\" src=\"https:\/\/www.flagshipsoftware.com\/fsweb\/wp-content\/uploads\/2022\/07\/Windows-Print-FR-1-1.png\" class=\"attachment-large size-large wp-image-6229\" alt=\"\" \/>\t\t\t\t\t\t\t\t\t\t\t\t\t\t\t<\/div>\n\t\t\t\t<\/div>\n\t\t\t\t<div class=\"elementor-element elementor-element-94a0ee0 elementor-widget elementor-widget-image\" data-id=\"94a0ee0\" data-element_type=\"widget\" data-e-type=\"widget\" data-widget_type=\"image.default\">\n\t\t\t\t<div class=\"elementor-widget-container\">\n\t\t\t\t\t\t\t\t\t\t\t\t\t\t\t<img decoding=\"async\" width=\"1024\" height=\"772\" src=\"https:\/\/www.flagshipsoftware.com\/fsweb\/wp-content\/uploads\/2022\/07\/Windows-Print-FR-2-1.png\" class=\"attachment-large size-large wp-image-6230\" alt=\"\" \/>\t\t\t\t\t\t\t\t\t\t\t\t\t\t\t<\/div>\n\t\t\t\t<\/div>\n\t\t\t\t\t<\/div>\n\t\t<\/div>\n\t\t\t\t\t<\/div>\n\t\t<\/section>\n\t\t\t\t<\/div>\n\t\t","protected":false},"excerpt":{"rendered":"<p>Impression Windows L&#8217;option d&#8217;impression de Windows vous permet de concevoir et d&#8217;imprimer des \u00e9tiquettes d&#8217;adresse \u00e0 l&#8217;aide des mod\u00e8les d&#8217;\u00e9tiquettes Avery Denison\u00a9. S\u00e9lectionnez Impression Windows dans le menu Imprimer. Les zones de texte, les indices et les graphiques doivent \u00eatre dimensionn\u00e9s sur l&#8217;onglet appropri\u00e9. Les coordonn\u00e9es saisies sur chaque onglet d\u00e9terminent leur position. Vous pouvez [&hellip;]<\/p>\n","protected":false},"author":2,"featured_media":0,"parent":0,"menu_order":0,"comment_status":"closed","ping_status":"closed","template":"elementor_header_footer","meta":{"site-sidebar-layout":"no-sidebar","site-content-layout":"page-builder","ast-site-content-layout":"default","site-content-style":"default","site-sidebar-style":"default","ast-global-header-display":"","ast-banner-title-visibility":"","ast-main-header-display":"","ast-hfb-above-header-display":"","ast-hfb-below-header-display":"","ast-hfb-mobile-header-display":"","site-post-title":"disabled","ast-breadcrumbs-content":"","ast-featured-img":"disabled","footer-sml-layout":"","ast-disable-related-posts":"","theme-transparent-header-meta":"","adv-header-id-meta":"","stick-header-meta":"","header-above-stick-meta":"","header-main-stick-meta":"","header-below-stick-meta":"","astra-migrate-meta-layouts":"default","ast-page-background-enabled":"default","ast-page-background-meta":{"desktop":{"background-color":"","background-image":"","background-repeat":"repeat","background-position":"center center","background-size":"auto","background-attachment":"scroll","background-type":"","background-media":"","overlay-type":"","overlay-color":"","overlay-opacity":"","overlay-gradient":""},"tablet":{"background-color":"","background-image":"","background-repeat":"repeat","background-position":"center center","background-size":"auto","background-attachment":"scroll","background-type":"","background-media":"","overlay-type":"","overlay-color":"","overlay-opacity":"","overlay-gradient":""},"mobile":{"background-color":"","background-image":"","background-repeat":"repeat","background-position":"center center","background-size":"auto","background-attachment":"scroll","background-type":"","background-media":"","overlay-type":"","overlay-color":"","overlay-opacity":"","overlay-gradient":""}},"ast-content-background-meta":{"desktop":{"background-color":"var(--ast-global-color-5)","background-image":"","background-repeat":"repeat","background-position":"center center","background-size":"auto","background-attachment":"scroll","background-type":"","background-media":"","overlay-type":"","overlay-color":"","overlay-opacity":"","overlay-gradient":""},"tablet":{"background-color":"var(--ast-global-color-5)","background-image":"","background-repeat":"repeat","background-position":"center center","background-size":"auto","background-attachment":"scroll","background-type":"","background-media":"","overlay-type":"","overlay-color":"","overlay-opacity":"","overlay-gradient":""},"mobile":{"background-color":"var(--ast-global-color-5)","background-image":"","background-repeat":"repeat","background-position":"center center","background-size":"auto","background-attachment":"scroll","background-type":"","background-media":"","overlay-type":"","overlay-color":"","overlay-opacity":"","overlay-gradient":""}},"footnotes":""},"class_list":["post-6227","page","type-page","status-publish","hentry"],"_links":{"self":[{"href":"https:\/\/www.flagshipsoftware.com\/fsweb\/wp-json\/wp\/v2\/pages\/6227","targetHints":{"allow":["GET"]}}],"collection":[{"href":"https:\/\/www.flagshipsoftware.com\/fsweb\/wp-json\/wp\/v2\/pages"}],"about":[{"href":"https:\/\/www.flagshipsoftware.com\/fsweb\/wp-json\/wp\/v2\/types\/page"}],"author":[{"embeddable":true,"href":"https:\/\/www.flagshipsoftware.com\/fsweb\/wp-json\/wp\/v2\/users\/2"}],"replies":[{"embeddable":true,"href":"https:\/\/www.flagshipsoftware.com\/fsweb\/wp-json\/wp\/v2\/comments?post=6227"}],"version-history":[{"count":4,"href":"https:\/\/www.flagshipsoftware.com\/fsweb\/wp-json\/wp\/v2\/pages\/6227\/revisions"}],"predecessor-version":[{"id":6234,"href":"https:\/\/www.flagshipsoftware.com\/fsweb\/wp-json\/wp\/v2\/pages\/6227\/revisions\/6234"}],"wp:attachment":[{"href":"https:\/\/www.flagshipsoftware.com\/fsweb\/wp-json\/wp\/v2\/media?parent=6227"}],"curies":[{"name":"wp","href":"https:\/\/api.w.org\/{rel}","templated":true}]}}